{"id":6675,"date":"2022-07-01T02:10:10","date_gmt":"2022-06-30T21:40:10","guid":{"rendered":"https:\/\/mojdeh-food.com\/product\/eefa-hint-pirinci\/"},"modified":"2022-07-01T02:10:10","modified_gmt":"2022-06-30T21:40:10","slug":"eefa-hint-pirinci","status":"publish","type":"product","link":"https:\/\/mojdeh-food.com\/tr\/urun\/eefa-hint-pirinci\/","title":{"rendered":"Eefa Hint pirinci"},"content":{"rendered":"<p>S\u0130LE pirin\u00e7\u00a0 taraftarlar\u0131 ,\u0130FA Hindistan pirincini \u00e7ok iyi tan\u0131yorlar .\u00e7\u00fcnk\u00fc M\u00dcJDE GIDA \u00dcR\u00dcNLER\u0130N\u0130N \u00a0da\u011f\u0131t\u0131m sekt\u00f6r\u00fcndeki di\u011fer markalar gibi piyasaya girdi\u011fi\u00a0 g\u00fcnden beri sabit ve iyi kaliteye sahiptir ve her kes bu \u00fcr\u00fcnden memnun. \u0130FA pirinci e\u015fsiz g\u00f6r\u00fcn\u00fcm\u00fc ve lezzeti ile ,\u00a0 ba\u015f a\u015f\u00e7\u0131lar\u0131n sofralar\u0131n\u0131n nabz\u0131n\u0131 tutup ve\u00a0 donat\u0131yor\u00a0 .bu konunun devam\u0131 olarakta \u0130FA pirincin f\u0131yat\u0131n\u0131 ve\u00a0 nas\u0131l\u00a0 sat\u0131n al\u0131naca\u011f\u0131 sizinle payla\u015faca\u011f\u0131z.<\/p>\n<p>&nbsp;<\/p>\n<p>1121 \u0130FA pirincinin \u00f6zellikleri<\/p>\n<ul>\n<li>1121 \u0130FA pirincinin en \u00f6nde gelen \u00f6zelliklerinden biri m\u00fckemmel olan \u015fekli ve formudur ve bu pirinci pi\u015firdi\u011finiz zaman daha da iyi oluyor .<\/li>\n<li>Bu pirincin kolay pi\u015firilmesi a\u015f\u00e7\u0131lar\u0131n stresini rahatl\u0131kla azalt\u0131yor .<\/li>\n<li>E\u011fer \u0130FA pirincini daha \u00f6nceden pi\u015firdiyseniz ve evinize an\u0131den misafir geldiyse bu konuyu asla kafan\u0131za takmay\u0131n .\u00e7\u00fcnk\u00fc bu\u00a0 p\u0131lav\u0131 yeniden \u0131s\u0131t\u0131ktan sonra\u00a0 yinede daha \u00f6nceki formunu ve g\u00fczelli\u011fini<\/li>\n<li>\u0130FA Hindistan pirincinin do\u011fal ve ho\u015f kokusuyla\u00a0 yemek pi\u015firdi\u011finiz zaman\u00a0 sizin hal\u0131n\u0131z\u0131 de\u011fi\u015ftirip, iyile\u015ftiriyor.<\/li>\n<li>1121 \u0130FA pirinci S\u0130LE y\u00f6ntemiyle \u00fcretilmi\u015f ( i\u015flenmi\u015f) , bundan dolay\u0131 da S\u0130LE \u0130FA pirinci uzun s\u00fcre\u00a0 buzulmadan ve hi\u00e7 bir \u015feyi merak etmeden\u00a0 kolayca saklayabilirsiniz.<\/li>\n<li><\/li>\n<\/ul>\n<p>&nbsp;<\/p>\n<p><strong>\u0130FA P\u0130R\u0130NC\u0130 VE M\u00dcJDE H\u0130ND\u0130STAN P\u0130R\u0130NC\u0130N\u0130N\u00a0 KAR\u015eILA\u015eTIRMASI<\/strong><\/p>\n<p>&nbsp;<\/p>\n<p>\u0130FA P\u0130R\u0130NC\u0130N \u00d6ZELL\u0130KLER\u0130<\/p>\n<ul>\n<li>Hint pirinci ,ba\u015fka pirin\u00e7lerden daha y\u00fcksek lifi oldu\u011fu i\u00e7in kanser h\u00fccre riskini azalt\u0131r.<\/li>\n<\/ul>\n<p>Ara\u015ft\u0131rmalar ve incelemelere g\u00f6re lif kullan\u0131m\u0131\u00a0 kanser yakalanma riskini \u00f6zellikle ba\u011f\u0131rsak kanserini \u00e7ok azalt\u0131r.<\/p>\n<ul>\n<li>Lif , \u00f6sterojen hormonunun sal\u0131nmas\u0131na yard\u0131mc\u0131 olur ve b\u00f6ylece kad\u0131nlardaki meme kanseri riskini azalt\u0131r.<\/li>\n<li>\u0130FA pirincinin Arsenik oran\u0131 \u00e7ok daha d\u00fc\u015f\u00fckt\u00fcr ve bu da onun sa\u011fl\u0131kl\u0131 ve do\u011fal bile\u015fenlerden biri oldu\u011funu g\u00f6sterir.\u00e7\u00fcnk\u00fc arsenik kalp hastal\u0131klar\u0131na , diyabete ve kansere neden olur .<\/li>\n<li>Kolay ve h\u0131zl\u0131ca pi\u015firiliyor.kahve rengi pirin\u00e7 veya iranl\u0131 pirin\u00e7lerin tam tersine pi\u015firilmesi rahat ve hi\u00e7 bir \u015feyi merak etmeden ,bir ka\u00e7 dakika esnas\u0131nda e\u015fsiz bir p\u0131lav yapabilirsiniz .<\/li>\n<li>pirincin kal\u0131tesine g\u00f6re m\u00fckemmel ve ucuz f\u0131yat\u0131 sizi \u015fa\u015f\u0131rtacak .hemen bizim uzmanlar\u0131m\u0131za ula\u015f\u0131n ve farkl\u0131 pirin\u00e7 \u00e7e\u015fitlerinin f\u0131yatlar\u0131n\u0131 sorman\u0131n yan\u0131 s\u0131ra\u00a0 sipari\u015flerinizi en k\u0131sa s\u00fcrede sat\u0131n almak i\u00e7in M\u00dcJDE DA\u011eITIM SANAYI\u2019 s\u0131yla ileti\u015fime ge\u00e7in.<\/li>\n<li>\u0130FA Hint pirincine s\u00fcrekli eri\u015fimeniz , bu \u00fcr\u00fcn\u00fcn ana avantajlar\u0131ndan biridir. Bu \u00fcr\u00fcnleri kolayca alabilmeniz i\u00e7in zincirleme tedarik gruplar\u0131m\u0131z her zaman yan\u0131n\u0131zda .<\/li>\n<li>\u0130FA markas\u0131 , pirincin sa\u011fl\u0131\u011f\u0131 ve kalitesi i\u00e7in t\u00fcm uluslararas\u0131 standarlara ve izinlere sahiptir .<\/li>\n<\/ul>\n<p>&nbsp;<\/p>\n<p>SARAL PAKISTAN pirincinin f\u0131yat\u0131n\u0131 g\u00f6r\u00fcn\u00fcz.<\/p>\n<p>&nbsp;<\/p>\n<p>\u0130FA P\u0130R\u0130NC\u0130N\u0130N FIYATI<\/p>\n<p>&nbsp;<\/p>\n<p>\u0130FA Hint pirinci denilince en pahal\u0131 Hint pirincinden bahsediyoruz ve tabii ki kalitesi de iyi. IFA pirincinin uygun fiyat\u0131, M\u00dcJDE DA\u011eITIM SANAYI\u2019 s\u0131 \u00a0g\u00fcncel depolama sistemi ve dengeli da\u011f\u0131l\u0131m\u0131 nedeniyle m\u00fc\u015fterileri her zaman memnun etmi\u015ftir. Ucuz ve kaliteli bir \u00fcr\u00fcn ar\u0131yorsan\u0131z, arad\u0131\u011f\u0131n\u0131z \u015fey 1121 IFA.<\/p>\n<p><strong>Majdeh Food&#8217;dan \u0130FA Hint pirincinin\u00a0 sat\u0131n alma yolu<\/strong><\/p>\n<p>IFA Hint pirincini almak i\u00e7in M\u00dcJDE DA\u011eITIM SANAYI firmas\u0131dan telefonla veya Digikala linki \u00fczerinden sat\u0131n alabilirsiniz. M\u00dcJDE GIDA \u00dcR\u00dcNLER\u0130N\u0130N \u00a00098 21-49046100 numaral\u0131 telefonu siz de\u011ferli ve sayg\u0131de\u011fer m\u00fc\u015fterilerimize her zaman cevap vermektedir.<\/p>\n<p>Digikala&#8217;dan Hint \u0130FA pirinci sat\u0131n almak i\u00e7in ba\u011flant\u0131 yollar\u0131<\/p>\n<p>&nbsp;<\/p>\n<table>\n<tbody>\n<tr>\n<td width=\"199\">Tane b\u00fcy\u00fckl\u00fc\u011f\u00fc<\/td>\n<td width=\"162\">\u00a08.5<\/td>\n<\/tr>\n<tr>\n<td width=\"199\">Tah\u0131l rengi<\/td>\n<td width=\"162\">Alt\u0131n rengi<\/td>\n<\/tr>\n<tr>\n<td width=\"199\">\u00c7e\u015fidi<\/td>\n<td width=\"162\">S\u0130LE 1121<\/td>\n<\/tr>\n<tr>\n<td width=\"199\">Ba\u015fl\u0131k<\/td>\n<td width=\"162\">BASMATI<\/td>\n<\/tr>\n<tr>\n<td width=\"199\">Koku<\/td>\n<td width=\"162\">Do\u011fal<\/td>\n<\/tr>\n<tr>\n<td width=\"199\">Paketleme<\/td>\n<td width=\"162\">10 kiloluk \u00e7anta<\/td>\n<\/tr>\n<tr>\n<td width=\"199\">Paket a\u011f\u0131rl\u0131\u011f\u0131<\/td>\n<td width=\"162\">5 ve 10 kilogram<\/td>\n<\/tr>\n<tr>\n<td width=\"199\">Sa\u011fl\u0131k ruhsat numaras\u0131<\/td>\n<td width=\"162\">13515\/13<\/td>\n<\/tr>\n<\/tbody>\n<\/table>\n","protected":false},"excerpt":{"rendered":"<p>S\u0130LE pirin\u00e7\u00a0 taraftarlar\u0131 ,\u0130FA Hindistan pirincini \u00e7ok iyi tan\u0131yorlar .\u00e7\u00fcnk\u00fc M\u00dcJDE GIDA \u00dcR\u00dcNLER\u0130N\u0130N \u00a0da\u011f\u0131t\u0131m sekt\u00f6r\u00fcndeki di\u011fer markalar gibi piyasaya girdi\u011fi\u00a0 g\u00fcnden beri sabit ve iyi kaliteye sahiptir ve her kes bu \u00fcr\u00fcnden memnun. \u0130FA pirinci e\u015fsiz g\u00f6r\u00fcn\u00fcm\u00fc ve lezzeti ile ,\u00a0 ba\u015f a\u015f\u00e7\u0131lar\u0131n sofralar\u0131n\u0131n nabz\u0131n\u0131 tutup ve\u00a0 donat\u0131yor\u00a0 .bu konunun devam\u0131 olarakta \u0130FA pirincin f\u0131yat\u0131n\u0131 [&hellip;]<\/p>\n","protected":false},"featured_media":6020,"comment_status":"open","ping_status":"closed","template":"","meta":[],"product_brand":[],"product_cat":[258,263,431],"product_tag":[],"class_list":{"0":"post-6675","1":"product","2":"type-product","3":"status-publish","4":"has-post-thumbnail","6":"product_cat-eefa-tr","7":"product_cat-indian-tr","8":"product_cat-pirinci","9":"pa_aroma-normal","10":"pa_brand-eefa","11":"pa_country-hindistan","12":"pa_grain-size-uzun-taneli","13":"pa_package-weight-10-kg","14":"pa_package-weight-1000-kg","15":"pa_package-weight-2000-kg","16":"pa_package-weight-500-kg","17":"pa_packing-non-woven-tr","18":"pa_purity-above-50","19":"pa_seed-color-golden","20":"pa_smell-hayir","21":"pa_sort-1121-sila","22":"pa_title-basmati","24":"first","25":"outofstock","26":"shipping-taxable","27":"purchasable","28":"product-type-variable","29":"has-default-attributes"},"yoast_head":"<!-- This site is optimized with the Yoast SEO Premium plugin v20.6 (Yoast SEO v24.7) - https:\/\/yoast.com\/wordpress\/plugins\/seo\/ -->\n<title>\u0130FA Hindistan pirinci (sat\u0131n alma , f\u0131yat , avantajlar\u0131 ve \u00f6zellikleri)<\/title>\n<meta name=\"description\" content=\"S\u0130LE pirincinin taraftarlar\u0131 ,1121 \u0130FA Hindistan pincini de \u00e7ok iyi tan\u0131yorlar .\u00e7\u00fcnk\u00fc piyasaya giri\u015f yapt\u0131\u011f\u0131ndan beri sabit kaliteye sahiptir. \u0130FA f\u0131yat ve sat\u0131n almak i\u00e7in m\u00fcjde \u2013food sitesinden (alabilirsiniz).\" \/>\n<meta name=\"robots\" content=\"index, follow, max-snippet:-1, max-image-preview:large, max-video-preview:-1\" \/>\n<link rel=\"canonical\" href=\"https:\/\/mojdeh-food.com\/tr\/urun\/eefa-hint-pirinci\/\" \/>\n<meta property=\"og:locale\" content=\"tr_TR\" \/>\n<meta property=\"og:type\" content=\"article\" \/>\n<meta property=\"og:title\" content=\"Eefa Hint pirinci\" \/>\n<meta property=\"og:description\" content=\"S\u0130LE pirincinin taraftarlar\u0131 ,1121 \u0130FA Hindistan pincini de \u00e7ok iyi tan\u0131yorlar .\u00e7\u00fcnk\u00fc piyasaya giri\u015f yapt\u0131\u011f\u0131ndan beri sabit kaliteye sahiptir. \u0130FA f\u0131yat ve sat\u0131n almak i\u00e7in m\u00fcjde \u2013food sitesinden (alabilirsiniz).\" \/>\n<meta property=\"og:url\" content=\"https:\/\/mojdeh-food.com\/tr\/urun\/eefa-hint-pirinci\/\" \/>\n<meta property=\"og:site_name\" content=\"M\u00dcJDE DA\u011eITIM SANAYI\" \/>\n<meta property=\"article:publisher\" content=\"https:\/\/www.facebook.com\/mojdehfood\/\" \/>\n<meta property=\"og:image\" content=\"https:\/\/mojdeh-food.com\/wp-content\/uploads\/2022\/07\/eifa-rice-product.jpg\" \/>\n\t<meta property=\"og:image:width\" content=\"1080\" \/>\n\t<meta property=\"og:image:height\" content=\"1080\" \/>\n\t<meta property=\"og:image:type\" content=\"image\/jpeg\" \/>\n<meta name=\"twitter:card\" content=\"summary_large_image\" \/>\n<meta name=\"twitter:label1\" content=\"Tahmini okuma s\u00fcresi\" \/>\n\t<meta name=\"twitter:data1\" content=\"3 dakika\" \/>\n<script type=\"application\/ld+json\" class=\"yoast-schema-graph\">{\"@context\":\"https:\/\/schema.org\",\"@graph\":[{\"@type\":\"WebPage\",\"@id\":\"https:\/\/mojdeh-food.com\/tr\/urun\/eefa-hint-pirinci\/\",\"url\":\"https:\/\/mojdeh-food.com\/tr\/urun\/eefa-hint-pirinci\/\",\"name\":\"\u0130FA Hindistan pirinci (sat\u0131n alma , f\u0131yat , avantajlar\u0131 ve \u00f6zellikleri)\",\"isPartOf\":{\"@id\":\"https:\/\/mojdeh-food.com\/#website\"},\"primaryImageOfPage\":{\"@id\":\"https:\/\/mojdeh-food.com\/tr\/urun\/eefa-hint-pirinci\/#primaryimage\"},\"image\":{\"@id\":\"https:\/\/mojdeh-food.com\/tr\/urun\/eefa-hint-pirinci\/#primaryimage\"},\"thumbnailUrl\":\"https:\/\/mojdeh-food.com\/wp-content\/uploads\/2022\/07\/eifa-rice-product.jpg\",\"datePublished\":\"2022-06-30T21:40:10+00:00\",\"description\":\"S\u0130LE pirincinin taraftarlar\u0131 ,1121 \u0130FA Hindistan pincini de \u00e7ok iyi tan\u0131yorlar .\u00e7\u00fcnk\u00fc piyasaya giri\u015f yapt\u0131\u011f\u0131ndan beri sabit kaliteye sahiptir. \u0130FA f\u0131yat ve sat\u0131n almak i\u00e7in m\u00fcjde \u2013food sitesinden (alabilirsiniz).\",\"breadcrumb\":{\"@id\":\"https:\/\/mojdeh-food.com\/tr\/urun\/eefa-hint-pirinci\/#breadcrumb\"},\"inLanguage\":\"tr\",\"potentialAction\":[{\"@type\":\"ReadAction\",\"target\":[\"https:\/\/mojdeh-food.com\/tr\/urun\/eefa-hint-pirinci\/\"]}]},{\"@type\":\"ImageObject\",\"inLanguage\":\"tr\",\"@id\":\"https:\/\/mojdeh-food.com\/tr\/urun\/eefa-hint-pirinci\/#primaryimage\",\"url\":\"https:\/\/mojdeh-food.com\/wp-content\/uploads\/2022\/07\/eifa-rice-product.jpg\",\"contentUrl\":\"https:\/\/mojdeh-food.com\/wp-content\/uploads\/2022\/07\/eifa-rice-product.jpg\",\"width\":1080,\"height\":1080,\"caption\":\"\u0130FA Hindistan pirinci\"},{\"@type\":\"BreadcrumbList\",\"@id\":\"https:\/\/mojdeh-food.com\/tr\/urun\/eefa-hint-pirinci\/#breadcrumb\",\"itemListElement\":[{\"@type\":\"ListItem\",\"position\":1,\"name\":\"Ev\",\"item\":\"https:\/\/mojdeh-food.com\/tr\/\"},{\"@type\":\"ListItem\",\"position\":2,\"name\":\"\u0641\u0631\u0648\u0634\u06af\u0627\u0647\",\"item\":\"https:\/\/mojdeh-food.com\/shop\/\"},{\"@type\":\"ListItem\",\"position\":3,\"name\":\"Eefa Hint pirinci\"}]},{\"@type\":\"WebSite\",\"@id\":\"https:\/\/mojdeh-food.com\/#website\",\"url\":\"https:\/\/mojdeh-food.com\/\",\"name\":\"M\u00dcJDE DA\u011eITIM SANAYI\",\"description\":\"Hint Pakistan \u0130ran pirincinin toptan sat\u0131\u015f\u0131\",\"publisher\":{\"@id\":\"https:\/\/mojdeh-food.com\/#organization\"},\"potentialAction\":[{\"@type\":\"SearchAction\",\"target\":{\"@type\":\"EntryPoint\",\"urlTemplate\":\"https:\/\/mojdeh-food.com\/?s={search_term_string}\"},\"query-input\":{\"@type\":\"PropertyValueSpecification\",\"valueRequired\":true,\"valueName\":\"search_term_string\"}}],\"inLanguage\":\"tr\"},{\"@type\":\"Organization\",\"@id\":\"https:\/\/mojdeh-food.com\/#organization\",\"name\":\"sanat pakhsh mojdeh\",\"url\":\"https:\/\/mojdeh-food.com\/\",\"logo\":{\"@type\":\"ImageObject\",\"inLanguage\":\"tr\",\"@id\":\"https:\/\/mojdeh-food.com\/#\/schema\/logo\/image\/\",\"url\":\"https:\/\/mojdeh-food.com\/wp-content\/uploads\/2022\/06\/logo.png\",\"contentUrl\":\"https:\/\/mojdeh-food.com\/wp-content\/uploads\/2022\/06\/logo.png\",\"width\":1352,\"height\":657,\"caption\":\"sanat pakhsh mojdeh\"},\"image\":{\"@id\":\"https:\/\/mojdeh-food.com\/#\/schema\/logo\/image\/\"},\"sameAs\":[\"https:\/\/www.facebook.com\/mojdehfood\/\",\"https:\/\/youtube.com\/channel\/UCLKVdP8evkYe7Pnts7MeFvw\",\"https:\/\/www.aparat.com\/mojdehfood\",\"https:\/\/wekhed.ir\/mojdehfood\",\"https:\/\/www.instagram.com\/mojdehfood\"]}]}<\/script>\n<!-- \/ Yoast SEO Premium plugin. -->","yoast_head_json":{"title":"\u0130FA Hindistan pirinci (sat\u0131n alma , f\u0131yat , avantajlar\u0131 ve \u00f6zellikleri)","description":"S\u0130LE pirincinin taraftarlar\u0131 ,1121 \u0130FA Hindistan pincini de \u00e7ok iyi tan\u0131yorlar .\u00e7\u00fcnk\u00fc piyasaya giri\u015f yapt\u0131\u011f\u0131ndan beri sabit kaliteye sahiptir. \u0130FA f\u0131yat ve sat\u0131n almak i\u00e7in m\u00fcjde \u2013food sitesinden (alabilirsiniz).","robots":{"index":"index","follow":"follow","max-snippet":"max-snippet:-1","max-image-preview":"max-image-preview:large","max-video-preview":"max-video-preview:-1"},"canonical":"https:\/\/mojdeh-food.com\/tr\/urun\/eefa-hint-pirinci\/","og_locale":"tr_TR","og_type":"article","og_title":"Eefa Hint pirinci","og_description":"S\u0130LE pirincinin taraftarlar\u0131 ,1121 \u0130FA Hindistan pincini de \u00e7ok iyi tan\u0131yorlar .\u00e7\u00fcnk\u00fc piyasaya giri\u015f yapt\u0131\u011f\u0131ndan beri sabit kaliteye sahiptir. \u0130FA f\u0131yat ve sat\u0131n almak i\u00e7in m\u00fcjde \u2013food sitesinden (alabilirsiniz).","og_url":"https:\/\/mojdeh-food.com\/tr\/urun\/eefa-hint-pirinci\/","og_site_name":"M\u00dcJDE DA\u011eITIM SANAYI","article_publisher":"https:\/\/www.facebook.com\/mojdehfood\/","og_image":[{"width":1080,"height":1080,"url":"https:\/\/mojdeh-food.com\/wp-content\/uploads\/2022\/07\/eifa-rice-product.jpg","type":"image\/jpeg"}],"twitter_card":"summary_large_image","twitter_misc":{"Tahmini okuma s\u00fcresi":"3 dakika"},"schema":{"@context":"https:\/\/schema.org","@graph":[{"@type":"WebPage","@id":"https:\/\/mojdeh-food.com\/tr\/urun\/eefa-hint-pirinci\/","url":"https:\/\/mojdeh-food.com\/tr\/urun\/eefa-hint-pirinci\/","name":"\u0130FA Hindistan pirinci (sat\u0131n alma , f\u0131yat , avantajlar\u0131 ve \u00f6zellikleri)","isPartOf":{"@id":"https:\/\/mojdeh-food.com\/#website"},"primaryImageOfPage":{"@id":"https:\/\/mojdeh-food.com\/tr\/urun\/eefa-hint-pirinci\/#primaryimage"},"image":{"@id":"https:\/\/mojdeh-food.com\/tr\/urun\/eefa-hint-pirinci\/#primaryimage"},"thumbnailUrl":"https:\/\/mojdeh-food.com\/wp-content\/uploads\/2022\/07\/eifa-rice-product.jpg","datePublished":"2022-06-30T21:40:10+00:00","description":"S\u0130LE pirincinin taraftarlar\u0131 ,1121 \u0130FA Hindistan pincini de \u00e7ok iyi tan\u0131yorlar .\u00e7\u00fcnk\u00fc piyasaya giri\u015f yapt\u0131\u011f\u0131ndan beri sabit kaliteye sahiptir. \u0130FA f\u0131yat ve sat\u0131n almak i\u00e7in m\u00fcjde \u2013food sitesinden (alabilirsiniz).","breadcrumb":{"@id":"https:\/\/mojdeh-food.com\/tr\/urun\/eefa-hint-pirinci\/#breadcrumb"},"inLanguage":"tr","potentialAction":[{"@type":"ReadAction","target":["https:\/\/mojdeh-food.com\/tr\/urun\/eefa-hint-pirinci\/"]}]},{"@type":"ImageObject","inLanguage":"tr","@id":"https:\/\/mojdeh-food.com\/tr\/urun\/eefa-hint-pirinci\/#primaryimage","url":"https:\/\/mojdeh-food.com\/wp-content\/uploads\/2022\/07\/eifa-rice-product.jpg","contentUrl":"https:\/\/mojdeh-food.com\/wp-content\/uploads\/2022\/07\/eifa-rice-product.jpg","width":1080,"height":1080,"caption":"\u0130FA Hindistan pirinci"},{"@type":"BreadcrumbList","@id":"https:\/\/mojdeh-food.com\/tr\/urun\/eefa-hint-pirinci\/#breadcrumb","itemListElement":[{"@type":"ListItem","position":1,"name":"Ev","item":"https:\/\/mojdeh-food.com\/tr\/"},{"@type":"ListItem","position":2,"name":"\u0641\u0631\u0648\u0634\u06af\u0627\u0647","item":"https:\/\/mojdeh-food.com\/shop\/"},{"@type":"ListItem","position":3,"name":"Eefa Hint pirinci"}]},{"@type":"WebSite","@id":"https:\/\/mojdeh-food.com\/#website","url":"https:\/\/mojdeh-food.com\/","name":"M\u00dcJDE DA\u011eITIM SANAYI","description":"Hint Pakistan \u0130ran pirincinin toptan sat\u0131\u015f\u0131","publisher":{"@id":"https:\/\/mojdeh-food.com\/#organization"},"potentialAction":[{"@type":"SearchAction","target":{"@type":"EntryPoint","urlTemplate":"https:\/\/mojdeh-food.com\/?s={search_term_string}"},"query-input":{"@type":"PropertyValueSpecification","valueRequired":true,"valueName":"search_term_string"}}],"inLanguage":"tr"},{"@type":"Organization","@id":"https:\/\/mojdeh-food.com\/#organization","name":"sanat pakhsh mojdeh","url":"https:\/\/mojdeh-food.com\/","logo":{"@type":"ImageObject","inLanguage":"tr","@id":"https:\/\/mojdeh-food.com\/#\/schema\/logo\/image\/","url":"https:\/\/mojdeh-food.com\/wp-content\/uploads\/2022\/06\/logo.png","contentUrl":"https:\/\/mojdeh-food.com\/wp-content\/uploads\/2022\/06\/logo.png","width":1352,"height":657,"caption":"sanat pakhsh mojdeh"},"image":{"@id":"https:\/\/mojdeh-food.com\/#\/schema\/logo\/image\/"},"sameAs":["https:\/\/www.facebook.com\/mojdehfood\/","https:\/\/youtube.com\/channel\/UCLKVdP8evkYe7Pnts7MeFvw","https:\/\/www.aparat.com\/mojdehfood","https:\/\/wekhed.ir\/mojdehfood","https:\/\/www.instagram.com\/mojdehfood"]}]}},"_links":{"self":[{"href":"https:\/\/mojdeh-food.com\/tr\/wp-json\/wp\/v2\/product\/6675","targetHints":{"allow":["GET"]}}],"collection":[{"href":"https:\/\/mojdeh-food.com\/tr\/wp-json\/wp\/v2\/product"}],"about":[{"href":"https:\/\/mojdeh-food.com\/tr\/wp-json\/wp\/v2\/types\/product"}],"replies":[{"embeddable":true,"href":"https:\/\/mojdeh-food.com\/tr\/wp-json\/wp\/v2\/comments?post=6675"}],"version-history":[{"count":0,"href":"https:\/\/mojdeh-food.com\/tr\/wp-json\/wp\/v2\/product\/6675\/revisions"}],"wp:featuredmedia":[{"embeddable":true,"href":"https:\/\/mojdeh-food.com\/tr\/wp-json\/wp\/v2\/media\/6020"}],"wp:attachment":[{"href":"https:\/\/mojdeh-food.com\/tr\/wp-json\/wp\/v2\/media?parent=6675"}],"wp:term":[{"taxonomy":"product_brand","embeddable":true,"href":"https:\/\/mojdeh-food.com\/tr\/wp-json\/wp\/v2\/product_brand?post=6675"},{"taxonomy":"product_cat","embeddable":true,"href":"https:\/\/mojdeh-food.com\/tr\/wp-json\/wp\/v2\/product_cat?post=6675"},{"taxonomy":"product_tag","embeddable":true,"href":"https:\/\/mojdeh-food.com\/tr\/wp-json\/wp\/v2\/product_tag?post=6675"}],"curies":[{"name":"wp","href":"https:\/\/api.w.org\/{rel}","templated":true}]}}