{"id":6670,"date":"2022-07-01T02:16:26","date_gmt":"2022-06-30T21:46:26","guid":{"rendered":"https:\/\/mojdeh-food.com\/product\/pakistani-babak-rice\/"},"modified":"2023-03-05T11:36:22","modified_gmt":"2023-03-05T08:06:22","slug":"pakistani-babak-rice","status":"publish","type":"product","link":"https:\/\/mojdeh-food.com\/tr\/urun\/pakistani-babak-rice\/","title":{"rendered":"Pakistan Babek pirinci"},"content":{"rendered":"<p>Pakistan Babek pirinci, \u015f\u00fcphesiz \u0130ran pirincine renk, boyut, aroma ve koku a\u00e7\u0131s\u0131ndan en \u00e7ok benzeyen yabanc\u0131 pirin\u00e7lerden biridir. Bu \u00fcr\u00fcn\u00fcn lezzetli tad\u0131 \u0130ran halk\u0131 aras\u0131nda \u00e7ok iyi bir yer bulan uzun taneli bir S\u00fcper Basmati \u00fcr\u00fcn\u00fcd\u00fcr. A\u015fa\u011f\u0131da, Babek S\u00fcper Basmati pirincinin \u00f6zellikleri, faydalar\u0131 ve onun nas\u0131l sat\u0131n al\u0131nmas\u0131 hakk\u0131nda daha fazla a\u00e7\u0131klama okuyacaks\u0131n\u0131z.<\/p>\n<p>Majdeh-Food&#8217;dan Hint pirincinin fiyat\u0131n\u0131 \u00f6\u011frenin.<\/p>\n<p>Pakistan Babek pirincinin \u00f6zellikleri<\/p>\n<ul>\n<li>Tam tah\u0131l: S\u00fcper Basmati taneleri uzun taneler kategorisine girer, ancak 1121 pirin\u00e7ten daha k\u0131sad\u0131r. Neredeyse \u0130ran pirin\u00e7 taneleri gibi ve boyutu m\u00fckemmel.<\/li>\n<\/ul>\n<p>Aromas\u0131 ve g\u00fczel kokusu vard\u0131r: Di\u011fer yabanc\u0131 pirin\u00e7 t\u00fcrlerinden farkl\u0131 olarak, Babek pirinci \u0130ran pirincine benzer bir aroma ve kokuya sahiptir. Bu nedenle bu \u00fcr\u00fcnden memnun kalan m\u00fc\u015fteri say\u0131s\u0131 her ge\u00e7en g\u00fcn artmaktad\u0131r.<\/p>\n<ul>\n<li>D\u00fc\u015f\u00fck a\u011f\u0131r metal miktar\u0131: izin verilen s\u0131n\u0131r &lt;=150 ppb&#8217; bu m\u0131ktardan \u00e7ok daha d\u00fc\u015f\u00fck olan toplam arsenik oran\u0131 yan\u0131 73 ppb olarak belirlenmi\u015ftir.<\/li>\n<\/ul>\n<p>Pb toplam\u0131 51 ppb&#8217;dir ve bu metal i\u00e7in kabul edilebilir bir s\u0131n\u0131rd\u0131r yan\u0131 \u00a0&lt;=120 ppb&#8217;dir.<\/p>\n<p>Her \u00fcr\u00fcnde Kadmiyum Cd 30 ppb olup uluslararas\u0131 standart &lt;=48&#8217;dir. T\u00fcm bu rakamlar, tamamen sa\u011fl\u0131kl\u0131 bir \u00fcr\u00fcn\u00fcn uluslararas\u0131 standartlara uygun olarak \u00fcretildi\u011fini g\u00f6stermektedir.<\/p>\n<p>\u00d6nemli nokta : Pakistan Babek pirincini pi\u015firmeden \u00f6nce su berrakla\u015fana kadar birka\u00e7 kez suyla y\u0131kad\u0131\u011f\u0131n\u0131zdan emin olun.<\/p>\n<ul>\n<li>Zarar g\u00f6rm\u00fc\u015f tanesi yoktur.<\/li>\n<li>Yabanc\u0131 maddeler ve \u00e7eltik i\u00e7ermez.<\/li>\n<li>K\u0131rm\u0131z\u0131 pirin\u00e7 ve ya k\u0131rm\u0131z\u0131 damarlar\u0131 yoktur.<\/li>\n<li>Rengi beyazd\u0131r ve taneleri tamamen ayn\u0131 tiptedir.<\/li>\n<li>Geneti\u011fi de\u011fi\u015ftirilmemi\u015ftir ve sa\u011fl\u0131kl\u0131 \u00fcr\u00fcnler aras\u0131nda say\u0131lmaktad\u0131r.<\/li>\n<li>ambalaj tipi BOPP d\u0131r ve ambalaj\u0131 \u00e7ok \u015f\u0131k ve dayan\u0131kl\u0131d\u0131r.<\/li>\n<\/ul>\n<p>Avantajlar<\/p>\n<ol>\n<li>Pakistan Babek pirincinin lezzetli tad\u0131 ve yumu\u015fak dokusu bir\u00e7ok ki\u015finin \u0130ran pirinci yerine bu \u00fcr\u00fcn\u00fc kullanmas\u0131na neden olmu\u015ftur.<\/li>\n<li>Zenginle\u015ftirilmi\u015f ve B vitamini, folik asit, tiamin ve niasin gibi \u00e7e\u015fitli vitamin ve mineralleri i\u00e7erir.<\/li>\n<li>Bu \u00fcr\u00fcn\u00fcn di\u011fer \u0130ran \u00e7e\u015fitlerine g\u00f6re \u00e7ok uygun fiyat\u0131 vard\u0131r , ayr\u0131ca \u00fclkenin do\u011fusu, g\u00fcneyi ve bat\u0131s\u0131ndaki insanlar aras\u0131nda iyi bir yer almas\u0131n\u0131 sa\u011flam\u0131\u015ft\u0131r.<\/li>\n<li>G\u00fczel ve \u00e7erez kokusu gibi bir aromas\u0131 vard\u0131r ve yemek pi\u015firirken havada g\u00fczel bir koku yay\u0131l\u0131r.<\/li>\n<li>Demledikten sonra tanelerin uzunlu\u011fu iki kat\u0131na kadar \u00e7\u0131kar.<\/li>\n<li>Babek s\u00fcper basmati pirinci \u00e7ok fazla doyurulmam\u0131\u015f ya\u011f ve lif i\u00e7erir. Bu nedenle kan damarlar\u0131n\u0131n t\u0131kanmas\u0131n\u0131 engeller ve kalp sistemini g\u00fc\u00e7lendirir.<\/li>\n<li>Kab\u0131zl\u0131\u011f\u0131 gidermeye yard\u0131mc\u0131 olun.<\/li>\n<li>M\u00fc\u015fterilerin zamandan ve paradan tasarruf etmesinin bir sonucu olarak \u00e7evrimi\u00e7i ve y\u00fcz y\u00fcze al\u0131\u015fveri\u015f<\/li>\n<\/ol>\n<p>Kar\u015f\u0131la\u015ft\u0131r ve Pakistan pirinci sat\u0131n al<\/p>\n<p>Babek s\u00fcper basmati pirinci fiyat\u0131<\/p>\n<p>&nbsp;<\/p>\n<p>10 kiloluk Pakistan Babek pirinci \u0130ran \u00fcr\u00fcnlerine ve hatta Hint pirincine g\u00f6re olduk\u00e7a uygun bir fiyata sat\u0131l\u0131r. Ancak dolar\u0131n fiyat\u0131 ve i\u00e7 piyasadaki fiyatlar\u0131n istikrars\u0131zl\u0131\u011f\u0131 bu ithal \u00fcr\u00fcn\u00fc do\u011frudan etkilemi\u015ftir. Bu \u00fcr\u00fcn tat, aroma ve \u015fekil a\u00e7\u0131s\u0131ndan \u0130ran pirincine \u00e7ok benzerken, fiyat\u0131 \u0130ran \u00fcr\u00fcnlerinin \u00fc\u00e7te biridir. Bu y\u00fczden m\u00fckemmel kalitesi nedeniyle olduk\u00e7a uygun bir fiyata sahip oldu\u011funu s\u00f6yleyebiliriz.<\/p>\n<p>Pakistan Babek pirinci sat\u0131n al<\/p>\n<p>M\u00dcJDE DA\u011eITIM SANAYI\u2019 s\u0131, \u00fcr\u00fcnlerini her zaman b\u00fcy\u00fck m\u00fc\u015fterilere ve perakendecilere \u00e7ok h\u0131zl\u0131 bir \u015fekilde sunmaya \u00e7al\u0131\u015f\u0131r. Bu y\u00fcksek kaliteli \u00fcr\u00fcn\u00fc \u00e7evrimi\u00e7i ve \u015fahsen sat\u0131n alabilirsiniz. Babek S\u00fcper Basmati pirincini toptan sat\u0131n almak i\u00e7in hemen Mojdeh-Food&#8217;daki uzmanlar\u0131m\u0131zla ileti\u015fime ge\u00e7in.<\/p>\n<p>\u0130leti\u015fim telefonu: 0098 21-49046100<\/p>\n<p>Digikala&#8217;dan Babak S\u00fcper Basmati pirinci sat\u0131n alma ba\u011flant\u0131s\u0131 (linki)<\/p>\n<p>&nbsp;<\/p>\n<table>\n<tbody>\n<tr>\n<td width=\"169\">Tane b\u00fcy\u00fckl\u00fc\u011f\u00fc<\/td>\n<td width=\"180\">Tam tah\u0131l<\/td>\n<\/tr>\n<tr>\n<td width=\"169\">Tah\u0131l rengi<\/td>\n<td width=\"180\">beyaz<\/td>\n<\/tr>\n<tr>\n<td width=\"169\">Safl\u0131k<\/td>\n<td width=\"180\"><\/td>\n<\/tr>\n<tr>\n<td width=\"169\">tip<\/td>\n<td width=\"180\">S\u00fcper Basmati<\/td>\n<\/tr>\n<tr>\n<td width=\"169\">Ba\u015fl\u0131k<\/td>\n<td width=\"180\">Pakistanl\u0131<\/td>\n<\/tr>\n<tr>\n<td width=\"169\">koku<\/td>\n<td width=\"180\">var<\/td>\n<\/tr>\n<tr>\n<td width=\"169\">Aroma<\/td>\n<td width=\"180\">\u0130ranl\u0131 pirin\u00e7 kokusu<\/td>\n<\/tr>\n<tr>\n<td width=\"169\">Paketleme<\/td>\n<td width=\"180\">BOPP<\/td>\n<\/tr>\n<tr>\n<td width=\"169\">Paket a\u011f\u0131rl\u0131\u011f\u0131<\/td>\n<td width=\"180\">10 Kilogram<\/td>\n<\/tr>\n<tr>\n<td width=\"169\">Sa\u011fl\u0131k ruhsat numaras\u0131<\/td>\n<td width=\"180\">10022\/55<\/td>\n<\/tr>\n<\/tbody>\n<\/table>\n","protected":false},"excerpt":{"rendered":"<p>Pakistan Babek pirinci, \u015f\u00fcphesiz \u0130ran pirincine renk, boyut, aroma ve koku a\u00e7\u0131s\u0131ndan en \u00e7ok benzeyen yabanc\u0131 pirin\u00e7lerden biridir. Bu \u00fcr\u00fcn\u00fcn lezzetli tad\u0131 \u0130ran halk\u0131 aras\u0131nda \u00e7ok iyi bir yer bulan uzun taneli bir S\u00fcper Basmati \u00fcr\u00fcn\u00fcd\u00fcr. A\u015fa\u011f\u0131da, Babek S\u00fcper Basmati pirincinin \u00f6zellikleri, faydalar\u0131 ve onun nas\u0131l sat\u0131n al\u0131nmas\u0131 hakk\u0131nda daha fazla a\u00e7\u0131klama okuyacaks\u0131n\u0131z. Majdeh-Food&#8217;dan Hint [&hellip;]<\/p>\n","protected":false},"featured_media":6018,"comment_status":"open","ping_status":"closed","template":"","meta":[],"product_brand":[],"product_cat":[248,259,431],"product_tag":[],"class_list":{"0":"post-6670","1":"product","2":"type-product","3":"status-publish","4":"has-post-thumbnail","6":"product_cat-pakistan","7":"product_cat-babak-tr","8":"product_cat-pirinci","9":"pa_aroma-iran-pirinci-kokusu","10":"pa_brand-babak","11":"pa_country-pakistan","12":"pa_grain-size-tam-tahil","13":"pa_health-license-number-10022-55-health-license-number","14":"pa_package-weight-10-kg","15":"pa_package-weight-1000-kg","16":"pa_package-weight-2000-kg","17":"pa_package-weight-500-kg","18":"pa_packing-bopp-tr","19":"pa_purity-in-uzerinde","20":"pa_seed-color-beyaz","21":"pa_smell-evet","22":"pa_sort-super-basmati","23":"pa_title-pakistanli-beyaz","25":"first","26":"outofstock","27":"shipping-taxable","28":"purchasable","29":"product-type-variable","30":"has-default-attributes"},"yoast_head":"<!-- This site is optimized with the Yoast SEO Premium plugin v20.6 (Yoast SEO v24.7) - https:\/\/yoast.com\/wordpress\/plugins\/seo\/ -->\n<title>Pakistan Babek pirinci (sat\u0131n alma , f\u0131yat , avantajlar\u0131 ve \u00f6zellikleri)<\/title>\n<meta name=\"description\" content=\"Pakistan Babek pirinci renk, boyut, aroma ve koku a\u00e7\u0131s\u0131ndan \u0130ran pirincine en \u00e7ok benzeyen yabanc\u0131 pirin\u00e7lerden biridir. Pakistan Babek S\u00fcper Basmati pirincinin fiyat\u0131 ve sat\u0131n al\u0131nmas\u0131\" \/>\n<meta name=\"robots\" content=\"index, follow, max-snippet:-1, max-image-preview:large, max-video-preview:-1\" \/>\n<link rel=\"canonical\" href=\"https:\/\/mojdeh-food.com\/tr\/urun\/pakistani-babak-rice\/\" \/>\n<meta property=\"og:locale\" content=\"tr_TR\" \/>\n<meta property=\"og:type\" content=\"article\" \/>\n<meta property=\"og:title\" content=\"Pakistan Babek pirinci\" \/>\n<meta property=\"og:description\" content=\"Pakistan Babek pirinci renk, boyut, aroma ve koku a\u00e7\u0131s\u0131ndan \u0130ran pirincine en \u00e7ok benzeyen yabanc\u0131 pirin\u00e7lerden biridir. Pakistan Babek S\u00fcper Basmati pirincinin fiyat\u0131 ve sat\u0131n al\u0131nmas\u0131\" \/>\n<meta property=\"og:url\" content=\"https:\/\/mojdeh-food.com\/tr\/urun\/pakistani-babak-rice\/\" \/>\n<meta property=\"og:site_name\" content=\"M\u00dcJDE DA\u011eITIM SANAYI\" \/>\n<meta property=\"article:publisher\" content=\"https:\/\/www.facebook.com\/mojdehfood\/\" \/>\n<meta property=\"article:modified_time\" content=\"2023-03-05T08:06:22+00:00\" \/>\n<meta property=\"og:image\" content=\"https:\/\/mojdeh-food.com\/wp-content\/uploads\/2022\/07\/babak-rice-product.jpg\" \/>\n\t<meta property=\"og:image:width\" content=\"1080\" \/>\n\t<meta property=\"og:image:height\" content=\"1080\" \/>\n\t<meta property=\"og:image:type\" content=\"image\/jpeg\" \/>\n<meta name=\"twitter:card\" content=\"summary_large_image\" \/>\n<meta name=\"twitter:label1\" content=\"Tahmini okuma s\u00fcresi\" \/>\n\t<meta name=\"twitter:data1\" content=\"3 dakika\" \/>\n<script type=\"application\/ld+json\" class=\"yoast-schema-graph\">{\"@context\":\"https:\/\/schema.org\",\"@graph\":[{\"@type\":\"WebPage\",\"@id\":\"https:\/\/mojdeh-food.com\/tr\/urun\/pakistani-babak-rice\/\",\"url\":\"https:\/\/mojdeh-food.com\/tr\/urun\/pakistani-babak-rice\/\",\"name\":\"Pakistan Babek pirinci (sat\u0131n alma , f\u0131yat , avantajlar\u0131 ve \u00f6zellikleri)\",\"isPartOf\":{\"@id\":\"https:\/\/mojdeh-food.com\/#website\"},\"primaryImageOfPage\":{\"@id\":\"https:\/\/mojdeh-food.com\/tr\/urun\/pakistani-babak-rice\/#primaryimage\"},\"image\":{\"@id\":\"https:\/\/mojdeh-food.com\/tr\/urun\/pakistani-babak-rice\/#primaryimage\"},\"thumbnailUrl\":\"https:\/\/mojdeh-food.com\/wp-content\/uploads\/2022\/07\/babak-rice-product.jpg\",\"datePublished\":\"2022-06-30T21:46:26+00:00\",\"dateModified\":\"2023-03-05T08:06:22+00:00\",\"description\":\"Pakistan Babek pirinci renk, boyut, aroma ve koku a\u00e7\u0131s\u0131ndan \u0130ran pirincine en \u00e7ok benzeyen yabanc\u0131 pirin\u00e7lerden biridir. Pakistan Babek S\u00fcper Basmati pirincinin fiyat\u0131 ve sat\u0131n al\u0131nmas\u0131\",\"breadcrumb\":{\"@id\":\"https:\/\/mojdeh-food.com\/tr\/urun\/pakistani-babak-rice\/#breadcrumb\"},\"inLanguage\":\"tr\",\"potentialAction\":[{\"@type\":\"ReadAction\",\"target\":[\"https:\/\/mojdeh-food.com\/tr\/urun\/pakistani-babak-rice\/\"]}]},{\"@type\":\"ImageObject\",\"inLanguage\":\"tr\",\"@id\":\"https:\/\/mojdeh-food.com\/tr\/urun\/pakistani-babak-rice\/#primaryimage\",\"url\":\"https:\/\/mojdeh-food.com\/wp-content\/uploads\/2022\/07\/babak-rice-product.jpg\",\"contentUrl\":\"https:\/\/mojdeh-food.com\/wp-content\/uploads\/2022\/07\/babak-rice-product.jpg\",\"width\":1080,\"height\":1080,\"caption\":\"pakistani-babak-rice\"},{\"@type\":\"BreadcrumbList\",\"@id\":\"https:\/\/mojdeh-food.com\/tr\/urun\/pakistani-babak-rice\/#breadcrumb\",\"itemListElement\":[{\"@type\":\"ListItem\",\"position\":1,\"name\":\"Ev\",\"item\":\"https:\/\/mojdeh-food.com\/tr\/\"},{\"@type\":\"ListItem\",\"position\":2,\"name\":\"\u0641\u0631\u0648\u0634\u06af\u0627\u0647\",\"item\":\"https:\/\/mojdeh-food.com\/shop\/\"},{\"@type\":\"ListItem\",\"position\":3,\"name\":\"Pakistan Babek pirinci\"}]},{\"@type\":\"WebSite\",\"@id\":\"https:\/\/mojdeh-food.com\/#website\",\"url\":\"https:\/\/mojdeh-food.com\/\",\"name\":\"M\u00dcJDE DA\u011eITIM SANAYI\",\"description\":\"Hint Pakistan \u0130ran pirincinin toptan sat\u0131\u015f\u0131\",\"publisher\":{\"@id\":\"https:\/\/mojdeh-food.com\/#organization\"},\"potentialAction\":[{\"@type\":\"SearchAction\",\"target\":{\"@type\":\"EntryPoint\",\"urlTemplate\":\"https:\/\/mojdeh-food.com\/?s={search_term_string}\"},\"query-input\":{\"@type\":\"PropertyValueSpecification\",\"valueRequired\":true,\"valueName\":\"search_term_string\"}}],\"inLanguage\":\"tr\"},{\"@type\":\"Organization\",\"@id\":\"https:\/\/mojdeh-food.com\/#organization\",\"name\":\"sanat pakhsh mojdeh\",\"url\":\"https:\/\/mojdeh-food.com\/\",\"logo\":{\"@type\":\"ImageObject\",\"inLanguage\":\"tr\",\"@id\":\"https:\/\/mojdeh-food.com\/#\/schema\/logo\/image\/\",\"url\":\"https:\/\/mojdeh-food.com\/wp-content\/uploads\/2022\/06\/logo.png\",\"contentUrl\":\"https:\/\/mojdeh-food.com\/wp-content\/uploads\/2022\/06\/logo.png\",\"width\":1352,\"height\":657,\"caption\":\"sanat pakhsh mojdeh\"},\"image\":{\"@id\":\"https:\/\/mojdeh-food.com\/#\/schema\/logo\/image\/\"},\"sameAs\":[\"https:\/\/www.facebook.com\/mojdehfood\/\",\"https:\/\/youtube.com\/channel\/UCLKVdP8evkYe7Pnts7MeFvw\",\"https:\/\/www.aparat.com\/mojdehfood\",\"https:\/\/wekhed.ir\/mojdehfood\",\"https:\/\/www.instagram.com\/mojdehfood\"]}]}<\/script>\n<!-- \/ Yoast SEO Premium plugin. -->","yoast_head_json":{"title":"Pakistan Babek pirinci (sat\u0131n alma , f\u0131yat , avantajlar\u0131 ve \u00f6zellikleri)","description":"Pakistan Babek pirinci renk, boyut, aroma ve koku a\u00e7\u0131s\u0131ndan \u0130ran pirincine en \u00e7ok benzeyen yabanc\u0131 pirin\u00e7lerden biridir. Pakistan Babek S\u00fcper Basmati pirincinin fiyat\u0131 ve sat\u0131n al\u0131nmas\u0131","robots":{"index":"index","follow":"follow","max-snippet":"max-snippet:-1","max-image-preview":"max-image-preview:large","max-video-preview":"max-video-preview:-1"},"canonical":"https:\/\/mojdeh-food.com\/tr\/urun\/pakistani-babak-rice\/","og_locale":"tr_TR","og_type":"article","og_title":"Pakistan Babek pirinci","og_description":"Pakistan Babek pirinci renk, boyut, aroma ve koku a\u00e7\u0131s\u0131ndan \u0130ran pirincine en \u00e7ok benzeyen yabanc\u0131 pirin\u00e7lerden biridir. Pakistan Babek S\u00fcper Basmati pirincinin fiyat\u0131 ve sat\u0131n al\u0131nmas\u0131","og_url":"https:\/\/mojdeh-food.com\/tr\/urun\/pakistani-babak-rice\/","og_site_name":"M\u00dcJDE DA\u011eITIM SANAYI","article_publisher":"https:\/\/www.facebook.com\/mojdehfood\/","article_modified_time":"2023-03-05T08:06:22+00:00","og_image":[{"width":1080,"height":1080,"url":"https:\/\/mojdeh-food.com\/wp-content\/uploads\/2022\/07\/babak-rice-product.jpg","type":"image\/jpeg"}],"twitter_card":"summary_large_image","twitter_misc":{"Tahmini okuma s\u00fcresi":"3 dakika"},"schema":{"@context":"https:\/\/schema.org","@graph":[{"@type":"WebPage","@id":"https:\/\/mojdeh-food.com\/tr\/urun\/pakistani-babak-rice\/","url":"https:\/\/mojdeh-food.com\/tr\/urun\/pakistani-babak-rice\/","name":"Pakistan Babek pirinci (sat\u0131n alma , f\u0131yat , avantajlar\u0131 ve \u00f6zellikleri)","isPartOf":{"@id":"https:\/\/mojdeh-food.com\/#website"},"primaryImageOfPage":{"@id":"https:\/\/mojdeh-food.com\/tr\/urun\/pakistani-babak-rice\/#primaryimage"},"image":{"@id":"https:\/\/mojdeh-food.com\/tr\/urun\/pakistani-babak-rice\/#primaryimage"},"thumbnailUrl":"https:\/\/mojdeh-food.com\/wp-content\/uploads\/2022\/07\/babak-rice-product.jpg","datePublished":"2022-06-30T21:46:26+00:00","dateModified":"2023-03-05T08:06:22+00:00","description":"Pakistan Babek pirinci renk, boyut, aroma ve koku a\u00e7\u0131s\u0131ndan \u0130ran pirincine en \u00e7ok benzeyen yabanc\u0131 pirin\u00e7lerden biridir. Pakistan Babek S\u00fcper Basmati pirincinin fiyat\u0131 ve sat\u0131n al\u0131nmas\u0131","breadcrumb":{"@id":"https:\/\/mojdeh-food.com\/tr\/urun\/pakistani-babak-rice\/#breadcrumb"},"inLanguage":"tr","potentialAction":[{"@type":"ReadAction","target":["https:\/\/mojdeh-food.com\/tr\/urun\/pakistani-babak-rice\/"]}]},{"@type":"ImageObject","inLanguage":"tr","@id":"https:\/\/mojdeh-food.com\/tr\/urun\/pakistani-babak-rice\/#primaryimage","url":"https:\/\/mojdeh-food.com\/wp-content\/uploads\/2022\/07\/babak-rice-product.jpg","contentUrl":"https:\/\/mojdeh-food.com\/wp-content\/uploads\/2022\/07\/babak-rice-product.jpg","width":1080,"height":1080,"caption":"pakistani-babak-rice"},{"@type":"BreadcrumbList","@id":"https:\/\/mojdeh-food.com\/tr\/urun\/pakistani-babak-rice\/#breadcrumb","itemListElement":[{"@type":"ListItem","position":1,"name":"Ev","item":"https:\/\/mojdeh-food.com\/tr\/"},{"@type":"ListItem","position":2,"name":"\u0641\u0631\u0648\u0634\u06af\u0627\u0647","item":"https:\/\/mojdeh-food.com\/shop\/"},{"@type":"ListItem","position":3,"name":"Pakistan Babek pirinci"}]},{"@type":"WebSite","@id":"https:\/\/mojdeh-food.com\/#website","url":"https:\/\/mojdeh-food.com\/","name":"M\u00dcJDE DA\u011eITIM SANAYI","description":"Hint Pakistan \u0130ran pirincinin toptan sat\u0131\u015f\u0131","publisher":{"@id":"https:\/\/mojdeh-food.com\/#organization"},"potentialAction":[{"@type":"SearchAction","target":{"@type":"EntryPoint","urlTemplate":"https:\/\/mojdeh-food.com\/?s={search_term_string}"},"query-input":{"@type":"PropertyValueSpecification","valueRequired":true,"valueName":"search_term_string"}}],"inLanguage":"tr"},{"@type":"Organization","@id":"https:\/\/mojdeh-food.com\/#organization","name":"sanat pakhsh mojdeh","url":"https:\/\/mojdeh-food.com\/","logo":{"@type":"ImageObject","inLanguage":"tr","@id":"https:\/\/mojdeh-food.com\/#\/schema\/logo\/image\/","url":"https:\/\/mojdeh-food.com\/wp-content\/uploads\/2022\/06\/logo.png","contentUrl":"https:\/\/mojdeh-food.com\/wp-content\/uploads\/2022\/06\/logo.png","width":1352,"height":657,"caption":"sanat pakhsh mojdeh"},"image":{"@id":"https:\/\/mojdeh-food.com\/#\/schema\/logo\/image\/"},"sameAs":["https:\/\/www.facebook.com\/mojdehfood\/","https:\/\/youtube.com\/channel\/UCLKVdP8evkYe7Pnts7MeFvw","https:\/\/www.aparat.com\/mojdehfood","https:\/\/wekhed.ir\/mojdehfood","https:\/\/www.instagram.com\/mojdehfood"]}]}},"_links":{"self":[{"href":"https:\/\/mojdeh-food.com\/tr\/wp-json\/wp\/v2\/product\/6670","targetHints":{"allow":["GET"]}}],"collection":[{"href":"https:\/\/mojdeh-food.com\/tr\/wp-json\/wp\/v2\/product"}],"about":[{"href":"https:\/\/mojdeh-food.com\/tr\/wp-json\/wp\/v2\/types\/product"}],"replies":[{"embeddable":true,"href":"https:\/\/mojdeh-food.com\/tr\/wp-json\/wp\/v2\/comments?post=6670"}],"version-history":[{"count":1,"href":"https:\/\/mojdeh-food.com\/tr\/wp-json\/wp\/v2\/product\/6670\/revisions"}],"predecessor-version":[{"id":6680,"href":"https:\/\/mojdeh-food.com\/tr\/wp-json\/wp\/v2\/product\/6670\/revisions\/6680"}],"wp:featuredmedia":[{"embeddable":true,"href":"https:\/\/mojdeh-food.com\/tr\/wp-json\/wp\/v2\/media\/6018"}],"wp:attachment":[{"href":"https:\/\/mojdeh-food.com\/tr\/wp-json\/wp\/v2\/media?parent=6670"}],"wp:term":[{"taxonomy":"product_brand","embeddable":true,"href":"https:\/\/mojdeh-food.com\/tr\/wp-json\/wp\/v2\/product_brand?post=6670"},{"taxonomy":"product_cat","embeddable":true,"href":"https:\/\/mojdeh-food.com\/tr\/wp-json\/wp\/v2\/product_cat?post=6670"},{"taxonomy":"product_tag","embeddable":true,"href":"https:\/\/mojdeh-food.com\/tr\/wp-json\/wp\/v2\/product_tag?post=6670"}],"curies":[{"name":"wp","href":"https:\/\/api.w.org\/{rel}","templated":true}]}}