{"id":6662,"date":"2022-07-01T02:18:21","date_gmt":"2022-06-30T21:48:21","guid":{"rendered":"https:\/\/mojdeh-food.com\/product\/pakistani-saral-rice\/"},"modified":"2023-03-05T11:31:06","modified_gmt":"2023-03-05T08:01:06","slug":"pakistani-saral-rice","status":"publish","type":"product","link":"https:\/\/mojdeh-food.com\/tr\/urun\/pakistani-saral-rice\/","title":{"rendered":"Pakistan Saral  pirinci"},"content":{"rendered":"<h1><strong>\u00a0 Pakistan Saral pirinci (sat\u0131n alma , f\u0131yat , avantajlar\u0131 ve \u00f6zellikleri)<\/strong><\/h1>\n<p>Pakistan Saral pirinci, \u00f6zellikle \u00fclkenin bat\u0131s\u0131nda b\u00fcy\u00fck ilgi kazanan \u0130ran&#8217;daki en eski pirin\u00e7 t\u00fcrlerinden biridir. Bu \u00fcr\u00fcn\u00fcn artan kabul g\u00f6rmesi nedeniyle M\u00dcJDE DA\u011eITIM SANAYI\u2019s\u0131 , Saral pirincin fiyat\u0131n\u0131, kaliteyi koruman\u0131n yan\u0131 s\u0131ra her zaman elinizin alt\u0131nda olacak \u015fekilde tutmaya \u00e7al\u0131\u015fm\u0131\u015ft\u0131r.<\/p>\n<p>&nbsp;<\/p>\n<p><strong>Pakistan Saral pirinci nedir ve nerede yeti\u015ftirilir?<\/strong><\/p>\n<p>Pakistan Saral pirinci, Pencap eyaletlerinin sulanan \u00e7eltik tarlalar\u0131nda ve \u0130ndus ovas\u0131nda ekilir. Bu alanlar \u00e7ok verimlidir, bu nedenle Pakistan pirinci hasat edildi\u011finde daha fazla verim sa\u011flar. ayr\u0131ca Saral, m\u00fckemmel kalitesi ile toptanc\u0131lar ve perakendeciler aras\u0131nda b\u00fcy\u00fck g\u00fcven kazanm\u0131\u015f bir Pakistan pirinci t\u00fcr\u00fcd\u00fcr. Uzun taneleri oldu\u011fu i\u00e7in daha \u00e7ok partilerde \u00a0ve toplant\u0131larda kullan\u0131lmas\u0131na neden olmu\u015ftur.<\/p>\n<h2><strong>Saral&#8217;\u0131n di\u011fer markalara g\u00f6re avantajlar\u0131<\/strong><\/h2>\n<ul>\n<li>\u00c7ok kolay pi\u015firilmesi<\/li>\n<li>Uzun g\u00f6r\u00fcn\u00fcm\u00fc<\/li>\n<li>Yap\u0131\u015fkanl\u0131k yok<\/li>\n<li>Pi\u015firirken taneleri da\u011f\u0131lmaz<\/li>\n<li>Ezilmez<\/li>\n<li>Yeniden \u0131s\u0131td\u0131ktan sonra kalitesini iyi koruyor<\/li>\n<li>Do\u011fal bir kokuya ve ho\u015f bir aromaya sahiptir<\/li>\n<\/ul>\n<p>%95&#8217;in \u00fczerinde safl\u0131k (t\u00fcm pirin\u00e7 t\u00fcrleri i\u00e7in bu safl\u0131k y\u00fczdesi ola\u011fan\u00fcst\u00fcd\u00fcr)<\/p>\n<ul>\n<li>Ulusal ve uluslararas\u0131 standart i\u015faretine sahiptir<\/li>\n<li>E\u015fsiz kalite<\/li>\n<li>Geni\u015f da\u011f\u0131t\u0131m kanal\u0131<\/li>\n<li>H\u0131zl\u0131 ve kal\u0131c\u0131 eri\u015fim<\/li>\n<\/ul>\n<p>&nbsp;<\/p>\n<p>Hint pirincinin fiyat\u0131n\u0131 \u00f6\u011frenin<\/p>\n<p>&nbsp;<\/p>\n<h3><strong>\u00d6zellikler<\/strong><\/h3>\n<ul>\n<li>Pakistan Saral pirincinin ilk \u00f6zelli\u011fi 1121 tane t\u00fcr\u00fcnden olmas\u0131d\u0131r.<\/li>\n<\/ul>\n<p>1121 kodu pirin\u00e7 tanesinin \u00e7e\u015fidini belirtir. \u0130thal edilen pirincin \u00e7o\u011fu uzun tanelidir, ancak \u00e7ok az\u0131 1121 kodlu&#8217;dur<\/p>\n<p>BOPP dir ve ambalaji da \u015e\u0131k ve dayan\u0131kl\u0131d\u0131r.<\/p>\n<ul>\n<li>Rengi beyazd\u0131r ve uluslararas\u0131 \u0131s\u0131 standartlar\u0131na uygundur.<\/li>\n<li>\u0130nce ve \u00e7abuk pi\u015fmesi bu \u00fcr\u00fcn\u00fcn bir sonraki \u00f6zelli\u011fidir.<\/li>\n<li>Kendine \u00f6zel ho\u015f bir kokusu vard\u0131r ve yemek pi\u015firirken mekana ho\u015f bir aroma yayar.<\/li>\n<li>K\u0131rm\u0131z\u0131 tanecikleri yoktur ama pirincin \u00fczerinde k\u0131rm\u0131z\u0131 damarlar\u0131 vard\u0131r.<\/li>\n<\/ul>\n<p>saral beyaz pirin\u00e7! Bu sebeple olduk\u00e7a temiz ve homojen bir \u00fcr\u00fcn kullan\u0131yorsunuz.<\/p>\n<ul>\n<li>Saral pirinci herhangi bir zararl\u0131, \u00e7ak\u0131l, kahve rengi pirin\u00e7, yanm\u0131\u015f taneleri ve \u00e7eltik gibi yabanc\u0131 mineral maddeler i\u00e7ermez.<\/li>\n<li>%95&#8217;in \u00fczeri safl\u0131k, en \u00f6nemli ve belki de ana rekabet avantaj\u0131ndan biridir.<\/li>\n<\/ul>\n<p>&nbsp;<\/p>\n<p><strong>Saral pirincinin organik oldu\u011funu ve zararl\u0131 maddeler i\u00e7ermedi\u011fini do\u011frulayan \u00f6zellikler.<\/strong><\/p>\n<p>Saral pirincindeki Amilaz miktar\u0131 \u00e7ok d\u00fc\u015f\u00fck, yani kabul edilebilir seviyenin \u00e7ok alt\u0131nda! Bu \u00f6zellik, \u00fcr\u00fcn\u00fcn y\u00fcksek sa\u011fl\u0131k durumunu g\u00f6sterir ve beslenme a\u00e7\u0131s\u0131ndan sa\u011fl\u0131kl\u0131 \u00fcr\u00fcnlerden biri olarak kabul edilir.<\/p>\n<p>\u00c7ok d\u00fc\u015f\u00fck miktarda Arsenik ve 73 ppb i\u00e7erir. Uluslararas\u0131 standartlara g\u00f6re kabul edilebilir Arsenik limiti yakla\u015f\u0131k 150 ppb&#8217;dir. Bu nedenle yar\u0131dan daha azd\u0131r ve tamamen g\u00fcvenlidir ve insanlar i\u00e7in sa\u011fl\u0131kl\u0131 bir besin olarak kabul edilir.<\/p>\n<ul>\n<li>\u00d6nceki iki tehlikeli madde gibi, kur\u015fun da 51 ppb&#8217;lik dir ve uluslararas\u0131 s\u0131n\u0131r\u0131n \u00e7ok alt\u0131ndad\u0131r. Her \u00fcr\u00fcn i\u00e7in standart de\u011feri 120 ppb iken.<\/li>\n<\/ul>\n<p>&nbsp;<\/p>\n<h3><strong>Saral pirincinin fiyat\u0131<\/strong><\/h3>\n<p>\u00dclkede her ge\u00e7en g\u00fcn artan enflasyon ve ba\u015fta g\u0131da olmak \u00fczere \u00fcr\u00fcn fiyatlar\u0131ndaki istikrars\u0131zl\u0131\u011f\u0131n pirin\u00e7 fiyatlar\u0131 \u00fczerinde ku\u015fkusuz b\u00fcy\u00fck etki yaratm\u0131\u015f . Ancak M\u00dcJDE DA\u011eITIM SANAYI\u2019s\u0131 olarak ana politikalar\u0131m\u0131z, m\u00fc\u015fteriler ve sat\u0131c\u0131lar \u00fczerinde en az bask\u0131y\u0131 sa\u011flamakt\u0131r. Bu nedenle piyasadaki en kaliteli pirin\u00e7lerden birini \u00e7ok uygun fiyata ald\u0131\u011f\u0131n\u0131zdan emin olabilirsiniz.<\/p>\n<p>&nbsp;<\/p>\n<h3><strong>Saral beyaz pirin\u00e7 sat\u0131n almas\u0131<\/strong><\/h3>\n<p>\u0130ran&#8217;\u0131n her yerinde ve \u0130ran\u0131n \u00e7evresindeki \u00a0\u00fclkelerinde \u00e7ok say\u0131da temsilcimiz var ve Saral \u00fcr\u00fcnlerine kolayca ve s\u00fcrekli olarak h\u0131zl\u0131 bir \u015fekilde eri\u015febilirsiniz. Toptan al\u0131mlar i\u00e7in Tahran&#8217;daki ofislerimizin numaralar\u0131n\u0131 aray\u0131n veya Digikala ba\u011flant\u0131s\u0131 \u00fczerinden sat\u0131n al\u0131n.<\/p>\n<p>Digikala linkinden Saral pirinci sat\u0131n al\u0131n<\/p>\n<table>\n<tbody>\n<tr>\n<td width=\"205\">Tane b\u00fcy\u00fckl\u00fc\u011f\u00fc<\/td>\n<td width=\"174\">8.4<\/td>\n<\/tr>\n<tr>\n<td width=\"205\">Safl\u0131k<\/td>\n<td width=\"174\">%95&#8217;in \u00fczeri<\/td>\n<\/tr>\n<tr>\n<td width=\"205\">Tah\u0131l rengi<\/td>\n<td width=\"174\">Beyaz<\/td>\n<\/tr>\n<tr>\n<td width=\"205\">Tip<\/td>\n<td width=\"174\">Uzun taneli 1121<\/td>\n<\/tr>\n<tr>\n<td width=\"205\">Ba\u015fl\u0131k<\/td>\n<td width=\"174\">Pakistanl\u0131 beyaz<\/td>\n<\/tr>\n<tr>\n<td width=\"205\">Aroma<\/td>\n<td width=\"174\">Do\u011fal koku<\/td>\n<\/tr>\n<tr>\n<td width=\"205\">paketleme<\/td>\n<td width=\"174\">BOPP ve dokuma olmayan<\/td>\n<\/tr>\n<tr>\n<td width=\"205\">Paket a\u011f\u0131rl\u0131\u011f\u0131<\/td>\n<td width=\"174\">10 kg<\/td>\n<\/tr>\n<tr>\n<td width=\"205\">Sa\u011fl\u0131k ruhsat numaras\u0131<\/td>\n<td width=\"174\">4747809282003860<\/td>\n<\/tr>\n<\/tbody>\n<\/table>\n<p>&nbsp;<\/p>\n","protected":false},"excerpt":{"rendered":"<p>\u00a0 Pakistan Saral pirinci (sat\u0131n alma , f\u0131yat , avantajlar\u0131 ve \u00f6zellikleri) Pakistan Saral pirinci, \u00f6zellikle \u00fclkenin bat\u0131s\u0131nda b\u00fcy\u00fck ilgi kazanan \u0130ran&#8217;daki en eski pirin\u00e7 t\u00fcrlerinden biridir. Bu \u00fcr\u00fcn\u00fcn artan kabul g\u00f6rmesi nedeniyle M\u00dcJDE DA\u011eITIM SANAYI\u2019s\u0131 , Saral pirincin fiyat\u0131n\u0131, kaliteyi koruman\u0131n yan\u0131 s\u0131ra her zaman elinizin alt\u0131nda olacak \u015fekilde tutmaya \u00e7al\u0131\u015fm\u0131\u015ft\u0131r. &nbsp; Pakistan Saral [&hellip;]<\/p>\n","protected":false},"featured_media":6022,"comment_status":"open","ping_status":"closed","template":"","meta":[],"product_brand":[],"product_cat":[248,431,260],"product_tag":[],"class_list":{"0":"post-6662","1":"product","2":"type-product","3":"status-publish","4":"has-post-thumbnail","6":"product_cat-pakistan","7":"product_cat-pirinci","8":"product_cat-saral-tr","9":"pa_aroma-normal","10":"pa_brand-saral","11":"pa_country-pakistan","12":"pa_grain-size-uzunluk-84-mm","13":"pa_health-license-number-4747809282003860-tr","14":"pa_package-weight-10-kg","15":"pa_package-weight-1000-kg","16":"pa_package-weight-2000-kg","17":"pa_package-weight-500-kg","18":"pa_packing-bopp-tr","19":"pa_packing-non-woven-tr","20":"pa_purity-in-uzerinde","21":"pa_seed-color-beyaz","22":"pa_smell-hayir","23":"pa_sort-long-grain-1121","24":"pa_title-pakistanli-beyaz","26":"first","27":"outofstock","28":"shipping-taxable","29":"purchasable","30":"product-type-variable","31":"has-default-attributes"},"yoast_head":"<!-- This site is optimized with the Yoast SEO Premium plugin v20.6 (Yoast SEO v24.7) - https:\/\/yoast.com\/wordpress\/plugins\/seo\/ -->\n<title>pakistani-saral-rice Sat\u0131n alma, fiyat, \u00f6zellikler ve avantajlar<\/title>\n<meta name=\"description\" content=\"Pakistan Saral pirinci en pop\u00fcler beyaz ve uzun taneli pirin\u00e7lerden biridir. Safl\u0131k y\u00fczdesi &#039;in \u00fczerindedir ve 1121 tipindedir. Mojdeh-Food\u2019ta Saral pirinci Al\u0131m ve Fiyat\u0131\" \/>\n<meta name=\"robots\" content=\"index, follow, max-snippet:-1, max-image-preview:large, max-video-preview:-1\" \/>\n<link rel=\"canonical\" href=\"https:\/\/mojdeh-food.com\/tr\/urun\/pakistani-saral-rice\/\" \/>\n<meta property=\"og:locale\" content=\"tr_TR\" \/>\n<meta property=\"og:type\" content=\"article\" \/>\n<meta property=\"og:title\" content=\"Pakistan Saral pirinci\" \/>\n<meta property=\"og:description\" content=\"Pakistan Saral pirinci en pop\u00fcler beyaz ve uzun taneli pirin\u00e7lerden biridir. Safl\u0131k y\u00fczdesi &#039;in \u00fczerindedir ve 1121 tipindedir. Mojdeh-Food\u2019ta Saral pirinci Al\u0131m ve Fiyat\u0131\" \/>\n<meta property=\"og:url\" content=\"https:\/\/mojdeh-food.com\/tr\/urun\/pakistani-saral-rice\/\" \/>\n<meta property=\"og:site_name\" content=\"M\u00dcJDE DA\u011eITIM SANAYI\" \/>\n<meta property=\"article:publisher\" content=\"https:\/\/www.facebook.com\/mojdehfood\/\" \/>\n<meta property=\"article:modified_time\" content=\"2023-03-05T08:01:06+00:00\" \/>\n<meta property=\"og:image\" content=\"https:\/\/mojdeh-food.com\/wp-content\/uploads\/2022\/07\/saral-rice-product.jpg\" \/>\n\t<meta property=\"og:image:width\" content=\"1080\" \/>\n\t<meta property=\"og:image:height\" content=\"1080\" \/>\n\t<meta property=\"og:image:type\" content=\"image\/jpeg\" \/>\n<meta name=\"twitter:card\" content=\"summary_large_image\" \/>\n<meta name=\"twitter:label1\" content=\"Tahmini okuma s\u00fcresi\" \/>\n\t<meta name=\"twitter:data1\" content=\"3 dakika\" \/>\n<script type=\"application\/ld+json\" class=\"yoast-schema-graph\">{\"@context\":\"https:\/\/schema.org\",\"@graph\":[{\"@type\":\"WebPage\",\"@id\":\"https:\/\/mojdeh-food.com\/tr\/urun\/pakistani-saral-rice\/\",\"url\":\"https:\/\/mojdeh-food.com\/tr\/urun\/pakistani-saral-rice\/\",\"name\":\"pakistani-saral-rice Sat\u0131n alma, fiyat, \u00f6zellikler ve avantajlar\",\"isPartOf\":{\"@id\":\"https:\/\/mojdeh-food.com\/#website\"},\"primaryImageOfPage\":{\"@id\":\"https:\/\/mojdeh-food.com\/tr\/urun\/pakistani-saral-rice\/#primaryimage\"},\"image\":{\"@id\":\"https:\/\/mojdeh-food.com\/tr\/urun\/pakistani-saral-rice\/#primaryimage\"},\"thumbnailUrl\":\"https:\/\/mojdeh-food.com\/wp-content\/uploads\/2022\/07\/saral-rice-product.jpg\",\"datePublished\":\"2022-06-30T21:48:21+00:00\",\"dateModified\":\"2023-03-05T08:01:06+00:00\",\"description\":\"Pakistan Saral pirinci en pop\u00fcler beyaz ve uzun taneli pirin\u00e7lerden biridir. Safl\u0131k y\u00fczdesi 'in \u00fczerindedir ve 1121 tipindedir. Mojdeh-Food\u2019ta Saral pirinci Al\u0131m ve Fiyat\u0131\",\"breadcrumb\":{\"@id\":\"https:\/\/mojdeh-food.com\/tr\/urun\/pakistani-saral-rice\/#breadcrumb\"},\"inLanguage\":\"tr\",\"potentialAction\":[{\"@type\":\"ReadAction\",\"target\":[\"https:\/\/mojdeh-food.com\/tr\/urun\/pakistani-saral-rice\/\"]}]},{\"@type\":\"ImageObject\",\"inLanguage\":\"tr\",\"@id\":\"https:\/\/mojdeh-food.com\/tr\/urun\/pakistani-saral-rice\/#primaryimage\",\"url\":\"https:\/\/mojdeh-food.com\/wp-content\/uploads\/2022\/07\/saral-rice-product.jpg\",\"contentUrl\":\"https:\/\/mojdeh-food.com\/wp-content\/uploads\/2022\/07\/saral-rice-product.jpg\",\"width\":1080,\"height\":1080,\"caption\":\"pakistani-saral-rice\"},{\"@type\":\"BreadcrumbList\",\"@id\":\"https:\/\/mojdeh-food.com\/tr\/urun\/pakistani-saral-rice\/#breadcrumb\",\"itemListElement\":[{\"@type\":\"ListItem\",\"position\":1,\"name\":\"Ev\",\"item\":\"https:\/\/mojdeh-food.com\/tr\/\"},{\"@type\":\"ListItem\",\"position\":2,\"name\":\"\u0641\u0631\u0648\u0634\u06af\u0627\u0647\",\"item\":\"https:\/\/mojdeh-food.com\/shop\/\"},{\"@type\":\"ListItem\",\"position\":3,\"name\":\"Pakistan Saral pirinci\"}]},{\"@type\":\"WebSite\",\"@id\":\"https:\/\/mojdeh-food.com\/#website\",\"url\":\"https:\/\/mojdeh-food.com\/\",\"name\":\"M\u00dcJDE DA\u011eITIM SANAYI\",\"description\":\"Hint Pakistan \u0130ran pirincinin toptan sat\u0131\u015f\u0131\",\"publisher\":{\"@id\":\"https:\/\/mojdeh-food.com\/#organization\"},\"potentialAction\":[{\"@type\":\"SearchAction\",\"target\":{\"@type\":\"EntryPoint\",\"urlTemplate\":\"https:\/\/mojdeh-food.com\/?s={search_term_string}\"},\"query-input\":{\"@type\":\"PropertyValueSpecification\",\"valueRequired\":true,\"valueName\":\"search_term_string\"}}],\"inLanguage\":\"tr\"},{\"@type\":\"Organization\",\"@id\":\"https:\/\/mojdeh-food.com\/#organization\",\"name\":\"sanat pakhsh mojdeh\",\"url\":\"https:\/\/mojdeh-food.com\/\",\"logo\":{\"@type\":\"ImageObject\",\"inLanguage\":\"tr\",\"@id\":\"https:\/\/mojdeh-food.com\/#\/schema\/logo\/image\/\",\"url\":\"https:\/\/mojdeh-food.com\/wp-content\/uploads\/2022\/06\/logo.png\",\"contentUrl\":\"https:\/\/mojdeh-food.com\/wp-content\/uploads\/2022\/06\/logo.png\",\"width\":1352,\"height\":657,\"caption\":\"sanat pakhsh mojdeh\"},\"image\":{\"@id\":\"https:\/\/mojdeh-food.com\/#\/schema\/logo\/image\/\"},\"sameAs\":[\"https:\/\/www.facebook.com\/mojdehfood\/\",\"https:\/\/youtube.com\/channel\/UCLKVdP8evkYe7Pnts7MeFvw\",\"https:\/\/www.aparat.com\/mojdehfood\",\"https:\/\/wekhed.ir\/mojdehfood\",\"https:\/\/www.instagram.com\/mojdehfood\"]}]}<\/script>\n<!-- \/ Yoast SEO Premium plugin. -->","yoast_head_json":{"title":"pakistani-saral-rice Sat\u0131n alma, fiyat, \u00f6zellikler ve avantajlar","description":"Pakistan Saral pirinci en pop\u00fcler beyaz ve uzun taneli pirin\u00e7lerden biridir. Safl\u0131k y\u00fczdesi 'in \u00fczerindedir ve 1121 tipindedir. Mojdeh-Food\u2019ta Saral pirinci Al\u0131m ve Fiyat\u0131","robots":{"index":"index","follow":"follow","max-snippet":"max-snippet:-1","max-image-preview":"max-image-preview:large","max-video-preview":"max-video-preview:-1"},"canonical":"https:\/\/mojdeh-food.com\/tr\/urun\/pakistani-saral-rice\/","og_locale":"tr_TR","og_type":"article","og_title":"Pakistan Saral pirinci","og_description":"Pakistan Saral pirinci en pop\u00fcler beyaz ve uzun taneli pirin\u00e7lerden biridir. Safl\u0131k y\u00fczdesi 'in \u00fczerindedir ve 1121 tipindedir. Mojdeh-Food\u2019ta Saral pirinci Al\u0131m ve Fiyat\u0131","og_url":"https:\/\/mojdeh-food.com\/tr\/urun\/pakistani-saral-rice\/","og_site_name":"M\u00dcJDE DA\u011eITIM SANAYI","article_publisher":"https:\/\/www.facebook.com\/mojdehfood\/","article_modified_time":"2023-03-05T08:01:06+00:00","og_image":[{"width":1080,"height":1080,"url":"https:\/\/mojdeh-food.com\/wp-content\/uploads\/2022\/07\/saral-rice-product.jpg","type":"image\/jpeg"}],"twitter_card":"summary_large_image","twitter_misc":{"Tahmini okuma s\u00fcresi":"3 dakika"},"schema":{"@context":"https:\/\/schema.org","@graph":[{"@type":"WebPage","@id":"https:\/\/mojdeh-food.com\/tr\/urun\/pakistani-saral-rice\/","url":"https:\/\/mojdeh-food.com\/tr\/urun\/pakistani-saral-rice\/","name":"pakistani-saral-rice Sat\u0131n alma, fiyat, \u00f6zellikler ve avantajlar","isPartOf":{"@id":"https:\/\/mojdeh-food.com\/#website"},"primaryImageOfPage":{"@id":"https:\/\/mojdeh-food.com\/tr\/urun\/pakistani-saral-rice\/#primaryimage"},"image":{"@id":"https:\/\/mojdeh-food.com\/tr\/urun\/pakistani-saral-rice\/#primaryimage"},"thumbnailUrl":"https:\/\/mojdeh-food.com\/wp-content\/uploads\/2022\/07\/saral-rice-product.jpg","datePublished":"2022-06-30T21:48:21+00:00","dateModified":"2023-03-05T08:01:06+00:00","description":"Pakistan Saral pirinci en pop\u00fcler beyaz ve uzun taneli pirin\u00e7lerden biridir. Safl\u0131k y\u00fczdesi 'in \u00fczerindedir ve 1121 tipindedir. Mojdeh-Food\u2019ta Saral pirinci Al\u0131m ve Fiyat\u0131","breadcrumb":{"@id":"https:\/\/mojdeh-food.com\/tr\/urun\/pakistani-saral-rice\/#breadcrumb"},"inLanguage":"tr","potentialAction":[{"@type":"ReadAction","target":["https:\/\/mojdeh-food.com\/tr\/urun\/pakistani-saral-rice\/"]}]},{"@type":"ImageObject","inLanguage":"tr","@id":"https:\/\/mojdeh-food.com\/tr\/urun\/pakistani-saral-rice\/#primaryimage","url":"https:\/\/mojdeh-food.com\/wp-content\/uploads\/2022\/07\/saral-rice-product.jpg","contentUrl":"https:\/\/mojdeh-food.com\/wp-content\/uploads\/2022\/07\/saral-rice-product.jpg","width":1080,"height":1080,"caption":"pakistani-saral-rice"},{"@type":"BreadcrumbList","@id":"https:\/\/mojdeh-food.com\/tr\/urun\/pakistani-saral-rice\/#breadcrumb","itemListElement":[{"@type":"ListItem","position":1,"name":"Ev","item":"https:\/\/mojdeh-food.com\/tr\/"},{"@type":"ListItem","position":2,"name":"\u0641\u0631\u0648\u0634\u06af\u0627\u0647","item":"https:\/\/mojdeh-food.com\/shop\/"},{"@type":"ListItem","position":3,"name":"Pakistan Saral pirinci"}]},{"@type":"WebSite","@id":"https:\/\/mojdeh-food.com\/#website","url":"https:\/\/mojdeh-food.com\/","name":"M\u00dcJDE DA\u011eITIM SANAYI","description":"Hint Pakistan \u0130ran pirincinin toptan sat\u0131\u015f\u0131","publisher":{"@id":"https:\/\/mojdeh-food.com\/#organization"},"potentialAction":[{"@type":"SearchAction","target":{"@type":"EntryPoint","urlTemplate":"https:\/\/mojdeh-food.com\/?s={search_term_string}"},"query-input":{"@type":"PropertyValueSpecification","valueRequired":true,"valueName":"search_term_string"}}],"inLanguage":"tr"},{"@type":"Organization","@id":"https:\/\/mojdeh-food.com\/#organization","name":"sanat pakhsh mojdeh","url":"https:\/\/mojdeh-food.com\/","logo":{"@type":"ImageObject","inLanguage":"tr","@id":"https:\/\/mojdeh-food.com\/#\/schema\/logo\/image\/","url":"https:\/\/mojdeh-food.com\/wp-content\/uploads\/2022\/06\/logo.png","contentUrl":"https:\/\/mojdeh-food.com\/wp-content\/uploads\/2022\/06\/logo.png","width":1352,"height":657,"caption":"sanat pakhsh mojdeh"},"image":{"@id":"https:\/\/mojdeh-food.com\/#\/schema\/logo\/image\/"},"sameAs":["https:\/\/www.facebook.com\/mojdehfood\/","https:\/\/youtube.com\/channel\/UCLKVdP8evkYe7Pnts7MeFvw","https:\/\/www.aparat.com\/mojdehfood","https:\/\/wekhed.ir\/mojdehfood","https:\/\/www.instagram.com\/mojdehfood"]}]}},"_links":{"self":[{"href":"https:\/\/mojdeh-food.com\/tr\/wp-json\/wp\/v2\/product\/6662","targetHints":{"allow":["GET"]}}],"collection":[{"href":"https:\/\/mojdeh-food.com\/tr\/wp-json\/wp\/v2\/product"}],"about":[{"href":"https:\/\/mojdeh-food.com\/tr\/wp-json\/wp\/v2\/types\/product"}],"replies":[{"embeddable":true,"href":"https:\/\/mojdeh-food.com\/tr\/wp-json\/wp\/v2\/comments?post=6662"}],"version-history":[{"count":1,"href":"https:\/\/mojdeh-food.com\/tr\/wp-json\/wp\/v2\/product\/6662\/revisions"}],"predecessor-version":[{"id":6667,"href":"https:\/\/mojdeh-food.com\/tr\/wp-json\/wp\/v2\/product\/6662\/revisions\/6667"}],"wp:featuredmedia":[{"embeddable":true,"href":"https:\/\/mojdeh-food.com\/tr\/wp-json\/wp\/v2\/media\/6022"}],"wp:attachment":[{"href":"https:\/\/mojdeh-food.com\/tr\/wp-json\/wp\/v2\/media?parent=6662"}],"wp:term":[{"taxonomy":"product_brand","embeddable":true,"href":"https:\/\/mojdeh-food.com\/tr\/wp-json\/wp\/v2\/product_brand?post=6662"},{"taxonomy":"product_cat","embeddable":true,"href":"https:\/\/mojdeh-food.com\/tr\/wp-json\/wp\/v2\/product_cat?post=6662"},{"taxonomy":"product_tag","embeddable":true,"href":"https:\/\/mojdeh-food.com\/tr\/wp-json\/wp\/v2\/product_tag?post=6662"}],"curies":[{"name":"wp","href":"https:\/\/api.w.org\/{rel}","templated":true}]}}