{"id":6655,"date":"2022-07-01T02:19:53","date_gmt":"2022-06-30T21:49:53","guid":{"rendered":"https:\/\/mojdeh-food.com\/product\/6655\/"},"modified":"2023-06-08T09:38:51","modified_gmt":"2023-06-08T06:08:51","slug":"iranian-setayesh-rice","status":"publish","type":"product","link":"https:\/\/mojdeh-food.com\/tr\/urun\/iranian-setayesh-rice\/","title":{"rendered":"Setaye\u015f \u0130ran pirinci"},"content":{"rendered":"<ul>\n<li style=\"text-align: left;\">\u0130ranl\u0131 Setaye\u015f pirinci Facr\u0131n m\u00fckemmel tipindedir , eski ve nemsizdir. Bu pirin\u00e7 G\u00fclistan eyaletinde yeti\u015ftirilir ve hasat edilir, bu y\u00fczden (Facre Gorgan) olarak da adland\u0131r\u0131l\u0131r. Bu, Gorgan&#8217;\u0131n en iyi \u00fcr\u00fcn\u00fcd\u00fcr, yani y\u00fcksek verimli, so\u011fuk al\u0131\u015fkanl\u0131\u011f\u0131 olan pirin\u00e7tir ve ona ula\u015fmas\u0131 daha uzun s\u00fcrd\u00fc\u011f\u00fc i\u00e7in da\u011fl\u0131k alanlarda yeti\u015ftirilir.<\/li>\n<li style=\"text-align: left;\"><\/li>\n<li style=\"text-align: left;\">Bildi\u011finiz gibi, pirin\u00e7 ne kadar kuru ve eskiyse, depolamak i\u00e7in o kadar iyidir ve pi\u015firildi\u011finde \u0131slanmaz. Bu \u00fcr\u00fcn en az 2 ay hasat edilmi\u015f olmas\u0131 laz\u0131m ve eski ama iyi pirin\u00e7lerden biridir.<\/li>\n<li style=\"text-align: left;\">Facr Setaye\u015f pirinci en fazla %5 kabuk ve yar\u0131m tane i\u00e7erir, bu y\u00fczden har\u0131ka bir \u00fcr\u00fcn olarak \u00a0\u00a0\u00a0\u00a0adland\u0131r\u0131l\u0131r.<\/li>\n<li style=\"text-align: left;\">Do\u011fal ve ho\u015f bir kokuya sahiptir ve i\u00e7ine herhangi bir aroma eklenmemi\u015ftir.<\/li>\n<li style=\"text-align: left;\">bu \u00fcr\u00fcn\u00fcn tanelerinin boyu 6,6 mm&#8217;dir ve pi\u015ftikten sonra daha da uzan\u0131r ve yakla\u015f\u0131k 10 mm olacakt\u0131r. Bu nedenle restoran ve salonlar pirincin g\u00f6r\u00fcn\u00fcm\u00fcn\u00fc daha iyi g\u00f6stermek i\u00e7in bu \u00fcr\u00fcn\u00fc sat\u0131n al\u0131rlar.<\/li>\n<li style=\"text-align: left;\">Bu \u00fcr\u00fcn, \u00e7o\u011fu restoran ve \u015firketin kulland\u0131\u011f\u0131 en iyi pi\u015fmi\u015f pirin\u00e7lerinden biridir.<\/li>\n<\/ul>\n<ul style=\"text-align: left;\">\n<li>\u0130ranl\u0131 Setaye\u015f pirincinin ambalaj\u0131, en az %20 pamuklu keten kuma\u015f\u0131ndan yap\u0131lm\u0131\u015ft\u0131r ve pirinci kuru bir yerde saklamak i\u00e7in idealdir. \u00c7\u00fcnk\u00fc pirincin nemini emerek \u00e7uval i\u00e7erisinde b\u00f6ceklerin \u00e7o\u011falmas\u0131na engel olacakt\u0131r.<\/li>\n<li>Taneciklerin rengi kremsi beyaz veya mat beyazd\u0131r.<\/li>\n<\/ul>\n<h2 style=\"text-align: left;\">Avantajlar<\/h2>\n<ol style=\"text-align: left;\">\n<li>\u0130ran pirincine kar\u015f\u0131la\u015ft\u0131rd\u0131\u011f\u0131m\u0131zda daha uygun fiyat: ara\u015ft\u0131rmac\u0131lar bu pirincin soyunu ve cinsini d\u00fczeltip sonra iyile\u015ftirdiler ; Sonu\u00e7 olarak, tarlac\u0131lar\u0131n daha az \u00e7abas\u0131yla daha fazla \u00fcr\u00fcn verir ve ayr\u0131ca da \u00e7ok verimli olur. Dolay\u0131s\u0131yla \u0130ran pirincinin aromas\u0131na ve tad\u0131na sahip olmas\u0131n\u0131n yan\u0131 s\u0131ra fiyat\u0131 da daha d\u00fc\u015f\u00fckt\u00fcr.<\/li>\n<li>Yeniden Is\u0131tt\u0131ktan Sonra Kalitesinin Korunmas\u0131: \u0130ranl\u0131 Setaye\u015f pirincini pi\u015firdikten sonra buzdolab\u0131na veya derin dondurucuya koyup bir sonraki kullan\u0131m i\u00e7in tekrar \u0131s\u0131t\u0131rsan\u0131z, ilk seferkiyle ayn\u0131 kaliteye sahiptir.<\/li>\n<li>Tanelerin m\u00fckemmel art\u0131\u015f\u0131: uzad\u0131\u011f\u0131 ve pi\u015firildikten sonra iyice artmas\u0131 i\u00e7in, Sofran\u0131za ve pilav\u0131n\u0131za g\u00fczel bir g\u00f6r\u00fcn\u00fcm kazand\u0131racakt\u0131r<\/li>\n<li>Ulusal ve uluslararas\u0131 t\u00fcm standartlara sahiptir.<\/li>\n<li>S\u00fczge\u00e7ten ge\u00e7irdi\u011finiz zaman taneleri a\u00e7\u0131lmaz ve birbirine yap\u0131\u015fmaz ve biti\u015fik olmaz.<\/li>\n<li>Setaye\u015f \u00fcr\u00fcn\u00fcn birka\u00e7 \u00fcretim d\u00f6neminde har\u0131ka ve sab\u0131t kaliteyi yakalyabilmek .<\/li>\n<li>Geni\u015f da\u011f\u0131t\u0131m kanal\u0131 ve sad\u0131k m\u00fc\u015fteriler<\/li>\n<li>Tacirler ve b\u00fcy\u00fck sat\u0131c\u0131lar\u0131n ihtiya\u00e7lar\u0131n\u0131 kar\u015f\u0131lamada y\u00fcksek h\u0131z<\/li>\n<li>\u0130ran genelinde \u00e7evrimi\u00e7i ve y\u00fcz y\u00fcze sat\u0131\u015f<\/li>\n<\/ol>\n<h3 style=\"text-align: left;\">\u0130ran Setaye\u015f pirincinin fiyat\u0131<\/h3>\n<p style=\"text-align: left;\">Yukar\u0131da bahsedildi\u011fi gibi, \u00e7ift\u00e7iler i\u00e7in ekim ve hasat s\u0131ras\u0131nda daha az zahmetli olmas\u0131 ve di\u011fer pirin\u00e7 t\u00fcrlerine g\u00f6re daha y\u00fcksek verim sa\u011flamas\u0131 nedeniyle maliyeti daha d\u00fc\u015f\u00fckt\u00fcr. Cesaretle s\u00f6yleyebiliriz ki, kalitesi ve \u0130ran lezzetinin yan\u0131 s\u0131ra fiyat\u0131 da uygun. Restoranlar\u0131n ve firmalar\u0131n bu \u00fcr\u00fcne ge\u00e7mesinin sebeplerinden biri belki de bu nedendir.<\/p>\n<p style=\"text-align: left;\">\u0130ran Setaye\u015f\u00a0 pirincinin kesin ve g\u00fcncel fiyat\u0131 i\u00e7in elbette 0098 21-49046100 numaral\u0131 telefondan ileti\u015fime ge\u00e7ebilirsiniz. Meslekta\u015flar\u0131m\u0131z, i\u015f g\u00fcnlerinde sabah 9&#8217;dan ak\u015fam 5&#8217;e kadar sorular\u0131n\u0131z\u0131 yan\u0131tlamaya haz\u0131rd\u0131r.<\/p>\n<h3 dir=\"ltr\" style=\"text-align: left;\">Facr Setaye\u015f pirinci sat\u0131n al\u0131nmas\u0131<\/h3>\n<p style=\"text-align: left;\">Setaye\u015f \u00a0\u00fcr\u00fcnlerini \u00e7evrimi\u00e7i veya \u015fahsen sat\u0131n alabilirsiniz. Bu \u00fcr\u00fcn\u00fcn \u00fclke genelinde, \u00f6zellikle g\u00fcney b\u00f6lgelerinde yayg\u0131n olarak da\u011f\u0131t\u0131lmas\u0131, hepinizin i\u015fini kolayla\u015ft\u0131rm\u0131\u015f, eri\u015fimin h\u0131zl\u0131 ve kolay olmas\u0131n\u0131 sa\u011flam\u0131\u015ft\u0131r.<\/p>\n<p style=\"text-align: left;\">\u00a0 Digikala&#8217;dan Satash \u0130ran pirincinin do\u011frudan sat\u0131n alma ba\u011flant\u0131s\u0131<\/p>\n<table class=\" alignleft\">\n<tbody>\n<tr>\n<td width=\"175\">Tane b\u00fcy\u00fckl\u00fc\u011f\u00fc<\/td>\n<td width=\"216\">Boyu 6.6\u00a0 \/ Eni 1.91<\/td>\n<\/tr>\n<tr>\n<td width=\"175\">Tah\u0131l rengi<\/td>\n<td width=\"216\">Kremsi beyaz<\/td>\n<\/tr>\n<tr>\n<td width=\"175\">Safl\u0131k<\/td>\n<td width=\"216\">%93&#8217;\u00fcn \u00fczeri<\/td>\n<\/tr>\n<tr>\n<td width=\"175\">Tip<\/td>\n<td width=\"216\">Fecr M\u00fcmtaz Gorgan<\/td>\n<\/tr>\n<tr>\n<td width=\"175\">Ba\u015fl\u0131k<\/td>\n<td width=\"216\">\u0130ran<\/td>\n<\/tr>\n<tr>\n<td width=\"175\">Koku<\/td>\n<td width=\"216\">normal<\/td>\n<\/tr>\n<tr>\n<td width=\"175\">Aroma<\/td>\n<td width=\"216\">yoktur<\/td>\n<\/tr>\n<tr>\n<td width=\"175\">Paketleme<\/td>\n<td width=\"216\">Pamuklu veya en az %20 pamuk<\/td>\n<\/tr>\n<tr>\n<td width=\"175\">Paket a\u011f\u0131rl\u0131\u011f\u0131<\/td>\n<td width=\"216\">10 kg ve 5 kg<\/td>\n<\/tr>\n<tr>\n<td width=\"175\">Sa\u011fl\u0131k ruhsat numaras\u0131<\/td>\n<td width=\"216\">Z\/1078\/18<\/td>\n<\/tr>\n<\/tbody>\n<\/table>\n","protected":false},"excerpt":{"rendered":"<p>\u0130ranl\u0131 Setaye\u015f pirinci Facr\u0131n m\u00fckemmel tipindedir , eski ve nemsizdir. Bu pirin\u00e7 G\u00fclistan eyaletinde yeti\u015ftirilir ve hasat edilir, bu y\u00fczden (Facre Gorgan) olarak da adland\u0131r\u0131l\u0131r. Bu, Gorgan&#8217;\u0131n en iyi \u00fcr\u00fcn\u00fcd\u00fcr, yani y\u00fcksek verimli, so\u011fuk al\u0131\u015fkanl\u0131\u011f\u0131 olan pirin\u00e7tir ve ona ula\u015fmas\u0131 daha uzun s\u00fcrd\u00fc\u011f\u00fc i\u00e7in da\u011fl\u0131k alanlarda yeti\u015ftirilir. Bildi\u011finiz gibi, pirin\u00e7 ne kadar kuru ve eskiyse, [&hellip;]<\/p>\n","protected":false},"featured_media":6024,"comment_status":"open","ping_status":"closed","template":"","meta":[],"product_brand":[],"product_cat":[431,261],"product_tag":[],"class_list":{"0":"post-6655","1":"product","2":"type-product","3":"status-publish","4":"has-post-thumbnail","6":"product_cat-pirinci","7":"product_cat-setayesh-tr","8":"pa_aroma-normal","9":"pa_brand-setayesh","10":"pa_country-iran","11":"pa_grain-size-width-1-9-mm","12":"pa_grain-size-uzunluk-6-6-mm","13":"pa_health-license-number--1078-18-tr","14":"pa_package-weight-10-kg","15":"pa_package-weight-1000-kg","16":"pa_package-weight-2000-kg","17":"pa_package-weight-5-kg","18":"pa_package-weight-500-kg","19":"pa_packing-cotton-fabric-with-at-least-20-cotton","20":"pa_purity-above-93","21":"pa_seed-color-creamy-white","22":"pa_smell-normal","23":"pa_sort-fajr-mumtaz-gorgan","24":"pa_title-iranian","26":"first","27":"outofstock","28":"sold-individually","29":"shipping-taxable","30":"product-type-variable","31":"has-default-attributes"},"yoast_head":"<!-- This site is optimized with the Yoast SEO Premium plugin v20.6 (Yoast SEO v24.7) - https:\/\/yoast.com\/wordpress\/plugins\/seo\/ -->\n<title>setaye\u015f \u0130ran pirinci Sat\u0131n alma, fiyat, \u00f6zellikler ve avantajlar<\/title>\n<meta name=\"description\" content=\"\u0130ran Fecr pirinci m\u00fckemmeldir.Tane uzunlu\u011fu 6.6 mm ve safl\u0131\u011f\u0131 &#039;\u00fcn \u00fczerindedir.Fajr pirincinin fiyat\u0131 ve sat\u0131n al\u0131nmas\u0131 ile ilgili bilgiler Mojdeh-Food web sitesinde\" \/>\n<meta name=\"robots\" content=\"index, follow, max-snippet:-1, max-image-preview:large, max-video-preview:-1\" \/>\n<link rel=\"canonical\" href=\"https:\/\/mojdeh-food.com\/tr\/urun\/iranian-setayesh-rice\/\" \/>\n<meta property=\"og:locale\" content=\"tr_TR\" \/>\n<meta property=\"og:type\" content=\"article\" \/>\n<meta property=\"og:title\" content=\"Setaye\u015f \u0130ran pirinci\" \/>\n<meta property=\"og:description\" content=\"\u0130ran Fecr pirinci m\u00fckemmeldir.Tane uzunlu\u011fu 6.6 mm ve safl\u0131\u011f\u0131 &#039;\u00fcn \u00fczerindedir.Fajr pirincinin fiyat\u0131 ve sat\u0131n al\u0131nmas\u0131 ile ilgili bilgiler Mojdeh-Food web sitesinde\" \/>\n<meta property=\"og:url\" content=\"https:\/\/mojdeh-food.com\/tr\/urun\/iranian-setayesh-rice\/\" \/>\n<meta property=\"og:site_name\" content=\"M\u00dcJDE DA\u011eITIM SANAYI\" \/>\n<meta property=\"article:publisher\" content=\"https:\/\/www.facebook.com\/mojdehfood\/\" \/>\n<meta property=\"article:modified_time\" content=\"2023-06-08T06:08:51+00:00\" \/>\n<meta property=\"og:image\" content=\"https:\/\/mojdeh-food.com\/wp-content\/uploads\/2022\/07\/setayesh-rice-irani-product.jpg\" \/>\n\t<meta property=\"og:image:width\" content=\"1080\" \/>\n\t<meta property=\"og:image:height\" content=\"1080\" \/>\n\t<meta property=\"og:image:type\" content=\"image\/jpeg\" \/>\n<meta name=\"twitter:card\" content=\"summary_large_image\" \/>\n<meta name=\"twitter:label1\" content=\"Tahmini okuma s\u00fcresi\" \/>\n\t<meta name=\"twitter:data1\" content=\"3 dakika\" \/>\n<script type=\"application\/ld+json\" class=\"yoast-schema-graph\">{\"@context\":\"https:\/\/schema.org\",\"@graph\":[{\"@type\":\"WebPage\",\"@id\":\"https:\/\/mojdeh-food.com\/tr\/urun\/iranian-setayesh-rice\/\",\"url\":\"https:\/\/mojdeh-food.com\/tr\/urun\/iranian-setayesh-rice\/\",\"name\":\"setaye\u015f \u0130ran pirinci Sat\u0131n alma, fiyat, \u00f6zellikler ve avantajlar\",\"isPartOf\":{\"@id\":\"https:\/\/mojdeh-food.com\/#website\"},\"primaryImageOfPage\":{\"@id\":\"https:\/\/mojdeh-food.com\/tr\/urun\/iranian-setayesh-rice\/#primaryimage\"},\"image\":{\"@id\":\"https:\/\/mojdeh-food.com\/tr\/urun\/iranian-setayesh-rice\/#primaryimage\"},\"thumbnailUrl\":\"https:\/\/mojdeh-food.com\/wp-content\/uploads\/2022\/07\/setayesh-rice-irani-product.jpg\",\"datePublished\":\"2022-06-30T21:49:53+00:00\",\"dateModified\":\"2023-06-08T06:08:51+00:00\",\"description\":\"\u0130ran Fecr pirinci m\u00fckemmeldir.Tane uzunlu\u011fu 6.6 mm ve safl\u0131\u011f\u0131 '\u00fcn \u00fczerindedir.Fajr pirincinin fiyat\u0131 ve sat\u0131n al\u0131nmas\u0131 ile ilgili bilgiler Mojdeh-Food web sitesinde\",\"breadcrumb\":{\"@id\":\"https:\/\/mojdeh-food.com\/tr\/urun\/iranian-setayesh-rice\/#breadcrumb\"},\"inLanguage\":\"tr\",\"potentialAction\":[{\"@type\":\"ReadAction\",\"target\":[\"https:\/\/mojdeh-food.com\/tr\/urun\/iranian-setayesh-rice\/\"]}]},{\"@type\":\"ImageObject\",\"inLanguage\":\"tr\",\"@id\":\"https:\/\/mojdeh-food.com\/tr\/urun\/iranian-setayesh-rice\/#primaryimage\",\"url\":\"https:\/\/mojdeh-food.com\/wp-content\/uploads\/2022\/07\/setayesh-rice-irani-product.jpg\",\"contentUrl\":\"https:\/\/mojdeh-food.com\/wp-content\/uploads\/2022\/07\/setayesh-rice-irani-product.jpg\",\"width\":1080,\"height\":1080,\"caption\":\"setaye\u015f \u0130ran pirinci resmi\"},{\"@type\":\"BreadcrumbList\",\"@id\":\"https:\/\/mojdeh-food.com\/tr\/urun\/iranian-setayesh-rice\/#breadcrumb\",\"itemListElement\":[{\"@type\":\"ListItem\",\"position\":1,\"name\":\"Ev\",\"item\":\"https:\/\/mojdeh-food.com\/tr\/\"},{\"@type\":\"ListItem\",\"position\":2,\"name\":\"\u0641\u0631\u0648\u0634\u06af\u0627\u0647\",\"item\":\"https:\/\/mojdeh-food.com\/shop\/\"},{\"@type\":\"ListItem\",\"position\":3,\"name\":\"Setaye\u015f \u0130ran pirinci\"}]},{\"@type\":\"WebSite\",\"@id\":\"https:\/\/mojdeh-food.com\/#website\",\"url\":\"https:\/\/mojdeh-food.com\/\",\"name\":\"M\u00dcJDE DA\u011eITIM SANAYI\",\"description\":\"Hint Pakistan \u0130ran pirincinin toptan sat\u0131\u015f\u0131\",\"publisher\":{\"@id\":\"https:\/\/mojdeh-food.com\/#organization\"},\"potentialAction\":[{\"@type\":\"SearchAction\",\"target\":{\"@type\":\"EntryPoint\",\"urlTemplate\":\"https:\/\/mojdeh-food.com\/?s={search_term_string}\"},\"query-input\":{\"@type\":\"PropertyValueSpecification\",\"valueRequired\":true,\"valueName\":\"search_term_string\"}}],\"inLanguage\":\"tr\"},{\"@type\":\"Organization\",\"@id\":\"https:\/\/mojdeh-food.com\/#organization\",\"name\":\"sanat pakhsh mojdeh\",\"url\":\"https:\/\/mojdeh-food.com\/\",\"logo\":{\"@type\":\"ImageObject\",\"inLanguage\":\"tr\",\"@id\":\"https:\/\/mojdeh-food.com\/#\/schema\/logo\/image\/\",\"url\":\"https:\/\/mojdeh-food.com\/wp-content\/uploads\/2022\/06\/logo.png\",\"contentUrl\":\"https:\/\/mojdeh-food.com\/wp-content\/uploads\/2022\/06\/logo.png\",\"width\":1352,\"height\":657,\"caption\":\"sanat pakhsh mojdeh\"},\"image\":{\"@id\":\"https:\/\/mojdeh-food.com\/#\/schema\/logo\/image\/\"},\"sameAs\":[\"https:\/\/www.facebook.com\/mojdehfood\/\",\"https:\/\/youtube.com\/channel\/UCLKVdP8evkYe7Pnts7MeFvw\",\"https:\/\/www.aparat.com\/mojdehfood\",\"https:\/\/wekhed.ir\/mojdehfood\",\"https:\/\/www.instagram.com\/mojdehfood\"]}]}<\/script>\n<!-- \/ Yoast SEO Premium plugin. -->","yoast_head_json":{"title":"setaye\u015f \u0130ran pirinci Sat\u0131n alma, fiyat, \u00f6zellikler ve avantajlar","description":"\u0130ran Fecr pirinci m\u00fckemmeldir.Tane uzunlu\u011fu 6.6 mm ve safl\u0131\u011f\u0131 '\u00fcn \u00fczerindedir.Fajr pirincinin fiyat\u0131 ve sat\u0131n al\u0131nmas\u0131 ile ilgili bilgiler Mojdeh-Food web sitesinde","robots":{"index":"index","follow":"follow","max-snippet":"max-snippet:-1","max-image-preview":"max-image-preview:large","max-video-preview":"max-video-preview:-1"},"canonical":"https:\/\/mojdeh-food.com\/tr\/urun\/iranian-setayesh-rice\/","og_locale":"tr_TR","og_type":"article","og_title":"Setaye\u015f \u0130ran pirinci","og_description":"\u0130ran Fecr pirinci m\u00fckemmeldir.Tane uzunlu\u011fu 6.6 mm ve safl\u0131\u011f\u0131 '\u00fcn \u00fczerindedir.Fajr pirincinin fiyat\u0131 ve sat\u0131n al\u0131nmas\u0131 ile ilgili bilgiler Mojdeh-Food web sitesinde","og_url":"https:\/\/mojdeh-food.com\/tr\/urun\/iranian-setayesh-rice\/","og_site_name":"M\u00dcJDE DA\u011eITIM SANAYI","article_publisher":"https:\/\/www.facebook.com\/mojdehfood\/","article_modified_time":"2023-06-08T06:08:51+00:00","og_image":[{"width":1080,"height":1080,"url":"https:\/\/mojdeh-food.com\/wp-content\/uploads\/2022\/07\/setayesh-rice-irani-product.jpg","type":"image\/jpeg"}],"twitter_card":"summary_large_image","twitter_misc":{"Tahmini okuma s\u00fcresi":"3 dakika"},"schema":{"@context":"https:\/\/schema.org","@graph":[{"@type":"WebPage","@id":"https:\/\/mojdeh-food.com\/tr\/urun\/iranian-setayesh-rice\/","url":"https:\/\/mojdeh-food.com\/tr\/urun\/iranian-setayesh-rice\/","name":"setaye\u015f \u0130ran pirinci Sat\u0131n alma, fiyat, \u00f6zellikler ve avantajlar","isPartOf":{"@id":"https:\/\/mojdeh-food.com\/#website"},"primaryImageOfPage":{"@id":"https:\/\/mojdeh-food.com\/tr\/urun\/iranian-setayesh-rice\/#primaryimage"},"image":{"@id":"https:\/\/mojdeh-food.com\/tr\/urun\/iranian-setayesh-rice\/#primaryimage"},"thumbnailUrl":"https:\/\/mojdeh-food.com\/wp-content\/uploads\/2022\/07\/setayesh-rice-irani-product.jpg","datePublished":"2022-06-30T21:49:53+00:00","dateModified":"2023-06-08T06:08:51+00:00","description":"\u0130ran Fecr pirinci m\u00fckemmeldir.Tane uzunlu\u011fu 6.6 mm ve safl\u0131\u011f\u0131 '\u00fcn \u00fczerindedir.Fajr pirincinin fiyat\u0131 ve sat\u0131n al\u0131nmas\u0131 ile ilgili bilgiler Mojdeh-Food web sitesinde","breadcrumb":{"@id":"https:\/\/mojdeh-food.com\/tr\/urun\/iranian-setayesh-rice\/#breadcrumb"},"inLanguage":"tr","potentialAction":[{"@type":"ReadAction","target":["https:\/\/mojdeh-food.com\/tr\/urun\/iranian-setayesh-rice\/"]}]},{"@type":"ImageObject","inLanguage":"tr","@id":"https:\/\/mojdeh-food.com\/tr\/urun\/iranian-setayesh-rice\/#primaryimage","url":"https:\/\/mojdeh-food.com\/wp-content\/uploads\/2022\/07\/setayesh-rice-irani-product.jpg","contentUrl":"https:\/\/mojdeh-food.com\/wp-content\/uploads\/2022\/07\/setayesh-rice-irani-product.jpg","width":1080,"height":1080,"caption":"setaye\u015f \u0130ran pirinci resmi"},{"@type":"BreadcrumbList","@id":"https:\/\/mojdeh-food.com\/tr\/urun\/iranian-setayesh-rice\/#breadcrumb","itemListElement":[{"@type":"ListItem","position":1,"name":"Ev","item":"https:\/\/mojdeh-food.com\/tr\/"},{"@type":"ListItem","position":2,"name":"\u0641\u0631\u0648\u0634\u06af\u0627\u0647","item":"https:\/\/mojdeh-food.com\/shop\/"},{"@type":"ListItem","position":3,"name":"Setaye\u015f \u0130ran pirinci"}]},{"@type":"WebSite","@id":"https:\/\/mojdeh-food.com\/#website","url":"https:\/\/mojdeh-food.com\/","name":"M\u00dcJDE DA\u011eITIM SANAYI","description":"Hint Pakistan \u0130ran pirincinin toptan sat\u0131\u015f\u0131","publisher":{"@id":"https:\/\/mojdeh-food.com\/#organization"},"potentialAction":[{"@type":"SearchAction","target":{"@type":"EntryPoint","urlTemplate":"https:\/\/mojdeh-food.com\/?s={search_term_string}"},"query-input":{"@type":"PropertyValueSpecification","valueRequired":true,"valueName":"search_term_string"}}],"inLanguage":"tr"},{"@type":"Organization","@id":"https:\/\/mojdeh-food.com\/#organization","name":"sanat pakhsh mojdeh","url":"https:\/\/mojdeh-food.com\/","logo":{"@type":"ImageObject","inLanguage":"tr","@id":"https:\/\/mojdeh-food.com\/#\/schema\/logo\/image\/","url":"https:\/\/mojdeh-food.com\/wp-content\/uploads\/2022\/06\/logo.png","contentUrl":"https:\/\/mojdeh-food.com\/wp-content\/uploads\/2022\/06\/logo.png","width":1352,"height":657,"caption":"sanat pakhsh mojdeh"},"image":{"@id":"https:\/\/mojdeh-food.com\/#\/schema\/logo\/image\/"},"sameAs":["https:\/\/www.facebook.com\/mojdehfood\/","https:\/\/youtube.com\/channel\/UCLKVdP8evkYe7Pnts7MeFvw","https:\/\/www.aparat.com\/mojdehfood","https:\/\/wekhed.ir\/mojdehfood","https:\/\/www.instagram.com\/mojdehfood"]}]}},"_links":{"self":[{"href":"https:\/\/mojdeh-food.com\/tr\/wp-json\/wp\/v2\/product\/6655","targetHints":{"allow":["GET"]}}],"collection":[{"href":"https:\/\/mojdeh-food.com\/tr\/wp-json\/wp\/v2\/product"}],"about":[{"href":"https:\/\/mojdeh-food.com\/tr\/wp-json\/wp\/v2\/types\/product"}],"replies":[{"embeddable":true,"href":"https:\/\/mojdeh-food.com\/tr\/wp-json\/wp\/v2\/comments?post=6655"}],"version-history":[{"count":2,"href":"https:\/\/mojdeh-food.com\/tr\/wp-json\/wp\/v2\/product\/6655\/revisions"}],"predecessor-version":[{"id":6668,"href":"https:\/\/mojdeh-food.com\/tr\/wp-json\/wp\/v2\/product\/6655\/revisions\/6668"}],"wp:featuredmedia":[{"embeddable":true,"href":"https:\/\/mojdeh-food.com\/tr\/wp-json\/wp\/v2\/media\/6024"}],"wp:attachment":[{"href":"https:\/\/mojdeh-food.com\/tr\/wp-json\/wp\/v2\/media?parent=6655"}],"wp:term":[{"taxonomy":"product_brand","embeddable":true,"href":"https:\/\/mojdeh-food.com\/tr\/wp-json\/wp\/v2\/product_brand?post=6655"},{"taxonomy":"product_cat","embeddable":true,"href":"https:\/\/mojdeh-food.com\/tr\/wp-json\/wp\/v2\/product_cat?post=6655"},{"taxonomy":"product_tag","embeddable":true,"href":"https:\/\/mojdeh-food.com\/tr\/wp-json\/wp\/v2\/product_tag?post=6655"}],"curies":[{"name":"wp","href":"https:\/\/api.w.org\/{rel}","templated":true}]}}