{"id":6558,"date":"2022-07-01T23:37:22","date_gmt":"2022-07-01T19:07:22","guid":{"rendered":"https:\/\/mojdeh-food.com\/product\/pakistanli-setayes-pirinci\/"},"modified":"2023-06-10T09:02:49","modified_gmt":"2023-06-10T05:32:49","slug":"pakistani-setayesh-rice-2","status":"publish","type":"product","link":"https:\/\/mojdeh-food.com\/tr\/urun\/pakistani-setayesh-rice-2\/","title":{"rendered":"Pakistanl\u0131 Setaye\u015f pirinci"},"content":{"rendered":"<p>Ekonomik ve homojen bir pirin\u00e7 ar\u0131yorsan\u0131z biz size Pakistan pirincini \u00f6neriyoruz. Kalitesinden ve lezzetinden emin olmak i\u00e7in bir kere denemeniz bile yeterli. Bu \u00fcr\u00fcn\u00fcn ad\u0131n\u0131 Google&#8217;de veya Digikala&#8217;da aray\u0131n ve t\u00fcketicilerin Pakistanl\u0131 Setaye\u015f pirincinin sat\u0131n alma konusundaki g\u00f6r\u00fc\u015flerini okuyun. %100 m\u00fc\u015fteri memnuniyeti, her zaman daha kaliteli \u00fcr\u00fcnler \u00fcretmek ve mevcut kaliteyi korumak i\u00e7in bize cesaret ve motivasyon vermektedir.<\/p>\n<h2><strong>Pakistanl\u0131 Setaye\u015f pirinci \u00f6zellikleri<\/strong><\/h2>\n<ul>\n<li>S\u00fcper Basmati pirinci, i\u00e7erdi\u011fi \u00f6zel protein sayesinde e\u015fsiz bir tada sahiptir. Kilo verme diyetine ba\u015flayan ve pirin\u00e7 sofralar\u0131n\u0131n d\u00fczenli bir par\u00e7as\u0131 olan insanlar i\u00e7in Pakistan pirinci, \u00e7ok fazla protein i\u00e7erdi\u011fi i\u00e7in m\u00fckemmel bir se\u00e7imdir.<\/li>\n<li>Pakistanl\u0131 Setaye\u015f \u00fcr\u00fcn\u00fc uzun taneli olup uzunlu\u011fu yan\u0131 boyu yakla\u015f\u0131k 7,2 mm ve geni\u015fli\u011fi yan\u0131 eni 1,8 mm&#8217;dir. Pi\u015ftikten sonra uzunlu\u011fu ve geni\u015fli\u011fi 2 kat\u0131na kadar artacakt\u0131r.<\/li>\n<li>Bu \u00fcr\u00fcn\u00fcn en \u00f6nemli \u00f6zelli\u011fi %95&#8217;in \u00fczerinde saf olmas\u0131d\u0131r. Bu safl\u0131k seviyesi, S\u00fcper Basmati&#8217;nin \u0130ran ve d\u00fcnya pazar\u0131nda bulunan en temiz ve en homojen pirin\u00e7lerden biri oldu\u011funu g\u00f6stermektedir.<\/li>\n<li>\u00c7ok kolay pi\u015firilir ve pilav haz\u0131rlamak i\u00e7in uzun s\u00fcre mutfakta kalman\u0131za gerek yoktur.<\/li>\n<li>Ambalaj \u00e7ift katl\u0131d\u0131r. \u0130\u00e7inde pirin\u00e7 olan ince beyaz bir \u00e7anta ve fermuarl\u0131 ve tasar\u0131ml\u0131 ana \u00e7anta. Pirinci \u00e7\u0131kard\u0131ktan sonra \u00e7antay\u0131 fermuar ile kolayca kapatabilirsiniz.<\/li>\n<li>S\u00fczerek pi\u015firilirse tad\u0131 \u0130ran pirinci gibi olur ve aromas\u0131 di\u011fer yabanc\u0131 pirin\u00e7lere benzer. Elbette bu \u00fcr\u00fcn\u00fcn ya\u011fs\u0131z p\u0131lav\u0131da iyi pi\u015firiliyor ve aceleniz varsa \u00e7ok uygun bir se\u00e7enek.<\/li>\n<li>B1, C ve A vitaminlerini i\u00e7erir. Sonu\u00e7 olarak v\u00fccudunuzun antioksidan seviyesi y\u00fckselir ve a\u011f\u0131r metal miktar\u0131 izin verilen s\u0131n\u0131r\u0131n \u00e7ok alt\u0131nda oldu\u011fu i\u00e7in kanseri \u00f6nler.<\/li>\n<\/ul>\n<p>Bu \u00fcr\u00fcn\u00fcn <span style=\"color: #ff6600;\"><a style=\"color: #ff6600;\" href=\"https:\/\/mojdeh-food.com\/product\/pakistani-saral-rice\/\" target=\"_blank\" rel=\"noopener\"><strong>Pakistan Saral pirinci <\/strong><\/a><\/span> ile kar\u015f\u0131la\u015ft\u0131r\u0131lmas\u0131<\/p>\n<h3><strong>Avantajlar<\/strong><\/h3>\n<ol>\n<li>Pakistanl\u0131 Setaye\u015f pirinci proteininden dolay\u0131, sizi doyurur ve fazla kilo alman\u0131z\u0131 engeller.<\/li>\n<li>\u0130ranl\u0131 aileler i\u00e7in ekonomik, kaliteli ve sa\u011fl\u0131kl\u0131 bir \u00fcr\u00fcn.<\/li>\n<li>M\u00fckemmel ve e\u015fit \u015fekilde pi\u015firir ve \u00e7ok yumu\u015fakt\u0131r. Yemek pi\u015firirken \u0130ranl\u0131 pirincin aromas\u0131n\u0131n evinize yay\u0131lmas\u0131n\u0131 istiyorsan\u0131z, buna bir \u0130ranl\u0131 La\u015fe pirincini ekleyebilirsiniz.<\/li>\n<li>S\u00fcper Basmati pirinci \u00e7ok d\u00fc\u015f\u00fck d\u00fczeyde arsenik, kur\u015fun ve kadmiyum i\u00e7erir, bu da D\u00fcnya Standart \u00d6rg\u00fct\u00fc&#8217;n\u00fcn kabul edilebilir s\u0131n\u0131r\u0131n\u0131n \u00e7ok alt\u0131ndad\u0131r. Bu nedenle d\u00fcnyadaki en sa\u011fl\u0131kl\u0131 ve en zarars\u0131z pirin\u00e7lerden biridir.<\/li>\n<li>Normal \u0130ran pirinciyle yar\u0131\u015f\u0131r ve lezzetlidir.<\/li>\n<li>Pilav\u0131n s\u00fczge\u00e7 \u015feklinde haz\u0131rlan\u0131\u015f\u0131 ve ya\u011fs\u0131z p\u0131lav\u0131 olarak m\u00fckemmeldir.<\/li>\n<li>Ambalaj\u0131n a\u00e7\u0131lmas\u0131 ve kapat\u0131lmas\u0131 kolay bir fermuara sahiptir.<\/li>\n<li>bu \u00fcr\u00fcn Sodyum i\u00e7erdi\u011fi nedeniyle kolesterol\u00fc kontrol eder ve kalp hastal\u0131\u011f\u0131 riskini azalt\u0131r.<\/li>\n<li>Boyu iki kat\u0131na kadar uzar ve taneleri upuzundur.<\/li>\n<li>Basmati pirinci, lif i\u00e7erdi\u011fi i\u00e7in kab\u0131zl\u0131\u011f\u0131 b\u00fcy\u00fck \u00f6l\u00e7\u00fcde azalt\u0131r.<\/li>\n<\/ol>\n<p>Mojdeh-Food web sitesinden <a href=\"https:\/\/mojdeh-food.com\/tr\/urun\/iranian-setayesh-rice\/\" target=\"_blank\" rel=\"noopener\">\u0130ranl\u0131 setaye\u015f pirincini<\/a> sat\u0131n al\u0131n\u0131z.<\/p>\n<h3><strong>Pakistanl\u0131 Setaye\u015f pirincinin fiyat\u0131<\/strong><\/h3>\n<p>(biliyorsunuz ki ) \u0130thal pirin\u00e7 do\u011frudan d\u00f6viz ve dolar\u0131n fiyat\u0131na ba\u011fl\u0131d\u0131r, bu y\u00fczden S\u00fcper Basmati&#8217;yi sabit bir fiyat oldu\u011funu de\u011ferlendiremeyiz. Ancak bu \u00fcr\u00fcn 1&#8217;den 7&#8217;ye kadar ev ondal\u0131\u011f\u0131 aileler aras\u0131nda (yani ailelerin yakla\u015f\u0131k %88&#8217;i)<br \/>\n\u00f6zel bir yer edindi\u011fi i\u00e7in,\u00e7ok d\u00fc\u015f\u00fck k\u00e2r marj\u0131 ile pazarlamaya \u00e7al\u0131\u015ft\u0131k. . Pakistan pirincinin tek ve toptan fiyat\u0131n\u0131 \u00f6\u011frenmek i\u00e7in <span style=\"color: #ff6600;\"><a style=\"color: #ff6600;\" href=\"https:\/\/www.mojdeh-food.com\" target=\"_blank\" rel=\"noopener\">M\u00dcJDE DA\u011eITIM SANAYI\u2019s\u0131<\/a><\/span> olarak uzmanlar\u0131m\u0131zla hemen 0098 21-49046100 numaral\u0131 telefondan ileti\u015fime ge\u00e7in.<\/p>\n<h3><strong>Setaye\u015f S\u00fcper basmatiyi sat\u0131n al\u0131n<\/strong><\/h3>\n<p>Bu \u00fcr\u00fcn\u00fcn \u00e7e\u015fitli da\u011f\u0131t\u0131m kanallar\u0131 vard\u0131r ve \u015fahsen veya \u00e7evrimi\u00e7i olarak sat\u0131n alabilirsiniz. \u0130ran&#8217;\u0131n do\u011fusundaki ve g\u00fcneyindeki i\u015f adamlar\u0131 ve perakendecilerin hemen hemen \u00e7o\u011funda d\u00fckk\u00e2nlar\u0131nda Pakistan Setaye\u015f pirinci bulunur ve bunu ikamet etti\u011finiz yere en yak\u0131n ma\u011fazadan bizzat sat\u0131n alabilirsiniz. \u00dcr\u00fcn\u00fc online olarak sat\u0131n almak istiyorsan\u0131z , M\u00dcJDE DA\u011eITIM SANAYI\u2019s\u0131 Digikala&#8217;daki ma\u011fazas\u0131ndan sat\u0131n alma i\u015fleminizi ger\u00e7ekle\u015ftirebilirsiniz.<br \/>\n<span style=\"color: #ff6600;\"><a style=\"color: #ff6600;\" href=\"https:\/\/www.digikala.com\/seller\/cnjr9\/\" target=\"_blank\" rel=\"noopener\">Digikala&#8217;dan Pakistan Setaye\u015f pirincini sat\u0131n al\u0131n\u0131z.<\/a><\/span><\/p>\n<p>&nbsp;<\/p>\n","protected":false},"excerpt":{"rendered":"<p>Ekonomik ve homojen bir pirin\u00e7 ar\u0131yorsan\u0131z biz size Pakistan pirincini \u00f6neriyoruz. Kalitesinden ve lezzetinden emin olmak i\u00e7in bir kere denemeniz bile yeterli. Bu \u00fcr\u00fcn\u00fcn ad\u0131n\u0131 Google&#8217;de veya Digikala&#8217;da aray\u0131n ve t\u00fcketicilerin Pakistanl\u0131 Setaye\u015f pirincinin sat\u0131n alma konusundaki g\u00f6r\u00fc\u015flerini okuyun. %100 m\u00fc\u015fteri memnuniyeti, her zaman daha kaliteli \u00fcr\u00fcnler \u00fcretmek ve mevcut kaliteyi korumak i\u00e7in bize cesaret [&hellip;]<\/p>\n","protected":false},"featured_media":6060,"comment_status":"open","ping_status":"closed","template":"","meta":[],"product_brand":[],"product_cat":[248,431,261],"product_tag":[],"class_list":{"0":"post-6558","1":"product","2":"type-product","3":"status-publish","4":"has-post-thumbnail","6":"product_cat-pakistan","7":"product_cat-pirinci","8":"product_cat-setayesh-tr","9":"pa_aroma-normal","10":"pa_brand-setayesh","11":"pa_country-pakistan","12":"pa_grain-size-width-1-8-mm","13":"pa_grain-size-uzunluk-72-mm","14":"pa_health-license-number-2773835779875000-tr","15":"pa_package-weight-10-kg","16":"pa_package-weight-1000-kg","17":"pa_package-weight-2000-kg","18":"pa_package-weight-500-kg","19":"pa_packing-non-woven-tr","20":"pa_purity-in-uzerinde","21":"pa_seed-color-beyaz","22":"pa_smell-evet","23":"pa_sort-first-class-super-basmati","24":"pa_title-pakistanli-beyaz","26":"first","27":"outofstock","28":"sold-individually","29":"shipping-taxable","30":"product-type-variable"},"yoast_head":"<!-- This site is optimized with the Yoast SEO Premium plugin v20.6 (Yoast SEO v24.7) - https:\/\/yoast.com\/wordpress\/plugins\/seo\/ -->\n<title>Pakistanl\u0131 Setaye\u015f pirinci (fiyat, sat\u0131n alma, \u00f6zellikler ve avantajlar) - M\u00dcJDE DA\u011eITIM SANAYI<\/title>\n<meta name=\"description\" content=\"Pakistanl\u0131 Setaye\u015f pirinci, &#039;in \u00fczerinde safl\u0131\u011fa sahip ekonomik ve tek tip bir \u00fcr\u00fcnd\u00fcr. Birinci s\u0131n\u0131f s\u00fcper basmati.Mojdeh-Food&#039;dan Pakistan pirincinin fiyat\u0131 ve sat\u0131n al\u0131nmas\u0131 hakk\u0131nda bilgi alabilirsiniz\" \/>\n<meta name=\"robots\" content=\"index, follow, max-snippet:-1, max-image-preview:large, max-video-preview:-1\" \/>\n<link rel=\"canonical\" href=\"https:\/\/mojdeh-food.com\/tr\/urun\/pakistani-setayesh-rice-2\/\" \/>\n<meta property=\"og:locale\" content=\"tr_TR\" \/>\n<meta property=\"og:type\" content=\"article\" \/>\n<meta property=\"og:title\" content=\"Pakistanl\u0131 Setaye\u015f pirinci\" \/>\n<meta property=\"og:description\" content=\"Pakistanl\u0131 Setaye\u015f pirinci, &#039;in \u00fczerinde safl\u0131\u011fa sahip ekonomik ve tek tip bir \u00fcr\u00fcnd\u00fcr. Birinci s\u0131n\u0131f s\u00fcper basmati.Mojdeh-Food&#039;dan Pakistan pirincinin fiyat\u0131 ve sat\u0131n al\u0131nmas\u0131 hakk\u0131nda bilgi alabilirsiniz\" \/>\n<meta property=\"og:url\" content=\"https:\/\/mojdeh-food.com\/tr\/urun\/pakistani-setayesh-rice-2\/\" \/>\n<meta property=\"og:site_name\" content=\"M\u00dcJDE DA\u011eITIM SANAYI\" \/>\n<meta property=\"article:publisher\" content=\"https:\/\/www.facebook.com\/mojdehfood\/\" \/>\n<meta property=\"article:modified_time\" content=\"2023-06-10T05:32:49+00:00\" \/>\n<meta property=\"og:image\" content=\"https:\/\/mojdeh-food.com\/wp-content\/uploads\/2022\/07\/setayesh-rice-pakistani-product.jpg\" \/>\n\t<meta property=\"og:image:width\" content=\"1080\" \/>\n\t<meta property=\"og:image:height\" content=\"1080\" \/>\n\t<meta property=\"og:image:type\" content=\"image\/jpeg\" \/>\n<meta name=\"twitter:card\" content=\"summary_large_image\" \/>\n<meta name=\"twitter:label1\" content=\"Tahmini okuma s\u00fcresi\" \/>\n\t<meta name=\"twitter:data1\" content=\"4 dakika\" \/>\n<script type=\"application\/ld+json\" class=\"yoast-schema-graph\">{\"@context\":\"https:\/\/schema.org\",\"@graph\":[{\"@type\":\"WebPage\",\"@id\":\"https:\/\/mojdeh-food.com\/tr\/urun\/pakistani-setayesh-rice-2\/\",\"url\":\"https:\/\/mojdeh-food.com\/tr\/urun\/pakistani-setayesh-rice-2\/\",\"name\":\"Pakistanl\u0131 Setaye\u015f pirinci (fiyat, sat\u0131n alma, \u00f6zellikler ve avantajlar) - M\u00dcJDE DA\u011eITIM SANAYI\",\"isPartOf\":{\"@id\":\"https:\/\/mojdeh-food.com\/#website\"},\"primaryImageOfPage\":{\"@id\":\"https:\/\/mojdeh-food.com\/tr\/urun\/pakistani-setayesh-rice-2\/#primaryimage\"},\"image\":{\"@id\":\"https:\/\/mojdeh-food.com\/tr\/urun\/pakistani-setayesh-rice-2\/#primaryimage\"},\"thumbnailUrl\":\"https:\/\/mojdeh-food.com\/wp-content\/uploads\/2022\/07\/setayesh-rice-pakistani-product.jpg\",\"datePublished\":\"2022-07-01T19:07:22+00:00\",\"dateModified\":\"2023-06-10T05:32:49+00:00\",\"description\":\"Pakistanl\u0131 Setaye\u015f pirinci, 'in \u00fczerinde safl\u0131\u011fa sahip ekonomik ve tek tip bir \u00fcr\u00fcnd\u00fcr. Birinci s\u0131n\u0131f s\u00fcper basmati.Mojdeh-Food'dan Pakistan pirincinin fiyat\u0131 ve sat\u0131n al\u0131nmas\u0131 hakk\u0131nda bilgi alabilirsiniz\",\"breadcrumb\":{\"@id\":\"https:\/\/mojdeh-food.com\/tr\/urun\/pakistani-setayesh-rice-2\/#breadcrumb\"},\"inLanguage\":\"tr\",\"potentialAction\":[{\"@type\":\"ReadAction\",\"target\":[\"https:\/\/mojdeh-food.com\/tr\/urun\/pakistani-setayesh-rice-2\/\"]}]},{\"@type\":\"ImageObject\",\"inLanguage\":\"tr\",\"@id\":\"https:\/\/mojdeh-food.com\/tr\/urun\/pakistani-setayesh-rice-2\/#primaryimage\",\"url\":\"https:\/\/mojdeh-food.com\/wp-content\/uploads\/2022\/07\/setayesh-rice-pakistani-product.jpg\",\"contentUrl\":\"https:\/\/mojdeh-food.com\/wp-content\/uploads\/2022\/07\/setayesh-rice-pakistani-product.jpg\",\"width\":1080,\"height\":1080,\"caption\":\"\u062e\u0631\u06cc\u062f \u0628\u0631\u0646\u062c \u0633\u062a\u0627\u06cc\u0634 \u067e\u0627\u06a9\u0633\u062a\u0627\u0646\u06cc\"},{\"@type\":\"BreadcrumbList\",\"@id\":\"https:\/\/mojdeh-food.com\/tr\/urun\/pakistani-setayesh-rice-2\/#breadcrumb\",\"itemListElement\":[{\"@type\":\"ListItem\",\"position\":1,\"name\":\"Ev\",\"item\":\"https:\/\/mojdeh-food.com\/tr\/\"},{\"@type\":\"ListItem\",\"position\":2,\"name\":\"\u0641\u0631\u0648\u0634\u06af\u0627\u0647\",\"item\":\"https:\/\/mojdeh-food.com\/shop\/\"},{\"@type\":\"ListItem\",\"position\":3,\"name\":\"Pakistanl\u0131 Setaye\u015f pirinci\"}]},{\"@type\":\"WebSite\",\"@id\":\"https:\/\/mojdeh-food.com\/#website\",\"url\":\"https:\/\/mojdeh-food.com\/\",\"name\":\"M\u00dcJDE DA\u011eITIM SANAYI\",\"description\":\"Hint Pakistan \u0130ran pirincinin toptan sat\u0131\u015f\u0131\",\"publisher\":{\"@id\":\"https:\/\/mojdeh-food.com\/#organization\"},\"potentialAction\":[{\"@type\":\"SearchAction\",\"target\":{\"@type\":\"EntryPoint\",\"urlTemplate\":\"https:\/\/mojdeh-food.com\/?s={search_term_string}\"},\"query-input\":{\"@type\":\"PropertyValueSpecification\",\"valueRequired\":true,\"valueName\":\"search_term_string\"}}],\"inLanguage\":\"tr\"},{\"@type\":\"Organization\",\"@id\":\"https:\/\/mojdeh-food.com\/#organization\",\"name\":\"sanat pakhsh mojdeh\",\"url\":\"https:\/\/mojdeh-food.com\/\",\"logo\":{\"@type\":\"ImageObject\",\"inLanguage\":\"tr\",\"@id\":\"https:\/\/mojdeh-food.com\/#\/schema\/logo\/image\/\",\"url\":\"https:\/\/mojdeh-food.com\/wp-content\/uploads\/2022\/06\/logo.png\",\"contentUrl\":\"https:\/\/mojdeh-food.com\/wp-content\/uploads\/2022\/06\/logo.png\",\"width\":1352,\"height\":657,\"caption\":\"sanat pakhsh mojdeh\"},\"image\":{\"@id\":\"https:\/\/mojdeh-food.com\/#\/schema\/logo\/image\/\"},\"sameAs\":[\"https:\/\/www.facebook.com\/mojdehfood\/\",\"https:\/\/youtube.com\/channel\/UCLKVdP8evkYe7Pnts7MeFvw\",\"https:\/\/www.aparat.com\/mojdehfood\",\"https:\/\/wekhed.ir\/mojdehfood\",\"https:\/\/www.instagram.com\/mojdehfood\"]}]}<\/script>\n<!-- \/ Yoast SEO Premium plugin. -->","yoast_head_json":{"title":"Pakistanl\u0131 Setaye\u015f pirinci (fiyat, sat\u0131n alma, \u00f6zellikler ve avantajlar) - M\u00dcJDE DA\u011eITIM SANAYI","description":"Pakistanl\u0131 Setaye\u015f pirinci, 'in \u00fczerinde safl\u0131\u011fa sahip ekonomik ve tek tip bir \u00fcr\u00fcnd\u00fcr. Birinci s\u0131n\u0131f s\u00fcper basmati.Mojdeh-Food'dan Pakistan pirincinin fiyat\u0131 ve sat\u0131n al\u0131nmas\u0131 hakk\u0131nda bilgi alabilirsiniz","robots":{"index":"index","follow":"follow","max-snippet":"max-snippet:-1","max-image-preview":"max-image-preview:large","max-video-preview":"max-video-preview:-1"},"canonical":"https:\/\/mojdeh-food.com\/tr\/urun\/pakistani-setayesh-rice-2\/","og_locale":"tr_TR","og_type":"article","og_title":"Pakistanl\u0131 Setaye\u015f pirinci","og_description":"Pakistanl\u0131 Setaye\u015f pirinci, 'in \u00fczerinde safl\u0131\u011fa sahip ekonomik ve tek tip bir \u00fcr\u00fcnd\u00fcr. Birinci s\u0131n\u0131f s\u00fcper basmati.Mojdeh-Food'dan Pakistan pirincinin fiyat\u0131 ve sat\u0131n al\u0131nmas\u0131 hakk\u0131nda bilgi alabilirsiniz","og_url":"https:\/\/mojdeh-food.com\/tr\/urun\/pakistani-setayesh-rice-2\/","og_site_name":"M\u00dcJDE DA\u011eITIM SANAYI","article_publisher":"https:\/\/www.facebook.com\/mojdehfood\/","article_modified_time":"2023-06-10T05:32:49+00:00","og_image":[{"width":1080,"height":1080,"url":"https:\/\/mojdeh-food.com\/wp-content\/uploads\/2022\/07\/setayesh-rice-pakistani-product.jpg","type":"image\/jpeg"}],"twitter_card":"summary_large_image","twitter_misc":{"Tahmini okuma s\u00fcresi":"4 dakika"},"schema":{"@context":"https:\/\/schema.org","@graph":[{"@type":"WebPage","@id":"https:\/\/mojdeh-food.com\/tr\/urun\/pakistani-setayesh-rice-2\/","url":"https:\/\/mojdeh-food.com\/tr\/urun\/pakistani-setayesh-rice-2\/","name":"Pakistanl\u0131 Setaye\u015f pirinci (fiyat, sat\u0131n alma, \u00f6zellikler ve avantajlar) - M\u00dcJDE DA\u011eITIM SANAYI","isPartOf":{"@id":"https:\/\/mojdeh-food.com\/#website"},"primaryImageOfPage":{"@id":"https:\/\/mojdeh-food.com\/tr\/urun\/pakistani-setayesh-rice-2\/#primaryimage"},"image":{"@id":"https:\/\/mojdeh-food.com\/tr\/urun\/pakistani-setayesh-rice-2\/#primaryimage"},"thumbnailUrl":"https:\/\/mojdeh-food.com\/wp-content\/uploads\/2022\/07\/setayesh-rice-pakistani-product.jpg","datePublished":"2022-07-01T19:07:22+00:00","dateModified":"2023-06-10T05:32:49+00:00","description":"Pakistanl\u0131 Setaye\u015f pirinci, 'in \u00fczerinde safl\u0131\u011fa sahip ekonomik ve tek tip bir \u00fcr\u00fcnd\u00fcr. Birinci s\u0131n\u0131f s\u00fcper basmati.Mojdeh-Food'dan Pakistan pirincinin fiyat\u0131 ve sat\u0131n al\u0131nmas\u0131 hakk\u0131nda bilgi alabilirsiniz","breadcrumb":{"@id":"https:\/\/mojdeh-food.com\/tr\/urun\/pakistani-setayesh-rice-2\/#breadcrumb"},"inLanguage":"tr","potentialAction":[{"@type":"ReadAction","target":["https:\/\/mojdeh-food.com\/tr\/urun\/pakistani-setayesh-rice-2\/"]}]},{"@type":"ImageObject","inLanguage":"tr","@id":"https:\/\/mojdeh-food.com\/tr\/urun\/pakistani-setayesh-rice-2\/#primaryimage","url":"https:\/\/mojdeh-food.com\/wp-content\/uploads\/2022\/07\/setayesh-rice-pakistani-product.jpg","contentUrl":"https:\/\/mojdeh-food.com\/wp-content\/uploads\/2022\/07\/setayesh-rice-pakistani-product.jpg","width":1080,"height":1080,"caption":"\u062e\u0631\u06cc\u062f \u0628\u0631\u0646\u062c \u0633\u062a\u0627\u06cc\u0634 \u067e\u0627\u06a9\u0633\u062a\u0627\u0646\u06cc"},{"@type":"BreadcrumbList","@id":"https:\/\/mojdeh-food.com\/tr\/urun\/pakistani-setayesh-rice-2\/#breadcrumb","itemListElement":[{"@type":"ListItem","position":1,"name":"Ev","item":"https:\/\/mojdeh-food.com\/tr\/"},{"@type":"ListItem","position":2,"name":"\u0641\u0631\u0648\u0634\u06af\u0627\u0647","item":"https:\/\/mojdeh-food.com\/shop\/"},{"@type":"ListItem","position":3,"name":"Pakistanl\u0131 Setaye\u015f pirinci"}]},{"@type":"WebSite","@id":"https:\/\/mojdeh-food.com\/#website","url":"https:\/\/mojdeh-food.com\/","name":"M\u00dcJDE DA\u011eITIM SANAYI","description":"Hint Pakistan \u0130ran pirincinin toptan sat\u0131\u015f\u0131","publisher":{"@id":"https:\/\/mojdeh-food.com\/#organization"},"potentialAction":[{"@type":"SearchAction","target":{"@type":"EntryPoint","urlTemplate":"https:\/\/mojdeh-food.com\/?s={search_term_string}"},"query-input":{"@type":"PropertyValueSpecification","valueRequired":true,"valueName":"search_term_string"}}],"inLanguage":"tr"},{"@type":"Organization","@id":"https:\/\/mojdeh-food.com\/#organization","name":"sanat pakhsh mojdeh","url":"https:\/\/mojdeh-food.com\/","logo":{"@type":"ImageObject","inLanguage":"tr","@id":"https:\/\/mojdeh-food.com\/#\/schema\/logo\/image\/","url":"https:\/\/mojdeh-food.com\/wp-content\/uploads\/2022\/06\/logo.png","contentUrl":"https:\/\/mojdeh-food.com\/wp-content\/uploads\/2022\/06\/logo.png","width":1352,"height":657,"caption":"sanat pakhsh mojdeh"},"image":{"@id":"https:\/\/mojdeh-food.com\/#\/schema\/logo\/image\/"},"sameAs":["https:\/\/www.facebook.com\/mojdehfood\/","https:\/\/youtube.com\/channel\/UCLKVdP8evkYe7Pnts7MeFvw","https:\/\/www.aparat.com\/mojdehfood","https:\/\/wekhed.ir\/mojdehfood","https:\/\/www.instagram.com\/mojdehfood"]}]}},"_links":{"self":[{"href":"https:\/\/mojdeh-food.com\/tr\/wp-json\/wp\/v2\/product\/6558","targetHints":{"allow":["GET"]}}],"collection":[{"href":"https:\/\/mojdeh-food.com\/tr\/wp-json\/wp\/v2\/product"}],"about":[{"href":"https:\/\/mojdeh-food.com\/tr\/wp-json\/wp\/v2\/types\/product"}],"replies":[{"embeddable":true,"href":"https:\/\/mojdeh-food.com\/tr\/wp-json\/wp\/v2\/comments?post=6558"}],"version-history":[{"count":0,"href":"https:\/\/mojdeh-food.com\/tr\/wp-json\/wp\/v2\/product\/6558\/revisions"}],"wp:featuredmedia":[{"embeddable":true,"href":"https:\/\/mojdeh-food.com\/tr\/wp-json\/wp\/v2\/media\/6060"}],"wp:attachment":[{"href":"https:\/\/mojdeh-food.com\/tr\/wp-json\/wp\/v2\/media?parent=6558"}],"wp:term":[{"taxonomy":"product_brand","embeddable":true,"href":"https:\/\/mojdeh-food.com\/tr\/wp-json\/wp\/v2\/product_brand?post=6558"},{"taxonomy":"product_cat","embeddable":true,"href":"https:\/\/mojdeh-food.com\/tr\/wp-json\/wp\/v2\/product_cat?post=6558"},{"taxonomy":"product_tag","embeddable":true,"href":"https:\/\/mojdeh-food.com\/tr\/wp-json\/wp\/v2\/product_tag?post=6558"}],"curies":[{"name":"wp","href":"https:\/\/api.w.org\/{rel}","templated":true}]}}