{"id":6247,"date":"2022-07-02T00:51:58","date_gmt":"2022-07-01T20:21:58","guid":{"rendered":"https:\/\/mojdeh-food.com\/product\/hajirpakistan-pirinci\/"},"modified":"2023-03-05T11:40:24","modified_gmt":"2023-03-05T08:10:24","slug":"pakistani-hazhyr-rice","status":"publish","type":"product","link":"https:\/\/mojdeh-food.com\/tr\/urun\/pakistani-hazhyr-rice\/","title":{"rendered":"Hajir Pakistan pirinci"},"content":{"rendered":"<section  class='av_textblock_section av-l779ak99-34cf673430c7907564d74344a6cbd88d'  itemscope=\"itemscope\" itemtype=\"https:\/\/schema.org\/CreativeWork\" ><div class='avia_textblock'  itemprop=\"text\" ><p style=\"text-align: left;\"><strong>Hajir Pakistan pirinci basmati t\u00fcr\u00fc de\u011fildir ve uzun taneli pirin\u00e7 olarak kabul edilmez<\/strong> Aromas\u0131 ve tad\u0131 \u0130ran pirincine \u00e7ok benzer ancak pi\u015firmesi Basmati ve Sile 1121 pirincine g\u00f6re daha zordur ve daha fazla hassasiyet gerektirir. \u00c7\u00fcnk\u00fc pi\u015firme s\u0131ras\u0131nda \u00e7ok su d\u00f6kerseniz \u0131slan\u0131r %95&#8217;in \u00fczerinde safl\u0131\u011fa sahip 386 kodlu Hajir Pakistanl\u0131 pirinci, a\u015fa\u011f\u0131da daha fazlas\u0131n\u0131 okuyaca\u011f\u0131n\u0131z makul bir fiyata sahiptir.<\/p>\n<h2 style=\"text-align: left;\"><strong>Pakistan pirincinin \u00f6zellikleri 386 Hajir<\/strong><\/h2>\n<ul style=\"text-align: left;\">\n<li>\u00a0Do\u011fal aroma ve tad\u0131<\/li>\n<li>\u00a0%95&#8217;in \u00fczerinde safl\u0131k<\/li>\n<li>C ve A vitamini i\u00e7erir<\/li>\n<li>Nem seviyesi, izin verilen aral\u0131\u011f\u0131n (&lt;=13,5%) alt\u0131nda olan %10,57&#8217;dir.&lt;<\/li>\n<li>\u00a0Kur\u015fun miktar\u0131 76 ppb (kabul edilebilir limitler &lt;=120 ppb)&lt;<\/li>\n<li>Her \u00fcr\u00fcnde bulunan Kadmiyum Cd elementi 1ppb&#8217;dir, uluslararas\u0131 standart &lt;=48ppb&lt;<\/li>\n<li>Hasarl\u0131 ve ucu yanm\u0131\u015f taneleri yoktur.<\/li>\n<li>\u00a0Ta\u015f ve mineral i\u00e7ermez, neredeyse temiz ve homojendir.<\/li>\n<li>\u00a0i\u00e7inde ha\u015fere veya bit yoktur.<\/li>\n<li>\u00a0dokunmam\u0131\u015f torbalar \u015feklinde ve Bopp ambalajlar gibi dayan\u0131kl\u0131 ve uzun s\u00fcreli depolama i\u00e7in uygundur .<\/li>\n<li>10 kilo a\u011f\u0131rl\u0131k<\/li>\n<\/ul>\n<h3 style=\"text-align: left;\"><strong>Avantajlar<\/strong><\/h3>\n<ol style=\"text-align: left;\">\n<li>D\u00fc\u015f\u00fck fiyat, tad\u0131 ve dokusu \u0130ran pirincine \u00e7ok benzerken, \u0130ran \u00fcr\u00fcnleri 4 kat daha pahal\u0131d\u0131r.<\/li>\n<li>Uluslararas\u0131 ve ulusal standartlara uygun<\/li>\n<li>Kullan\u0131labilirlik<\/li>\n<li>. \u0130ran pirinci ile kar\u0131\u015f\u0131m yapmak i\u00e7in uygundur<\/li>\n<li>\u0130ran pirinci Facr ve Neda&#8217;ya \u00e7ok benzer<\/li>\n<li>\u0130ran pirincinin pahal\u0131 ve artan fiyatlar\u0131 d\u00f6neminde ekonomik ve uygun<\/li>\n<\/ol>\n<p style=\"text-align: left;\"><span style=\"color: #ff6600;\"><a style=\"color: #ff6600;\" href=\"https:\/\/mojdeh-food.com\/tr\/urun\/pakistani-setayesh-rice-2\/\" target=\"_blank\" rel=\"noopener\"><strong>Setaye\u015f Pakistan s\u00fcper basmati pirinci sat\u0131n alabilirsiniz<\/strong><\/a><\/span><\/p>\n<h3 style=\"text-align: left;\"><strong>386 Pakistanl\u0131 Pirin\u00e7 fiyat\u0131<\/strong><\/h3>\n<p style=\"text-align: left;\">\u0130ran pirinci makul bir fiyata sahip oldu\u011funda, d\u00f6viz fiyat\u0131 ve ithalat yasa\u011f\u0131 d\u00fc\u015f\u00fcn\u00fcld\u00fc\u011f\u00fcnde bu \u00fcr\u00fcn\u00fc satmak ekonomik de\u011fildir. Ancak \u0130ran pirincinin al\u0131m g\u00fcc\u00fcn\u00fcn d\u00fc\u015fmesi nedeniyle bu \u00fcr\u00fcn \u00e7ok uygun ve lezzetli bir se\u00e7enek olacakt\u0131r. \u015eu anda M\u00dcJDE PIRIN\u00c7 DA\u011eITIM ekibi olarak bu \u00fcr\u00fcn\u00fc siz de\u011ferli m\u00fc\u015fterilerimize m\u00fcmk\u00fcn olan en d\u00fc\u015f\u00fck fiyata sunmaya \u00e7al\u0131\u015f\u0131yor.<\/p>\n<h3 style=\"text-align: left;\"><strong>Hajir pirincini sat\u0131n al\u0131nmas\u0131<\/strong><\/h3>\n<p style=\"text-align: left;\">Bu \u00fcr\u00fcn\u00fcn k\u0131sa s\u00fcrede s\u00fcrekli bulunabilirli\u011fi ve da\u011f\u0131t\u0131m\u0131, m\u00fc\u015fterilerimizi memnun etmemizi sa\u011flad\u0131. <strong>Hajir Pakistan<\/strong> pirincini sat\u0131n almak i\u00e7in Mojdeh Food&#8217;daki uzmanlar\u0131m\u0131zla ileti\u015fime ge\u00e7ebilirsiniz, \u00fcr\u00fcn en k\u0131sa s\u00fcrede size ula\u015facakt\u0131r.<br \/>\n\u0130leti\u015fim telefonu: 46104384 &#8211; 021<\/p>\n<\/div><\/section>\n","protected":false},"excerpt":{"rendered":"","protected":false},"featured_media":6070,"comment_status":"open","ping_status":"closed","template":"","meta":[],"product_brand":[],"product_cat":[249,248,431],"product_tag":[],"class_list":{"0":"post-6247","1":"product","2":"type-product","3":"status-publish","4":"has-post-thumbnail","6":"product_cat-hajir","7":"product_cat-pakistan","8":"product_cat-pirinci","9":"pa_aroma-hayir","10":"pa_brand-hajir","11":"pa_country-pakistan","12":"pa_grain-size-tam-tahil","13":"pa_health-license-number-2885570698616160-tr","14":"pa_package-weight-10-kg","15":"pa_package-weight-1000-kg","16":"pa_package-weight-2000-kg","17":"pa_package-weight-500-kg","18":"pa_packing-bopp-tr","19":"pa_packing-non-woven-tr","20":"pa_purity-in-uzerinde","21":"pa_seed-color-beyaz","22":"pa_smell-normal","23":"pa_sort-386-tr","24":"pa_title-pakistanli-beyaz","26":"first","27":"outofstock","28":"shipping-taxable","29":"purchasable","30":"product-type-variable","31":"has-default-attributes"},"yoast_head":"<!-- This site is optimized with the Yoast SEO Premium plugin v20.6 (Yoast SEO v24.7) - https:\/\/yoast.com\/wordpress\/plugins\/seo\/ -->\n<title>Hajir Pakistan pirinci(sat\u0131n alma , f\u0131yat , avantajlar\u0131 ve \u00f6zellikleri) - M\u00dcJDE DA\u011eITIM SANAYI<\/title>\n<meta name=\"description\" content=\"%95 safl\u0131ktaki Hajir Pakistan basmati olmayan pirinci, Facr ve Neda gibi tad\u0131 ve aromas\u0131 \u0130ran pirincine benzer Majdeh-Food&#039;dan pirin\u00e7 386 Pakistan Hajirin fiyat\u0131 ve sat\u0131n al\u0131nmas\u0131\" \/>\n<meta name=\"robots\" content=\"index, follow, max-snippet:-1, max-image-preview:large, max-video-preview:-1\" \/>\n<link rel=\"canonical\" href=\"https:\/\/mojdeh-food.com\/tr\/urun\/pakistani-hazhyr-rice\/\" \/>\n<meta property=\"og:locale\" content=\"tr_TR\" \/>\n<meta property=\"og:type\" content=\"article\" \/>\n<meta property=\"og:title\" content=\"Hajir Pakistan pirinci\" \/>\n<meta property=\"og:description\" content=\"%95 safl\u0131ktaki Hajir Pakistan basmati olmayan pirinci, Facr ve Neda gibi tad\u0131 ve aromas\u0131 \u0130ran pirincine benzer Majdeh-Food&#039;dan pirin\u00e7 386 Pakistan Hajirin fiyat\u0131 ve sat\u0131n al\u0131nmas\u0131\" \/>\n<meta property=\"og:url\" content=\"https:\/\/mojdeh-food.com\/tr\/urun\/pakistani-hazhyr-rice\/\" \/>\n<meta property=\"og:site_name\" content=\"M\u00dcJDE DA\u011eITIM SANAYI\" \/>\n<meta property=\"article:publisher\" content=\"https:\/\/www.facebook.com\/mojdehfood\/\" \/>\n<meta property=\"article:modified_time\" content=\"2023-03-05T08:10:24+00:00\" \/>\n<meta property=\"og:image\" content=\"https:\/\/mojdeh-food.com\/wp-content\/uploads\/2022\/07\/hazhyr-rice-product.jpg\" \/>\n\t<meta property=\"og:image:width\" content=\"1080\" \/>\n\t<meta property=\"og:image:height\" content=\"1080\" \/>\n\t<meta property=\"og:image:type\" content=\"image\/jpeg\" \/>\n<meta name=\"twitter:card\" content=\"summary_large_image\" \/>\n<meta name=\"twitter:label1\" content=\"Tahmini okuma s\u00fcresi\" \/>\n\t<meta name=\"twitter:data1\" content=\"2 dakika\" \/>\n<script type=\"application\/ld+json\" class=\"yoast-schema-graph\">{\"@context\":\"https:\/\/schema.org\",\"@graph\":[{\"@type\":\"WebPage\",\"@id\":\"https:\/\/mojdeh-food.com\/tr\/urun\/pakistani-hazhyr-rice\/\",\"url\":\"https:\/\/mojdeh-food.com\/tr\/urun\/pakistani-hazhyr-rice\/\",\"name\":\"Hajir Pakistan pirinci(sat\u0131n alma , f\u0131yat , avantajlar\u0131 ve \u00f6zellikleri) - M\u00dcJDE DA\u011eITIM SANAYI\",\"isPartOf\":{\"@id\":\"https:\/\/mojdeh-food.com\/#website\"},\"primaryImageOfPage\":{\"@id\":\"https:\/\/mojdeh-food.com\/tr\/urun\/pakistani-hazhyr-rice\/#primaryimage\"},\"image\":{\"@id\":\"https:\/\/mojdeh-food.com\/tr\/urun\/pakistani-hazhyr-rice\/#primaryimage\"},\"thumbnailUrl\":\"https:\/\/mojdeh-food.com\/wp-content\/uploads\/2022\/07\/hazhyr-rice-product.jpg\",\"datePublished\":\"2022-07-01T20:21:58+00:00\",\"dateModified\":\"2023-03-05T08:10:24+00:00\",\"description\":\"%95 safl\u0131ktaki Hajir Pakistan basmati olmayan pirinci, Facr ve Neda gibi tad\u0131 ve aromas\u0131 \u0130ran pirincine benzer Majdeh-Food'dan pirin\u00e7 386 Pakistan Hajirin fiyat\u0131 ve sat\u0131n al\u0131nmas\u0131\",\"breadcrumb\":{\"@id\":\"https:\/\/mojdeh-food.com\/tr\/urun\/pakistani-hazhyr-rice\/#breadcrumb\"},\"inLanguage\":\"tr\",\"potentialAction\":[{\"@type\":\"ReadAction\",\"target\":[\"https:\/\/mojdeh-food.com\/tr\/urun\/pakistani-hazhyr-rice\/\"]}]},{\"@type\":\"ImageObject\",\"inLanguage\":\"tr\",\"@id\":\"https:\/\/mojdeh-food.com\/tr\/urun\/pakistani-hazhyr-rice\/#primaryimage\",\"url\":\"https:\/\/mojdeh-food.com\/wp-content\/uploads\/2022\/07\/hazhyr-rice-product.jpg\",\"contentUrl\":\"https:\/\/mojdeh-food.com\/wp-content\/uploads\/2022\/07\/hazhyr-rice-product.jpg\",\"width\":1080,\"height\":1080,\"caption\":\"Hajir Pakistan pirinci sat\u0131n al\u0131n\"},{\"@type\":\"BreadcrumbList\",\"@id\":\"https:\/\/mojdeh-food.com\/tr\/urun\/pakistani-hazhyr-rice\/#breadcrumb\",\"itemListElement\":[{\"@type\":\"ListItem\",\"position\":1,\"name\":\"Ev\",\"item\":\"https:\/\/mojdeh-food.com\/tr\/\"},{\"@type\":\"ListItem\",\"position\":2,\"name\":\"\u0641\u0631\u0648\u0634\u06af\u0627\u0647\",\"item\":\"https:\/\/mojdeh-food.com\/shop\/\"},{\"@type\":\"ListItem\",\"position\":3,\"name\":\"Hajir Pakistan pirinci\"}]},{\"@type\":\"WebSite\",\"@id\":\"https:\/\/mojdeh-food.com\/#website\",\"url\":\"https:\/\/mojdeh-food.com\/\",\"name\":\"M\u00dcJDE DA\u011eITIM SANAYI\",\"description\":\"Hint Pakistan \u0130ran pirincinin toptan sat\u0131\u015f\u0131\",\"publisher\":{\"@id\":\"https:\/\/mojdeh-food.com\/#organization\"},\"potentialAction\":[{\"@type\":\"SearchAction\",\"target\":{\"@type\":\"EntryPoint\",\"urlTemplate\":\"https:\/\/mojdeh-food.com\/?s={search_term_string}\"},\"query-input\":{\"@type\":\"PropertyValueSpecification\",\"valueRequired\":true,\"valueName\":\"search_term_string\"}}],\"inLanguage\":\"tr\"},{\"@type\":\"Organization\",\"@id\":\"https:\/\/mojdeh-food.com\/#organization\",\"name\":\"sanat pakhsh mojdeh\",\"url\":\"https:\/\/mojdeh-food.com\/\",\"logo\":{\"@type\":\"ImageObject\",\"inLanguage\":\"tr\",\"@id\":\"https:\/\/mojdeh-food.com\/#\/schema\/logo\/image\/\",\"url\":\"https:\/\/mojdeh-food.com\/wp-content\/uploads\/2022\/06\/logo.png\",\"contentUrl\":\"https:\/\/mojdeh-food.com\/wp-content\/uploads\/2022\/06\/logo.png\",\"width\":1352,\"height\":657,\"caption\":\"sanat pakhsh mojdeh\"},\"image\":{\"@id\":\"https:\/\/mojdeh-food.com\/#\/schema\/logo\/image\/\"},\"sameAs\":[\"https:\/\/www.facebook.com\/mojdehfood\/\",\"https:\/\/youtube.com\/channel\/UCLKVdP8evkYe7Pnts7MeFvw\",\"https:\/\/www.aparat.com\/mojdehfood\",\"https:\/\/wekhed.ir\/mojdehfood\",\"https:\/\/www.instagram.com\/mojdehfood\"]}]}<\/script>\n<!-- \/ Yoast SEO Premium plugin. -->","yoast_head_json":{"title":"Hajir Pakistan pirinci(sat\u0131n alma , f\u0131yat , avantajlar\u0131 ve \u00f6zellikleri) - M\u00dcJDE DA\u011eITIM SANAYI","description":"%95 safl\u0131ktaki Hajir Pakistan basmati olmayan pirinci, Facr ve Neda gibi tad\u0131 ve aromas\u0131 \u0130ran pirincine benzer Majdeh-Food'dan pirin\u00e7 386 Pakistan Hajirin fiyat\u0131 ve sat\u0131n al\u0131nmas\u0131","robots":{"index":"index","follow":"follow","max-snippet":"max-snippet:-1","max-image-preview":"max-image-preview:large","max-video-preview":"max-video-preview:-1"},"canonical":"https:\/\/mojdeh-food.com\/tr\/urun\/pakistani-hazhyr-rice\/","og_locale":"tr_TR","og_type":"article","og_title":"Hajir Pakistan pirinci","og_description":"%95 safl\u0131ktaki Hajir Pakistan basmati olmayan pirinci, Facr ve Neda gibi tad\u0131 ve aromas\u0131 \u0130ran pirincine benzer Majdeh-Food'dan pirin\u00e7 386 Pakistan Hajirin fiyat\u0131 ve sat\u0131n al\u0131nmas\u0131","og_url":"https:\/\/mojdeh-food.com\/tr\/urun\/pakistani-hazhyr-rice\/","og_site_name":"M\u00dcJDE DA\u011eITIM SANAYI","article_publisher":"https:\/\/www.facebook.com\/mojdehfood\/","article_modified_time":"2023-03-05T08:10:24+00:00","og_image":[{"width":1080,"height":1080,"url":"https:\/\/mojdeh-food.com\/wp-content\/uploads\/2022\/07\/hazhyr-rice-product.jpg","type":"image\/jpeg"}],"twitter_card":"summary_large_image","twitter_misc":{"Tahmini okuma s\u00fcresi":"2 dakika"},"schema":{"@context":"https:\/\/schema.org","@graph":[{"@type":"WebPage","@id":"https:\/\/mojdeh-food.com\/tr\/urun\/pakistani-hazhyr-rice\/","url":"https:\/\/mojdeh-food.com\/tr\/urun\/pakistani-hazhyr-rice\/","name":"Hajir Pakistan pirinci(sat\u0131n alma , f\u0131yat , avantajlar\u0131 ve \u00f6zellikleri) - M\u00dcJDE DA\u011eITIM SANAYI","isPartOf":{"@id":"https:\/\/mojdeh-food.com\/#website"},"primaryImageOfPage":{"@id":"https:\/\/mojdeh-food.com\/tr\/urun\/pakistani-hazhyr-rice\/#primaryimage"},"image":{"@id":"https:\/\/mojdeh-food.com\/tr\/urun\/pakistani-hazhyr-rice\/#primaryimage"},"thumbnailUrl":"https:\/\/mojdeh-food.com\/wp-content\/uploads\/2022\/07\/hazhyr-rice-product.jpg","datePublished":"2022-07-01T20:21:58+00:00","dateModified":"2023-03-05T08:10:24+00:00","description":"%95 safl\u0131ktaki Hajir Pakistan basmati olmayan pirinci, Facr ve Neda gibi tad\u0131 ve aromas\u0131 \u0130ran pirincine benzer Majdeh-Food'dan pirin\u00e7 386 Pakistan Hajirin fiyat\u0131 ve sat\u0131n al\u0131nmas\u0131","breadcrumb":{"@id":"https:\/\/mojdeh-food.com\/tr\/urun\/pakistani-hazhyr-rice\/#breadcrumb"},"inLanguage":"tr","potentialAction":[{"@type":"ReadAction","target":["https:\/\/mojdeh-food.com\/tr\/urun\/pakistani-hazhyr-rice\/"]}]},{"@type":"ImageObject","inLanguage":"tr","@id":"https:\/\/mojdeh-food.com\/tr\/urun\/pakistani-hazhyr-rice\/#primaryimage","url":"https:\/\/mojdeh-food.com\/wp-content\/uploads\/2022\/07\/hazhyr-rice-product.jpg","contentUrl":"https:\/\/mojdeh-food.com\/wp-content\/uploads\/2022\/07\/hazhyr-rice-product.jpg","width":1080,"height":1080,"caption":"Hajir Pakistan pirinci sat\u0131n al\u0131n"},{"@type":"BreadcrumbList","@id":"https:\/\/mojdeh-food.com\/tr\/urun\/pakistani-hazhyr-rice\/#breadcrumb","itemListElement":[{"@type":"ListItem","position":1,"name":"Ev","item":"https:\/\/mojdeh-food.com\/tr\/"},{"@type":"ListItem","position":2,"name":"\u0641\u0631\u0648\u0634\u06af\u0627\u0647","item":"https:\/\/mojdeh-food.com\/shop\/"},{"@type":"ListItem","position":3,"name":"Hajir Pakistan pirinci"}]},{"@type":"WebSite","@id":"https:\/\/mojdeh-food.com\/#website","url":"https:\/\/mojdeh-food.com\/","name":"M\u00dcJDE DA\u011eITIM SANAYI","description":"Hint Pakistan \u0130ran pirincinin toptan sat\u0131\u015f\u0131","publisher":{"@id":"https:\/\/mojdeh-food.com\/#organization"},"potentialAction":[{"@type":"SearchAction","target":{"@type":"EntryPoint","urlTemplate":"https:\/\/mojdeh-food.com\/?s={search_term_string}"},"query-input":{"@type":"PropertyValueSpecification","valueRequired":true,"valueName":"search_term_string"}}],"inLanguage":"tr"},{"@type":"Organization","@id":"https:\/\/mojdeh-food.com\/#organization","name":"sanat pakhsh mojdeh","url":"https:\/\/mojdeh-food.com\/","logo":{"@type":"ImageObject","inLanguage":"tr","@id":"https:\/\/mojdeh-food.com\/#\/schema\/logo\/image\/","url":"https:\/\/mojdeh-food.com\/wp-content\/uploads\/2022\/06\/logo.png","contentUrl":"https:\/\/mojdeh-food.com\/wp-content\/uploads\/2022\/06\/logo.png","width":1352,"height":657,"caption":"sanat pakhsh mojdeh"},"image":{"@id":"https:\/\/mojdeh-food.com\/#\/schema\/logo\/image\/"},"sameAs":["https:\/\/www.facebook.com\/mojdehfood\/","https:\/\/youtube.com\/channel\/UCLKVdP8evkYe7Pnts7MeFvw","https:\/\/www.aparat.com\/mojdehfood","https:\/\/wekhed.ir\/mojdehfood","https:\/\/www.instagram.com\/mojdehfood"]}]}},"_links":{"self":[{"href":"https:\/\/mojdeh-food.com\/tr\/wp-json\/wp\/v2\/product\/6247","targetHints":{"allow":["GET"]}}],"collection":[{"href":"https:\/\/mojdeh-food.com\/tr\/wp-json\/wp\/v2\/product"}],"about":[{"href":"https:\/\/mojdeh-food.com\/tr\/wp-json\/wp\/v2\/types\/product"}],"replies":[{"embeddable":true,"href":"https:\/\/mojdeh-food.com\/tr\/wp-json\/wp\/v2\/comments?post=6247"}],"version-history":[{"count":6,"href":"https:\/\/mojdeh-food.com\/tr\/wp-json\/wp\/v2\/product\/6247\/revisions"}],"predecessor-version":[{"id":7352,"href":"https:\/\/mojdeh-food.com\/tr\/wp-json\/wp\/v2\/product\/6247\/revisions\/7352"}],"wp:featuredmedia":[{"embeddable":true,"href":"https:\/\/mojdeh-food.com\/tr\/wp-json\/wp\/v2\/media\/6070"}],"wp:attachment":[{"href":"https:\/\/mojdeh-food.com\/tr\/wp-json\/wp\/v2\/media?parent=6247"}],"wp:term":[{"taxonomy":"product_brand","embeddable":true,"href":"https:\/\/mojdeh-food.com\/tr\/wp-json\/wp\/v2\/product_brand?post=6247"},{"taxonomy":"product_cat","embeddable":true,"href":"https:\/\/mojdeh-food.com\/tr\/wp-json\/wp\/v2\/product_cat?post=6247"},{"taxonomy":"product_tag","embeddable":true,"href":"https:\/\/mojdeh-food.com\/tr\/wp-json\/wp\/v2\/product_tag?post=6247"}],"curies":[{"name":"wp","href":"https:\/\/api.w.org\/{rel}","templated":true}]}}