{"id":7952,"date":"2022-11-12T11:51:44","date_gmt":"2022-11-12T08:21:44","guid":{"rendered":"https:\/\/mojdeh-food.com\/mojdeh-dagitim-endustrisinin-kurallari\/"},"modified":"2023-01-29T19:21:03","modified_gmt":"2023-01-29T15:51:03","slug":"mojdeh-dagitim-endustrisinin-kurallari","status":"publish","type":"page","link":"https:\/\/mojdeh-food.com\/tr\/mojdeh-dagitim-endustrisinin-kurallari\/","title":{"rendered":"Mojdeh da\u011f\u0131t\u0131m end\u00fcstrisinin kurallar\u0131"},"content":{"rendered":"<p>Mojdeh da\u011f\u0131t\u0131m sanayi sitesinin kurallar ve y\u00f6netmelikler sayfas\u0131n\u0131n son g\u00fcncelleme tarihi 11\/22\/2022 H. olup, site kullan\u0131c\u0131lar\u0131n\u0131n 14 g\u00fcne kadar okudu\u011funu ve i\u00e7eri\u011finden tamamen haberdar oldu\u011fu varsay\u0131lmaktad\u0131r. bu tarihten sonra. Mojdeh da\u011f\u0131t\u0131m end\u00fcstrisi daha iyi hizmet verebilmek i\u00e7in sitenin kural ve d\u00fczenlemelerini kesin tarih belirterek g\u00fcncellemek ve de\u011fi\u015fiklik yapmak i\u00e7in harekete ge\u00e7ebilir ve kullan\u0131c\u0131lar\u0131n yap\u0131lan de\u011fi\u015fikliklerden tam olarak haberdar olmalar\u0131 beklenir.<\/p>\n<h2>Mojdeh da\u011f\u0131t\u0131m end\u00fcstrisi sitesinin kurallar\u0131 ve d\u00fczenlemeleri<\/h2>\n<p>Mevcut kurallar ve d\u00fczenlemeler sayfas\u0131, \u0130ran Medeni Kanunu&#8217;nun 10. Maddesine g\u00f6re yasal ve uygulanabilir bir s\u00f6zle\u015fme olarak kabul edilen bir s\u00f6zle\u015fme olarak kabul edilir ve Mojdeh Broadcasting Industry web sitesini herhangi bir \u015fekilde ve herhangi bir \u015fekilde kullanan t\u00fcm kullan\u0131c\u0131lar ve ki\u015filer bu s\u00f6zle\u015fmeye tabidir.<\/p>\n<h4>Birinci madde: Tan\u0131mlar<\/h4>\n<p><strong>\u0130ran Kanunlar\u0131:<\/strong> \u0130ran kanunlar\u0131, parlamento veya di\u011fer yasal kurumlar taraf\u0131ndan onaylanan ve y\u00fcr\u00fcrl\u00fc\u011fe giren kanun ve y\u00f6netmeliklerdir. Mojdeh yay\u0131n sekt\u00f6r\u00fc web sitesinin tabi oldu\u011fu kanunlar aras\u0131nda e-ticaret kanunu ve t\u00fcketiciyi koruma kanunu yer almaktad\u0131r.<\/p>\n<p><strong>S\u00f6zle\u015fme:<\/strong> S\u00f6zle\u015fmenin anlam\u0131, \u0130ran Medeni Kanunu&#8217;nun 10. Maddesine g\u00f6re yasal ve uygulanabilir bir s\u00f6zle\u015fme olarak kabul edilen ve yay\u0131nc\u0131l\u0131k end\u00fcstrisi ile kullan\u0131c\u0131lar aras\u0131ndaki ili\u015fkileri d\u00fczenleyen mevcut kurallar ve d\u00fczenlemeler sayfas\u0131d\u0131r.<\/p>\n<p><strong>Site:<\/strong> Bu s\u00f6zle\u015fmede &#8220;site&#8221; kelimesinin kullan\u0131ld\u0131\u011f\u0131 her yerde, Mojdeh da\u011f\u0131t\u0131m end\u00fcstrisinin sitesi anlam\u0131na gelir.<\/p>\n<p><strong>\u00dcr\u00fcnler:<\/strong> \u00dcr\u00fcnler, Mojdeh da\u011f\u0131t\u0131m end\u00fcstrisinin t\u00fcm \u00fcr\u00fcn ve markalar\u0131n\u0131 ifade eder.<\/p>\n<h3>\u0130kinci madde: Mojdeh da\u011f\u0131t\u0131m end\u00fcstrisi sitesi faaliyetinin konusu<\/h3>\n<p>2-1 Mojdeh da\u011f\u0131t\u0131m sanayi sitesi, bu koleksiyonun pirin\u00e7 sat\u0131\u015f\u0131 alan\u0131nda faaliyet g\u00f6stermektedir ve \u0130ran yasa ve d\u00fczenlemelerine tabidir.<\/p>\n<h4>\u00dc\u00e7\u00fcnc\u00fc madde: Kullan\u0131c\u0131 hesab\u0131<\/h4>\n<p>3-1 Mojdeh da\u011f\u0131t\u0131m sekt\u00f6r\u00fc sitesine \u00fcyelik ve kullan\u0131c\u0131 hesab\u0131 olu\u015fturmak \u00fccretsizdir. \u00dcye olmak i\u00e7in ki\u015filerin \u00fcyelik b\u00f6l\u00fcm\u00fcne ba\u015fvurmas\u0131 gerekmektedir. Siteye \u00fcye olmak ve ad-soyad, ileti\u015fim numaras\u0131, e-posta gibi bilgilerin al\u0131nd\u0131\u011f\u0131 \u00fcyelik formunu doldurmak, Mojdeh da\u011f\u0131t\u0131m sanayi sitesinin kural ve d\u00fczenlemelerini tam olarak bilmek ve kabul etmek anlam\u0131na gelir.<\/p>\n<p>3-2 M\u00fcjde Da\u011f\u0131t\u0131m Sanayi web sitesini herhangi bir ama\u00e7la ve herhangi bir \u00f6l\u00e7\u00fcde kullanan herhangi bir ki\u015fi, sitenin t\u00fcm kural ve d\u00fczenlemelerini tam olarak bildi\u011fini ve bunlar\u0131 tam olarak kabul etti\u011fini ve tabi oldu\u011funu ifade eder.<\/p>\n<p>3-3 Siteye \u00fcye olmak i\u00e7in ki\u015filerin kendi bilgilerini ve kimlik bilgilerini kullanmalar\u0131 gerekmektedir ve bu maddenin ihlalinden Mojdeh da\u011f\u0131t\u0131m sanayi sitesi sorumlu de\u011fildir.<\/p>\n<h5>3-4<\/h5>\n<p>Birinin sahte isim ve kullan\u0131c\u0131 hesab\u0131 ile \u00fcr\u00fcn sat\u0131n ald\u0131\u011f\u0131 veya siteyi kulland\u0131\u011f\u0131 ortaya \u00e7\u0131karsa, Mojdeh Distribution Industry o kullan\u0131c\u0131 hesab\u0131n\u0131 kald\u0131rabilir.<\/p>\n<h5>3-5<\/h5>\n<p>Bireyler, ger\u00e7ek bilgilerini ve \u00f6zelliklerini do\u011fru ve eksiksiz olarak kaydetmek i\u00e7in kullan\u0131c\u0131 hesab\u0131n\u0131 olu\u015ftururken yeterince dikkatli olmal\u0131d\u0131r. Mojdeh da\u011f\u0131t\u0131m sanayi kullan\u0131c\u0131 bilgilerinin yanl\u0131\u015fl\u0131\u011f\u0131ndan sorumlu de\u011fildir.<\/p>\n<h5>3-6<\/h5>\n<p>Bir ki\u015finin Mojdeh da\u011f\u0131t\u0131m end\u00fcstrisine kar\u015f\u0131 olumsuz, yanl\u0131\u015f, yasa d\u0131\u015f\u0131 veya \u00f6nyarg\u0131l\u0131 reklamlar yapt\u0131\u011f\u0131 veya yapt\u0131\u011f\u0131 tespit edilirse, bu faaliyetler \u00e7evrimi\u00e7i veya \u00e7evrimd\u0131\u015f\u0131 olsun, da\u011f\u0131t\u0131m yay\u0131nc\u0131l\u0131k end\u00fcstrisi kullan\u0131c\u0131n\u0131n hesab\u0131n\u0131 silebilir.<\/p>\n<h3>D\u00f6rd\u00fcnc\u00fc Madde: M\u00fcjde da\u011f\u0131t\u0131m end\u00fcstrisinin sorumluluklar\u0131<\/h3>\n<p>4-1 Kullan\u0131c\u0131lar\u0131n bilgileri site taraf\u0131ndan korunmaktad\u0131r ve Mojdeh da\u011f\u0131t\u0131m sanayi, kullan\u0131c\u0131lar\u0131n bilgilerinin saklanmas\u0131 i\u00e7in her t\u00fcrl\u00fc \u00e7abay\u0131 g\u00f6stermekte ve bu ama\u00e7la gerekli tesis ve altyap\u0131y\u0131 kullanmaya \u00e7al\u0131\u015fmaktad\u0131r.<\/p>\n<p>4-2 Mojdeh da\u011f\u0131t\u0131m sanayi sitesi, kullan\u0131c\u0131lara y\u00fcksek kaliteli \u00fcr\u00fcnler sunmak i\u00e7in elinden gelenin en iyisini yapmakta ve \u00f6neri ve ele\u015ftirileri memnuniyetle kar\u015f\u0131lamaktad\u0131r.<\/p>\n<h5>4-3<\/h5>\n<p>Mojdeh da\u011f\u0131t\u0131m sanayi sitesi, sayfalar\u0131n\u0131 ve i\u00e7eri\u011fini g\u00fcncellemek i\u00e7in her t\u00fcrl\u00fc \u00e7abay\u0131 g\u00f6stermektedir. Site, herhangi bir nedenle siteden belirli bir sayfay\u0131 serbest\u00e7e silebilir veya ge\u00e7ici veya kal\u0131c\u0131 olarak devre d\u0131\u015f\u0131 b\u0131rakabilir ve bu i\u015flem kullan\u0131c\u0131lara protesto hakk\u0131 vermez.<\/p>\n<h3>Be\u015finci madde: Mojdeh da\u011f\u0131t\u0131m end\u00fcstrisi web sitesinin kullan\u0131c\u0131s\u0131n\u0131n sorumluluk kurallar\u0131<\/h3>\n<p>5-1 Kullan\u0131c\u0131, bilgilerini korumaya \u00f6zen g\u00f6stermeli ve kullan\u0131c\u0131 ad\u0131, ileti\u015fim bilgileri ve parolalar gibi bilgileri gizli tutmal\u0131d\u0131r. Bu madde h\u00fck\u00fcmlerine ayk\u0131r\u0131 davran\u0131lmas\u0131 ve kullan\u0131c\u0131n\u0131n bilgilerinin if\u015fa edilmesi halinde Mojdeh da\u011f\u0131t\u0131m sitesinin hi\u00e7bir sorumlulu\u011fu bulunmamakta olup, t\u00fcm sorumluluk ve sonu\u00e7lar\u0131 kullan\u0131c\u0131ya aittir.<\/p>\n<h5>5-2<\/h5>\n<p>Ki\u015filer, kullan\u0131c\u0131 hesaplar\u0131n\u0131 herhangi bir ama\u00e7la ba\u015fka bir ki\u015fi veya ki\u015filere emanet etmemelidir. M\u00fcjde yay\u0131nc\u0131l\u0131\u011f\u0131 sekt\u00f6r\u00fc sadece hesab\u0131n sahibi olan ki\u015fiye hizmet vermektedir. Kullan\u0131c\u0131 hesab\u0131n\u0131n e\u015f zamanl\u0131 olarak kullan\u0131lmas\u0131ndan veya ba\u015fka bir hesaba aktar\u0131lmas\u0131ndan kaynaklanan bir sorun olmas\u0131 durumunda t\u00fcm sorumluluk kullan\u0131c\u0131ya aittir ve Mojdeh da\u011f\u0131t\u0131m sanayinin hi\u00e7bir sorumlulu\u011fu yoktur.<\/p>\n<p>Ayr\u0131ca birden fazla ki\u015finin ayn\u0131 kullan\u0131c\u0131 hesab\u0131n\u0131 ve e\u011fitim \u00fcr\u00fcnlerini ayn\u0131 anda kulland\u0131\u011f\u0131 tespit edilirse m\u00fcjde yay\u0131nc\u0131l\u0131\u011f\u0131 sekt\u00f6r\u00fc kendi takdirine ba\u011fl\u0131 olarak gerekli \u00f6nlemleri alabilir.<\/p>\n<h5>5-3<\/h5>\n<p>Kullan\u0131c\u0131lar, sat\u0131n ald\u0131klar\u0131 t\u00fcm e\u011fitim \u00fcr\u00fcnlerini bizzat kullanmay\u0131 taahh\u00fct ederler ve bunlar\u0131 \u00e7evrimi\u00e7i veya \u00e7evrimd\u0131\u015f\u0131, do\u011frudan veya dolayl\u0131 olarak payla\u015fmaktan ka\u00e7\u0131n\u0131rlar. Bu madde h\u00fck\u00fcmlerinin ihlali ve e\u011fitim \u00fcr\u00fcnlerinin yay\u0131nlanmas\u0131 veya devredilmesi durumunda, Mojdeh da\u011f\u0131t\u0131m end\u00fcstrisi yasal ve adli kovu\u015fturma hakk\u0131n\u0131 sakl\u0131 tutar ve Mojdeh da\u011f\u0131t\u0131m end\u00fcstrisi avukatlar\u0131 yasal \u015fikayetler \u00fczerine i\u015flem yapacakt\u0131r.<\/p>\n<h3>Madde alt\u0131: Fikri m\u00fclkiyet<\/h3>\n<p>6-1 Sanat Mojdeh da\u011f\u0131t\u0131m sitesinde yer alan yaz\u0131lar, e\u011fitim \u00fcr\u00fcnleri, logo, g\u00f6rseller, sesler, videolar vb. t\u00fcm i\u00e7erikler Sanat Mojdeh da\u011f\u0131t\u0131m \u015firketine ait olup, Mojdeh da\u011f\u0131t\u0131m sekt\u00f6r\u00fcn\u00fcn izni ve izni olmaks\u0131z\u0131n, Hi\u00e7 kimsenin kullanmas\u0131na, kopyalamas\u0131na, \u00e7o\u011faltmas\u0131na izin verilmez veya bahsedilen \u00f6\u011felerin hi\u00e7birine kar\u015f\u0131 herhangi bir yasa d\u0131\u015f\u0131 i\u015flem ve benzeri mevcut de\u011fildir.<\/p>\n<p>6-2 Belirtmekte fayda var ki site i\u00e7eri\u011fi ba\u015fka bir i\u00e7 veya d\u0131\u015f kaynaktan elde ediliyorsa o kayna\u011fa at\u0131fta bulunulmaktad\u0131r.<\/p>\n<h3>Madde Yedi: Sipari\u015fin kaydedilmesi ve g\u00f6nderilmesi<\/h3>\n<p>7-1 Kullan\u0131c\u0131, al\u0131c\u0131 yerin adresini ve posta kodunu tam ve do\u011fru olarak girmeye \u00f6zen g\u00f6stermelidir. Kullan\u0131c\u0131 taraf\u0131ndan beyan edilen adresin yanl\u0131\u015f olmas\u0131 ve \u00fcr\u00fcn\u00fcn al\u0131c\u0131ya ula\u015fmamas\u0131 durumunda Mojdeh Da\u011f\u0131t\u0131m Sanayi&#8217;nin hi\u00e7bir sorumlulu\u011fu yoktur. Fiziksel \u00fcr\u00fcnlerle ilgili olarak, al\u0131c\u0131ya sat\u0131n alma faturas\u0131n\u0131 i\u00e7eren bir e-posta g\u00f6nderilecektir.<\/p>\n<p>7-2 \u00dcr\u00fcnlerin kargoya verilme s\u00fcresi genellikle 3 i\u015f g\u00fcn\u00fc olup, er ya da ge\u00e7 teslim edilebilir. Tatil g\u00fcnlerinde verilen sipari\u015flerin kargoya verilme s\u00fcresi tatilin ilk g\u00fcn\u00fcnden sonra hesaplanacakt\u0131r.<\/p>\n<h5>7-3<\/h5>\n<p>Kullan\u0131c\u0131n\u0131n i\u015flemi ba\u015far\u0131s\u0131z olursa ve kullan\u0131c\u0131n\u0131n hesab\u0131ndan para \u00e7ekilirse, \u00e7ekilen tutar ilgili banka taraf\u0131ndan 72 saat i\u00e7inde otomatik olarak iade edilir.<\/p>\n<h5>7-4<\/h5>\n<p>Kullan\u0131c\u0131, al\u0131\u015fveri\u015f sepetine birden fazla \u00fcr\u00fcn eklemek gibi bir \u00f6deme hatas\u0131 yapt\u0131\u011f\u0131nda, ek para iadesi talebini Majdeh Distribution Company&#8217;ye bildirmek zorundad\u0131r. Kullan\u0131c\u0131n\u0131n Mojdeh Industry Company&#8217;yi bilgilendirdi\u011fi andan itibaren, ilgili fonlar en az 72 saat sonra ve yaln\u0131zca sat\u0131n alma i\u015fleminin yap\u0131ld\u0131\u011f\u0131 hesaba iade edilecektir. Ayn\u0131 kural karttan karta yap\u0131lan al\u0131\u015fveri\u015flerde de hata olmas\u0131 durumunda ge\u00e7erlidir.<\/p>\n<h4>7-5<\/h4>\n<p>Mojdeh da\u011f\u0131t\u0131m end\u00fcstrisi, t\u00fcm \u00fcr\u00fcnleri postaneye tamamen g\u00fcvenli bir \u015fekilde teslim eder.<br \/>Postane de g\u00fcvenlik \u00f6nlemlerini alarak \u00fcr\u00fcnleri var\u0131\u015f noktas\u0131na ula\u015ft\u0131rmay\u0131 taahh\u00fct eder. Ancak g\u00f6nderilen \u00fcr\u00fcn ay\u0131pl\u0131 ise<br \/>Al\u0131c\u0131, gerekli i\u015flemlerin yap\u0131labilmesi i\u00e7in konuyu 7 g\u00fcn i\u00e7inde haber yay\u0131n sekt\u00f6r\u00fcne bildirmek zorundad\u0131r.<\/p>\n<h5>7-6<\/h5>\n<p>Mevcut bir \u00fcr\u00fcn\u00fcn sitede bir hatadan dolay\u0131 duyurulmas\u0131 durumunda<br \/>Bakiye s\u0131f\u0131r ise site sipari\u015fi iptal etme hakk\u0131na sahiptir.<\/p>\n<h6>7-7<\/h6>\n<p>Bir hatadan dolay\u0131 bir \u00fcr\u00fcn\u00fcn fiyat\u0131 daha d\u00fc\u015f\u00fck veya daha y\u00fcksek ilan edilirse, site \u00f6nceki sat\u0131n al\u0131mlar\u0131 iptal ederek sipari\u015fin orijinal fiyattan kaydedilebilmesini sa\u011flayabilir.<\/p>\n<h3>Madde sekiz: Mojdeh da\u011f\u0131t\u0131m end\u00fcstrisi web sitesinde ileti\u015fim kurallar\u0131 ve d\u00fczenlemeleri<\/h3>\n<p>8-1 Kullan\u0131c\u0131, siteye kaydolarak veya sitenin farkl\u0131 b\u00f6l\u00fcmlerine bir e-posta kaydederek veya a\u015fa\u011f\u0131daki gibi di\u011fer ileti\u015fim bilgilerini sa\u011flayarak<\/p>\n<p>Cep telefonu numaras\u0131, siteye uygun g\u00f6rd\u00fc\u011f\u00fc zamanlarda e-posta veya SMS g\u00f6nderme hakk\u0131 verir. Bu e-postalar\u0131 ve SMS&#8217;leri almak zorunlu de\u011fildir. Mojdeh da\u011f\u0131t\u0131m end\u00fcstrisi, kullan\u0131c\u0131n\u0131n bu mesajlar\u0131 istedi\u011fi zaman almamas\u0131n\u0131 sa\u011flar.<\/p>\n<h5>8-2<\/h5>\n<p>Kullan\u0131c\u0131n\u0131n sitede kaydetti\u011fi ileti\u015fim bilgileri, \u00f6rne\u011fin<br \/>\u0130leti\u015fim numaras\u0131, e-posta vb. sitenin tan\u0131d\u0131\u011f\u0131 tek g\u00fcvenilir bilgidir. Mojdeh da\u011f\u0131t\u0131m sanayi t\u00fcm yaz\u0131\u015fma ve takiplerini bu ileti\u015fim bilgileri \u00fczerinden yapmaktad\u0131r. ve di\u011fer ileti\u015fim bilgilerinden kendisini sorumlu g\u00f6rmemektedir.<\/p>\n<h6>8-3<\/h6>\n<p>8-2&#8217;e g\u00f6re bilgilerde herhangi bir de\u011fi\u015fiklik olmas\u0131 durumunda kullan\u0131c\u0131 siteyi bilgilendirmek zorundad\u0131r. Kullan\u0131c\u0131n\u0131n yeni bilgi vermemesi halinde haber yay\u0131nc\u0131l\u0131\u011f\u0131 sekt\u00f6r\u00fcne kar\u015f\u0131 herhangi bir sorumlulu\u011fu olmayacakt\u0131r.<\/p>\n<p>8-4 Kullan\u0131c\u0131, sitenin &#8220;Bize Ula\u015f\u0131n&#8221; sayfas\u0131nda yazan ileti\u015fim y\u00f6ntemleri arac\u0131l\u0131\u011f\u0131yla Mojdeh da\u011f\u0131t\u0131m sanayi ile ileti\u015fim kurabilir.<\/p>\n<h4>8-5<\/h4>\n<p>Majdeh Distribution Industry sadece &#8220;Bize Ula\u015f\u0131n&#8221; sayfas\u0131nda yazan ileti\u015fim numaralar\u0131n\u0131 kullan\u0131r. \u0130lan edilen numaralardan farkl\u0131 bir mesaj al\u0131rsan\u0131z bizimle payla\u015f\u0131n.<br \/>B\u00f6ylece olas\u0131 k\u00f6t\u00fcye kullan\u0131m\u0131 \u00f6nleyebiliriz.<\/p>\n<h3>Dokuzuncu Madde: Yorumlar<\/h3>\n<p>9-1 Kullan\u0131c\u0131, yorum kaydetmenin m\u00fcmk\u00fcn oldu\u011fu sitenin farkl\u0131 b\u00f6l\u00fcmlerinde g\u00f6r\u00fc\u015flerini kaydedebilir.<\/p>\n<p>9-2 Yorumlar Fars\u00e7a yaz\u0131lmal\u0131d\u0131r.<\/p>\n<p>9-3 Yorumlar sadece ayn\u0131 i\u00e7eri\u011fin konusu hakk\u0131nda olmal\u0131 ve<br \/>Kullan\u0131c\u0131n\u0131n dini ve siyasi konular gibi \u00e7e\u015fitli konularda g\u00f6r\u00fc\u015f bildirmesine izin verilmez.<\/p>\n<p>9-4 Kullan\u0131c\u0131n\u0131n ba\u015fka bir ki\u015fi veya ki\u015fileri a\u015fa\u011f\u0131lama veya ba\u015fka birinin haklar\u0131n\u0131n ihlal edildi\u011fini g\u00f6steren g\u00f6r\u00fc\u015f bildirme hakk\u0131 yoktur.<\/p>\n<p>9-5 Site, yorumlarda de\u011fi\u015fiklik ve d\u00fczeltmeler yapabilir veya yay\u0131nlanmas\u0131n\u0131 tamamen engelleyebilir.<\/p>\n<p>9-6 Site uygun g\u00f6rd\u00fc\u011f\u00fc zaman yorumlar\u0131 silebilir veya de\u011fi\u015ftirebilir. \u00d6rne\u011fin, kullan\u0131c\u0131n\u0131n yorumlar\u0131na ki\u015fisel ileti\u015fim bilgileri veya bir ba\u011flant\u0131 eklemesi gibi.<\/p>\n<p>9-7 3-9 ve 4-9 maddelerinin ihlali durumunda, Mojdeh da\u011f\u0131t\u0131m end\u00fcstrisi kullan\u0131c\u0131 hesab\u0131n\u0131 silebilir.<\/p>\n<h3>Madde on: M\u00fccbir sebep<\/h3>\n<p>M\u00fccbir sebep, m\u00fcjde da\u011f\u0131t\u0131m sekt\u00f6r\u00fcn\u00fcn iradesi d\u0131\u015f\u0131nda geli\u015fen d\u0131\u015f kaynakl\u0131 olaylar\u0131 ifade eder.<\/p>\n<h4>Madde 11: \u00dcr\u00fcn satan arac\u0131lar<\/h4>\n<p>Site \u00fcr\u00fcnlerinin sat\u0131\u015f\u0131 konusunda i\u015fbirli\u011fi yapmay\u0131 d\u00fc\u015f\u00fcn\u00fcyorsan\u0131z, talebinizi a\u015fa\u011f\u0131daki adrese kaydetmelisiniz.<br \/>Do\u011fru ve yasal ad\u0131mlar\u0131 konusunda sizleri bilgilendirmek.<\/p>\n<p><\/p>\n","protected":false},"excerpt":{"rendered":"<p>Mojdeh da\u011f\u0131t\u0131m sanayi sitesinin kurallar ve y\u00f6netmelikler sayfas\u0131n\u0131n son g\u00fcncelleme tarihi 11\/22\/2022 H. olup, site kullan\u0131c\u0131lar\u0131n\u0131n 14 g\u00fcne kadar okudu\u011funu ve i\u00e7eri\u011finden tamamen haberdar oldu\u011fu varsay\u0131lmaktad\u0131r. bu tarihten sonra. Mojdeh da\u011f\u0131t\u0131m end\u00fcstrisi daha iyi hizmet verebilmek i\u00e7in sitenin kural ve d\u00fczenlemelerini kesin tarih belirterek g\u00fcncellemek ve de\u011fi\u015fiklik yapmak i\u00e7in harekete ge\u00e7ebilir ve kullan\u0131c\u0131lar\u0131n yap\u0131lan de\u011fi\u015fikliklerden [&hellip;]<\/p>\n","protected":false},"author":3,"featured_media":0,"parent":0,"menu_order":0,"comment_status":"closed","ping_status":"closed","template":"","meta":{"footnotes":""},"class_list":["post-7952","page","type-page","status-publish","hentry"],"yoast_head":"<!-- This site is optimized with the Yoast SEO Premium plugin v20.6 (Yoast SEO v24.7) - https:\/\/yoast.com\/wordpress\/plugins\/seo\/ -->\n<title>Mojdeh da\u011f\u0131t\u0131m end\u00fcstrisinin kurallar\u0131 - M\u00dcJDE DA\u011eITIM SANAYI<\/title>\n<meta name=\"description\" content=\"Mojdeh da\u011f\u0131t\u0131m end\u00fcstrisi web sitesinin kurallar ve d\u00fczenlemeler sayfas\u0131n\u0131n son g\u00fcncelleme tarihi H. 11\/22\/2022&#039;dir ve kullan\u0131c\u0131lar\u0131n de\u011fi\u015fikliklerden tamamen haberdar olmalar\u0131 beklenmektedir.\" \/>\n<meta name=\"robots\" content=\"index, follow, max-snippet:-1, max-image-preview:large, max-video-preview:-1\" \/>\n<link rel=\"canonical\" href=\"https:\/\/mojdeh-food.com\/tr\/mojdeh-dagitim-endustrisinin-kurallari\/\" \/>\n<meta property=\"og:locale\" content=\"tr_TR\" \/>\n<meta property=\"og:type\" content=\"article\" \/>\n<meta property=\"og:title\" content=\"Mojdeh da\u011f\u0131t\u0131m end\u00fcstrisinin kurallar\u0131\" \/>\n<meta property=\"og:description\" content=\"Mojdeh da\u011f\u0131t\u0131m end\u00fcstrisi web sitesinin kurallar ve d\u00fczenlemeler sayfas\u0131n\u0131n son g\u00fcncelleme tarihi H. 11\/22\/2022&#039;dir ve kullan\u0131c\u0131lar\u0131n de\u011fi\u015fikliklerden tamamen haberdar olmalar\u0131 beklenmektedir.\" \/>\n<meta property=\"og:url\" content=\"https:\/\/mojdeh-food.com\/tr\/mojdeh-dagitim-endustrisinin-kurallari\/\" \/>\n<meta property=\"og:site_name\" content=\"M\u00dcJDE DA\u011eITIM SANAYI\" \/>\n<meta property=\"article:publisher\" content=\"https:\/\/www.facebook.com\/mojdehfood\/\" \/>\n<meta property=\"article:modified_time\" content=\"2023-01-29T15:51:03+00:00\" \/>\n<meta name=\"twitter:card\" content=\"summary_large_image\" \/>\n<meta name=\"twitter:label1\" content=\"Tahmini okuma s\u00fcresi\" \/>\n\t<meta name=\"twitter:data1\" content=\"10 dakika\" \/>\n<script type=\"application\/ld+json\" class=\"yoast-schema-graph\">{\"@context\":\"https:\/\/schema.org\",\"@graph\":[{\"@type\":\"WebPage\",\"@id\":\"https:\/\/mojdeh-food.com\/tr\/mojdeh-dagitim-endustrisinin-kurallari\/\",\"url\":\"https:\/\/mojdeh-food.com\/tr\/mojdeh-dagitim-endustrisinin-kurallari\/\",\"name\":\"Mojdeh da\u011f\u0131t\u0131m end\u00fcstrisinin kurallar\u0131 - M\u00dcJDE DA\u011eITIM SANAYI\",\"isPartOf\":{\"@id\":\"https:\/\/mojdeh-food.com\/#website\"},\"datePublished\":\"2022-11-12T08:21:44+00:00\",\"dateModified\":\"2023-01-29T15:51:03+00:00\",\"description\":\"Mojdeh da\u011f\u0131t\u0131m end\u00fcstrisi web sitesinin kurallar ve d\u00fczenlemeler sayfas\u0131n\u0131n son g\u00fcncelleme tarihi H. 11\/22\/2022'dir ve kullan\u0131c\u0131lar\u0131n de\u011fi\u015fikliklerden tamamen haberdar olmalar\u0131 beklenmektedir.\",\"breadcrumb\":{\"@id\":\"https:\/\/mojdeh-food.com\/tr\/mojdeh-dagitim-endustrisinin-kurallari\/#breadcrumb\"},\"inLanguage\":\"tr\",\"potentialAction\":[{\"@type\":\"ReadAction\",\"target\":[\"https:\/\/mojdeh-food.com\/tr\/mojdeh-dagitim-endustrisinin-kurallari\/\"]}]},{\"@type\":\"BreadcrumbList\",\"@id\":\"https:\/\/mojdeh-food.com\/tr\/mojdeh-dagitim-endustrisinin-kurallari\/#breadcrumb\",\"itemListElement\":[{\"@type\":\"ListItem\",\"position\":1,\"name\":\"Ev\",\"item\":\"https:\/\/mojdeh-food.com\/tr\/\"},{\"@type\":\"ListItem\",\"position\":2,\"name\":\"Mojdeh da\u011f\u0131t\u0131m end\u00fcstrisinin kurallar\u0131\"}]},{\"@type\":\"WebSite\",\"@id\":\"https:\/\/mojdeh-food.com\/#website\",\"url\":\"https:\/\/mojdeh-food.com\/\",\"name\":\"M\u00dcJDE DA\u011eITIM SANAYI\",\"description\":\"Hint Pakistan \u0130ran pirincinin toptan sat\u0131\u015f\u0131\",\"publisher\":{\"@id\":\"https:\/\/mojdeh-food.com\/#organization\"},\"potentialAction\":[{\"@type\":\"SearchAction\",\"target\":{\"@type\":\"EntryPoint\",\"urlTemplate\":\"https:\/\/mojdeh-food.com\/?s={search_term_string}\"},\"query-input\":{\"@type\":\"PropertyValueSpecification\",\"valueRequired\":true,\"valueName\":\"search_term_string\"}}],\"inLanguage\":\"tr\"},{\"@type\":\"Organization\",\"@id\":\"https:\/\/mojdeh-food.com\/#organization\",\"name\":\"sanat pakhsh mojdeh\",\"url\":\"https:\/\/mojdeh-food.com\/\",\"logo\":{\"@type\":\"ImageObject\",\"inLanguage\":\"tr\",\"@id\":\"https:\/\/mojdeh-food.com\/#\/schema\/logo\/image\/\",\"url\":\"https:\/\/mojdeh-food.com\/wp-content\/uploads\/2022\/06\/logo.png\",\"contentUrl\":\"https:\/\/mojdeh-food.com\/wp-content\/uploads\/2022\/06\/logo.png\",\"width\":1352,\"height\":657,\"caption\":\"sanat pakhsh mojdeh\"},\"image\":{\"@id\":\"https:\/\/mojdeh-food.com\/#\/schema\/logo\/image\/\"},\"sameAs\":[\"https:\/\/www.facebook.com\/mojdehfood\/\",\"https:\/\/youtube.com\/channel\/UCLKVdP8evkYe7Pnts7MeFvw\",\"https:\/\/www.aparat.com\/mojdehfood\",\"https:\/\/wekhed.ir\/mojdehfood\",\"https:\/\/www.instagram.com\/mojdehfood\"]}]}<\/script>\n<!-- \/ Yoast SEO Premium plugin. -->","yoast_head_json":{"title":"Mojdeh da\u011f\u0131t\u0131m end\u00fcstrisinin kurallar\u0131 - M\u00dcJDE DA\u011eITIM SANAYI","description":"Mojdeh da\u011f\u0131t\u0131m end\u00fcstrisi web sitesinin kurallar ve d\u00fczenlemeler sayfas\u0131n\u0131n son g\u00fcncelleme tarihi H. 11\/22\/2022'dir ve kullan\u0131c\u0131lar\u0131n de\u011fi\u015fikliklerden tamamen haberdar olmalar\u0131 beklenmektedir.","robots":{"index":"index","follow":"follow","max-snippet":"max-snippet:-1","max-image-preview":"max-image-preview:large","max-video-preview":"max-video-preview:-1"},"canonical":"https:\/\/mojdeh-food.com\/tr\/mojdeh-dagitim-endustrisinin-kurallari\/","og_locale":"tr_TR","og_type":"article","og_title":"Mojdeh da\u011f\u0131t\u0131m end\u00fcstrisinin kurallar\u0131","og_description":"Mojdeh da\u011f\u0131t\u0131m end\u00fcstrisi web sitesinin kurallar ve d\u00fczenlemeler sayfas\u0131n\u0131n son g\u00fcncelleme tarihi H. 11\/22\/2022'dir ve kullan\u0131c\u0131lar\u0131n de\u011fi\u015fikliklerden tamamen haberdar olmalar\u0131 beklenmektedir.","og_url":"https:\/\/mojdeh-food.com\/tr\/mojdeh-dagitim-endustrisinin-kurallari\/","og_site_name":"M\u00dcJDE DA\u011eITIM SANAYI","article_publisher":"https:\/\/www.facebook.com\/mojdehfood\/","article_modified_time":"2023-01-29T15:51:03+00:00","twitter_card":"summary_large_image","twitter_misc":{"Tahmini okuma s\u00fcresi":"10 dakika"},"schema":{"@context":"https:\/\/schema.org","@graph":[{"@type":"WebPage","@id":"https:\/\/mojdeh-food.com\/tr\/mojdeh-dagitim-endustrisinin-kurallari\/","url":"https:\/\/mojdeh-food.com\/tr\/mojdeh-dagitim-endustrisinin-kurallari\/","name":"Mojdeh da\u011f\u0131t\u0131m end\u00fcstrisinin kurallar\u0131 - M\u00dcJDE DA\u011eITIM SANAYI","isPartOf":{"@id":"https:\/\/mojdeh-food.com\/#website"},"datePublished":"2022-11-12T08:21:44+00:00","dateModified":"2023-01-29T15:51:03+00:00","description":"Mojdeh da\u011f\u0131t\u0131m end\u00fcstrisi web sitesinin kurallar ve d\u00fczenlemeler sayfas\u0131n\u0131n son g\u00fcncelleme tarihi H. 11\/22\/2022'dir ve kullan\u0131c\u0131lar\u0131n de\u011fi\u015fikliklerden tamamen haberdar olmalar\u0131 beklenmektedir.","breadcrumb":{"@id":"https:\/\/mojdeh-food.com\/tr\/mojdeh-dagitim-endustrisinin-kurallari\/#breadcrumb"},"inLanguage":"tr","potentialAction":[{"@type":"ReadAction","target":["https:\/\/mojdeh-food.com\/tr\/mojdeh-dagitim-endustrisinin-kurallari\/"]}]},{"@type":"BreadcrumbList","@id":"https:\/\/mojdeh-food.com\/tr\/mojdeh-dagitim-endustrisinin-kurallari\/#breadcrumb","itemListElement":[{"@type":"ListItem","position":1,"name":"Ev","item":"https:\/\/mojdeh-food.com\/tr\/"},{"@type":"ListItem","position":2,"name":"Mojdeh da\u011f\u0131t\u0131m end\u00fcstrisinin kurallar\u0131"}]},{"@type":"WebSite","@id":"https:\/\/mojdeh-food.com\/#website","url":"https:\/\/mojdeh-food.com\/","name":"M\u00dcJDE DA\u011eITIM SANAYI","description":"Hint Pakistan \u0130ran pirincinin toptan sat\u0131\u015f\u0131","publisher":{"@id":"https:\/\/mojdeh-food.com\/#organization"},"potentialAction":[{"@type":"SearchAction","target":{"@type":"EntryPoint","urlTemplate":"https:\/\/mojdeh-food.com\/?s={search_term_string}"},"query-input":{"@type":"PropertyValueSpecification","valueRequired":true,"valueName":"search_term_string"}}],"inLanguage":"tr"},{"@type":"Organization","@id":"https:\/\/mojdeh-food.com\/#organization","name":"sanat pakhsh mojdeh","url":"https:\/\/mojdeh-food.com\/","logo":{"@type":"ImageObject","inLanguage":"tr","@id":"https:\/\/mojdeh-food.com\/#\/schema\/logo\/image\/","url":"https:\/\/mojdeh-food.com\/wp-content\/uploads\/2022\/06\/logo.png","contentUrl":"https:\/\/mojdeh-food.com\/wp-content\/uploads\/2022\/06\/logo.png","width":1352,"height":657,"caption":"sanat pakhsh mojdeh"},"image":{"@id":"https:\/\/mojdeh-food.com\/#\/schema\/logo\/image\/"},"sameAs":["https:\/\/www.facebook.com\/mojdehfood\/","https:\/\/youtube.com\/channel\/UCLKVdP8evkYe7Pnts7MeFvw","https:\/\/www.aparat.com\/mojdehfood","https:\/\/wekhed.ir\/mojdehfood","https:\/\/www.instagram.com\/mojdehfood"]}]}},"_links":{"self":[{"href":"https:\/\/mojdeh-food.com\/tr\/wp-json\/wp\/v2\/pages\/7952","targetHints":{"allow":["GET"]}}],"collection":[{"href":"https:\/\/mojdeh-food.com\/tr\/wp-json\/wp\/v2\/pages"}],"about":[{"href":"https:\/\/mojdeh-food.com\/tr\/wp-json\/wp\/v2\/types\/page"}],"author":[{"embeddable":true,"href":"https:\/\/mojdeh-food.com\/tr\/wp-json\/wp\/v2\/users\/3"}],"replies":[{"embeddable":true,"href":"https:\/\/mojdeh-food.com\/tr\/wp-json\/wp\/v2\/comments?post=7952"}],"version-history":[{"count":1,"href":"https:\/\/mojdeh-food.com\/tr\/wp-json\/wp\/v2\/pages\/7952\/revisions"}],"predecessor-version":[{"id":7977,"href":"https:\/\/mojdeh-food.com\/tr\/wp-json\/wp\/v2\/pages\/7952\/revisions\/7977"}],"wp:attachment":[{"href":"https:\/\/mojdeh-food.com\/tr\/wp-json\/wp\/v2\/media?parent=7952"}],"curies":[{"name":"wp","href":"https:\/\/api.w.org\/{rel}","templated":true}]}}