{"id":7055,"date":"2021-01-31T09:33:02","date_gmt":"2021-01-31T06:03:02","guid":{"rendered":"https:\/\/mojdeh-food.com\/kullanici-hesabim\/"},"modified":"2022-11-03T12:07:25","modified_gmt":"2022-11-03T08:37:25","slug":"kullanici-hesabim","status":"publish","type":"page","link":"https:\/\/mojdeh-food.com\/tr\/kullanici-hesabim\/","title":{"rendered":"kullan\u0131c\u0131 hesab\u0131m"},"content":{"rendered":"<div class=\"woocommerce\"><\/div>","protected":false},"excerpt":{"rendered":"","protected":false},"author":3,"featured_media":0,"parent":0,"menu_order":0,"comment_status":"closed","ping_status":"closed","template":"","meta":{"footnotes":""},"class_list":["post-7055","page","type-page","status-publish","hentry"],"yoast_head":"<!-- This site is optimized with the Yoast SEO Premium plugin v20.6 (Yoast SEO v24.7) - https:\/\/yoast.com\/wordpress\/plugins\/seo\/ -->\n<title>kullan\u0131c\u0131 hesab\u0131m - M\u00dcJDE DA\u011eITIM SANAYI<\/title>\n<meta name=\"robots\" content=\"noindex, nofollow\" \/>\n<meta property=\"og:locale\" content=\"tr_TR\" \/>\n<meta property=\"og:type\" content=\"article\" \/>\n<meta property=\"og:title\" content=\"kullan\u0131c\u0131 hesab\u0131m\" \/>\n<meta property=\"og:url\" content=\"https:\/\/mojdeh-food.com\/tr\/kullanici-hesabim\/\" \/>\n<meta property=\"og:site_name\" content=\"M\u00dcJDE DA\u011eITIM SANAYI\" \/>\n<meta property=\"article:publisher\" content=\"https:\/\/www.facebook.com\/mojdehfood\/\" \/>\n<meta property=\"article:modified_time\" content=\"2022-11-03T08:37:25+00:00\" \/>\n<meta name=\"twitter:card\" content=\"summary_large_image\" \/>\n<script type=\"application\/ld+json\" class=\"yoast-schema-graph\">{\"@context\":\"https:\/\/schema.org\",\"@graph\":[{\"@type\":\"WebPage\",\"@id\":\"https:\/\/mojdeh-food.com\/tr\/kullanici-hesabim\/\",\"url\":\"https:\/\/mojdeh-food.com\/tr\/kullanici-hesabim\/\",\"name\":\"kullan\u0131c\u0131 hesab\u0131m - M\u00dcJDE DA\u011eITIM SANAYI\",\"isPartOf\":{\"@id\":\"https:\/\/mojdeh-food.com\/#website\"},\"datePublished\":\"2021-01-31T06:03:02+00:00\",\"dateModified\":\"2022-11-03T08:37:25+00:00\",\"breadcrumb\":{\"@id\":\"https:\/\/mojdeh-food.com\/tr\/kullanici-hesabim\/#breadcrumb\"},\"inLanguage\":\"tr\",\"potentialAction\":[{\"@type\":\"ReadAction\",\"target\":[\"https:\/\/mojdeh-food.com\/tr\/kullanici-hesabim\/\"]}]},{\"@type\":\"BreadcrumbList\",\"@id\":\"https:\/\/mojdeh-food.com\/tr\/kullanici-hesabim\/#breadcrumb\",\"itemListElement\":[{\"@type\":\"ListItem\",\"position\":1,\"name\":\"Ev\",\"item\":\"https:\/\/mojdeh-food.com\/tr\/\"},{\"@type\":\"ListItem\",\"position\":2,\"name\":\"kullan\u0131c\u0131 hesab\u0131m\"}]},{\"@type\":\"WebSite\",\"@id\":\"https:\/\/mojdeh-food.com\/#website\",\"url\":\"https:\/\/mojdeh-food.com\/\",\"name\":\"M\u00dcJDE DA\u011eITIM SANAYI\",\"description\":\"Hint Pakistan \u0130ran pirincinin toptan sat\u0131\u015f\u0131\",\"publisher\":{\"@id\":\"https:\/\/mojdeh-food.com\/#organization\"},\"potentialAction\":[{\"@type\":\"SearchAction\",\"target\":{\"@type\":\"EntryPoint\",\"urlTemplate\":\"https:\/\/mojdeh-food.com\/?s={search_term_string}\"},\"query-input\":{\"@type\":\"PropertyValueSpecification\",\"valueRequired\":true,\"valueName\":\"search_term_string\"}}],\"inLanguage\":\"tr\"},{\"@type\":\"Organization\",\"@id\":\"https:\/\/mojdeh-food.com\/#organization\",\"name\":\"sanat pakhsh mojdeh\",\"url\":\"https:\/\/mojdeh-food.com\/\",\"logo\":{\"@type\":\"ImageObject\",\"inLanguage\":\"tr\",\"@id\":\"https:\/\/mojdeh-food.com\/#\/schema\/logo\/image\/\",\"url\":\"https:\/\/mojdeh-food.com\/wp-content\/uploads\/2022\/06\/logo.png\",\"contentUrl\":\"https:\/\/mojdeh-food.com\/wp-content\/uploads\/2022\/06\/logo.png\",\"width\":1352,\"height\":657,\"caption\":\"sanat pakhsh mojdeh\"},\"image\":{\"@id\":\"https:\/\/mojdeh-food.com\/#\/schema\/logo\/image\/\"},\"sameAs\":[\"https:\/\/www.facebook.com\/mojdehfood\/\",\"https:\/\/youtube.com\/channel\/UCLKVdP8evkYe7Pnts7MeFvw\",\"https:\/\/www.aparat.com\/mojdehfood\",\"https:\/\/wekhed.ir\/mojdehfood\",\"https:\/\/www.instagram.com\/mojdehfood\"]}]}<\/script>\n<!-- \/ Yoast SEO Premium plugin. -->","yoast_head_json":{"title":"kullan\u0131c\u0131 hesab\u0131m - M\u00dcJDE DA\u011eITIM SANAYI","robots":{"index":"noindex","follow":"nofollow"},"og_locale":"tr_TR","og_type":"article","og_title":"kullan\u0131c\u0131 hesab\u0131m","og_url":"https:\/\/mojdeh-food.com\/tr\/kullanici-hesabim\/","og_site_name":"M\u00dcJDE DA\u011eITIM SANAYI","article_publisher":"https:\/\/www.facebook.com\/mojdehfood\/","article_modified_time":"2022-11-03T08:37:25+00:00","twitter_card":"summary_large_image","schema":{"@context":"https:\/\/schema.org","@graph":[{"@type":"WebPage","@id":"https:\/\/mojdeh-food.com\/tr\/kullanici-hesabim\/","url":"https:\/\/mojdeh-food.com\/tr\/kullanici-hesabim\/","name":"kullan\u0131c\u0131 hesab\u0131m - M\u00dcJDE DA\u011eITIM SANAYI","isPartOf":{"@id":"https:\/\/mojdeh-food.com\/#website"},"datePublished":"2021-01-31T06:03:02+00:00","dateModified":"2022-11-03T08:37:25+00:00","breadcrumb":{"@id":"https:\/\/mojdeh-food.com\/tr\/kullanici-hesabim\/#breadcrumb"},"inLanguage":"tr","potentialAction":[{"@type":"ReadAction","target":["https:\/\/mojdeh-food.com\/tr\/kullanici-hesabim\/"]}]},{"@type":"BreadcrumbList","@id":"https:\/\/mojdeh-food.com\/tr\/kullanici-hesabim\/#breadcrumb","itemListElement":[{"@type":"ListItem","position":1,"name":"Ev","item":"https:\/\/mojdeh-food.com\/tr\/"},{"@type":"ListItem","position":2,"name":"kullan\u0131c\u0131 hesab\u0131m"}]},{"@type":"WebSite","@id":"https:\/\/mojdeh-food.com\/#website","url":"https:\/\/mojdeh-food.com\/","name":"M\u00dcJDE DA\u011eITIM SANAYI","description":"Hint Pakistan \u0130ran pirincinin toptan sat\u0131\u015f\u0131","publisher":{"@id":"https:\/\/mojdeh-food.com\/#organization"},"potentialAction":[{"@type":"SearchAction","target":{"@type":"EntryPoint","urlTemplate":"https:\/\/mojdeh-food.com\/?s={search_term_string}"},"query-input":{"@type":"PropertyValueSpecification","valueRequired":true,"valueName":"search_term_string"}}],"inLanguage":"tr"},{"@type":"Organization","@id":"https:\/\/mojdeh-food.com\/#organization","name":"sanat pakhsh mojdeh","url":"https:\/\/mojdeh-food.com\/","logo":{"@type":"ImageObject","inLanguage":"tr","@id":"https:\/\/mojdeh-food.com\/#\/schema\/logo\/image\/","url":"https:\/\/mojdeh-food.com\/wp-content\/uploads\/2022\/06\/logo.png","contentUrl":"https:\/\/mojdeh-food.com\/wp-content\/uploads\/2022\/06\/logo.png","width":1352,"height":657,"caption":"sanat pakhsh mojdeh"},"image":{"@id":"https:\/\/mojdeh-food.com\/#\/schema\/logo\/image\/"},"sameAs":["https:\/\/www.facebook.com\/mojdehfood\/","https:\/\/youtube.com\/channel\/UCLKVdP8evkYe7Pnts7MeFvw","https:\/\/www.aparat.com\/mojdehfood","https:\/\/wekhed.ir\/mojdehfood","https:\/\/www.instagram.com\/mojdehfood"]}]}},"_links":{"self":[{"href":"https:\/\/mojdeh-food.com\/tr\/wp-json\/wp\/v2\/pages\/7055","targetHints":{"allow":["GET"]}}],"collection":[{"href":"https:\/\/mojdeh-food.com\/tr\/wp-json\/wp\/v2\/pages"}],"about":[{"href":"https:\/\/mojdeh-food.com\/tr\/wp-json\/wp\/v2\/types\/page"}],"author":[{"embeddable":true,"href":"https:\/\/mojdeh-food.com\/tr\/wp-json\/wp\/v2\/users\/3"}],"replies":[{"embeddable":true,"href":"https:\/\/mojdeh-food.com\/tr\/wp-json\/wp\/v2\/comments?post=7055"}],"version-history":[{"count":1,"href":"https:\/\/mojdeh-food.com\/tr\/wp-json\/wp\/v2\/pages\/7055\/revisions"}],"predecessor-version":[{"id":7056,"href":"https:\/\/mojdeh-food.com\/tr\/wp-json\/wp\/v2\/pages\/7055\/revisions\/7056"}],"wp:attachment":[{"href":"https:\/\/mojdeh-food.com\/tr\/wp-json\/wp\/v2\/media?parent=7055"}],"curies":[{"name":"wp","href":"https:\/\/api.w.org\/{rel}","templated":true}]}}